{"id":19477,"date":"2025-12-06T22:53:02","date_gmt":"2025-12-06T15:53:02","guid":{"rendered":"https:\/\/trao.com.vn\/?post_type=product&#038;p=19477"},"modified":"2026-01-19T15:51:01","modified_gmt":"2026-01-19T08:51:01","slug":"combo-thieu-nhi-40-phong-bao-hat-giong-10-loai-hat","status":"publish","type":"product","link":"https:\/\/trao.com.vn\/en\/product-2\/combo-thieu-nhi-40-phong-bao-hat-giong-10-loai-hat\/","title":{"rendered":"Combo Thi\u1ebfu nhi 40 phong bao h\u1ea1t gi\u1ed1ng (10 lo\u1ea1i h\u1ea1t)"},"content":{"rendered":"<div class=\"H1AvN cell\">\n<div dir=\"ltr\">\n<section class=\"_2RbVQ\" data-hook=\"description-wrapper\">\n<div class=\"_3nbVj\">\n<div class=\"_3cRjW\" data-hook=\"content-wrapper\">\n<div class=\"H1AvN cell\">\n<div dir=\"ltr\">\n<section class=\"_2RbVQ\" data-hook=\"description-wrapper\">\n<div class=\"_3nbVj\">\n<div class=\"_3cRjW\" data-hook=\"content-wrapper\">\n<div class=\"H1AvN cell\">\n<div dir=\"ltr\">\n<section class=\"_2RbVQ\" data-hook=\"description-wrapper\">\n<div class=\"_3nbVj\">\n<div class=\"_3cRjW\" data-hook=\"content-wrapper\">\n<div class=\"H1AvN cell\">\n<div dir=\"ltr\">\n<section class=\"_2RbVQ\" data-hook=\"description-wrapper\">\n<div class=\"_3nbVj\">\n<div class=\"_3cRjW\" data-hook=\"content-wrapper\">\n<p style=\"text-align: center;\"><em>Through the Seeds, Gieo tells the story of sowing <span style=\"color: #008000;\"><strong>wonders for you<\/strong><\/span>. From there, the seed becomes <span style=\"color: #008000;\"><strong>the most economical gift<\/strong><\/span> but also <strong><span style=\"color: #008000;\">the most unforgettable one<\/span><\/strong> that you can give to someone.\u00a0<\/em><\/p>\n<p style=\"text-align: center;\"><iframe loading=\"lazy\" title=\"YouTube video player\" src=\"https:\/\/www.youtube.com\/embed\/LdIgQg0PodQ?si=KAGyOU6DqWnYc61H\" width=\"700\" height=\"393,75\" frameborder=\"0\" allowfullscreen=\"allowfullscreen\" data-mce-fragment=\"1\"><span data-mce-type=\"bookmark\" style=\"display: inline-block; width: 0px; overflow: hidden; line-height: 0;\" class=\"mce_SELRES_start\"><\/span><\/iframe><\/p>\n<div class=\"_3cRjW\" data-hook=\"content-wrapper\">\n<p><strong style=\"color: #008000;\">A &#8211; TH\u00c0NH PH\u1ea6N S\u1ea2N PH\u1ea8M COMBO 40 PHONG BAO H\u1ea0T GI\u1ed0NG<\/strong>: G\u1ed3m c\u00f3 10 lo\u1ea1i th\u00f4ng \u0111i\u1ec7p. Trong \u0111\u00f3, b\u00e9 h\u1ea1t \u00d4 La La h\u00f3a th\u00e2n th\u00e0nh c\u00e1c b\u00e9 th\u00fa m\u1eddi c\u00e1c b\u1ea1n nh\u1ecf v\u00e0o khu v\u01b0\u1eddn c\u1ee7a m\u00ecnh:<\/p>\n<\/div>\n<ol>\n<li><strong>Gieo \u0110o\u00e0n k\u1ebft:<\/strong> b\u00e9 Chim b\u1ed3 c\u00e2u<\/li>\n<li><strong>Gieo Nh\u00e2n \u00e1i:<\/strong> b\u00e9 C\u00fan xinh<\/li>\n<li><strong>Gieo xu\u1ea5t s\u1eafc:<\/strong> b\u00e9 H\u01b0\u01a1u cao c\u1ed5<\/li>\n<li><strong>Gieo Hi\u1ebfu h\u1ecdc:<\/strong> b\u00e9 B\u1ea1ch tu\u1ed9c<\/li>\n<li><strong>Gieo D\u1ec5 th\u01b0\u01a1ng:<\/strong> b\u00e9 Miu miu<\/li>\n<li><strong>Gieo H\u1ed3n nhi\u00ean:<\/strong> b\u00e9 Kh\u1ee7ng long<\/li>\n<li><strong>Gieo C\u1ea7n c\u00f9:<\/strong> b\u00e9 ong<\/li>\n<li><strong>Gieo N\u1ee5 c\u01b0\u1eddi:<\/strong> b\u00e9 Tr\u00e2u<\/li>\n<li><strong>Gieo Kh\u1ecfe m\u1ea1nh:<\/strong> b\u00e9 Voi<\/li>\n<li><strong>Gieo T\u1ef1 tin:<\/strong> b\u00e9 S\u01b0 t\u1eed<\/li>\n<\/ol>\n<div class=\"_3cRjW\" data-hook=\"content-wrapper\">\n<p>Each seed envelope (Dimensions: 8.5 x 8.5 cm) will contain the following:<\/p>\n<\/div>\n<div class=\"_3cRjW\" data-hook=\"content-wrapper\">\n<ol>\n<li><em>Paper envelope<span style=\"color: #339966;\">\u00a0<span style=\"color: #008000;\"><strong>(no plastic components)<\/strong><\/span><\/span><\/em><\/li>\n<li><em><span style=\"color: #008000;\"><strong>Wonder Handbook<\/strong>:<\/span> g\u1ed3m c\u00f3 h\u01b0\u1edbng d\u1eabn gieo h\u1ea1t v\u00e0 gieo c\u1ea3 nh\u1eefng \u0111i\u1ec1u k\u1ef3 di\u1ec7u<\/em><\/li>\n<li><span style=\"color: #008000;\"><strong><em>Paper for writing dreams and fears<\/em><\/strong><\/span><\/li>\n<li><em>M\u1ed9t t\u00fai \u0111\u1ef1ng h\u1ea1t gi\u1ed1ng v\u1edbi\u00a0<span style=\"color: #008000;\"><strong>3 lo\u1ea1i h\u1ea1t b\u00ed m\u1eadt<\/strong>\u00a0<\/span>(v\u1edbi \u0111\u1ee7 s\u1ef1 ch\u0103m s\u00f3c b\u1ea1n s\u1ebd bi\u1ebft t\u00ean c\u00e2y khi c\u00e2y ra hoa)\u00a0<\/em><\/li>\n<\/ol>\n<p><span style=\"color: #008000;\"><strong>Warranty:<\/strong><\/span><\/p>\n<ul>\n<li>Gieo's seeds are carefully selected for a high germination rate. Gieo also includes an extra surprise seed pouch in each envelope. However, if some seeds are too \"sleepy\" and forget to germinate, you can still contact Gieo to send you new ones.<\/li>\n<li>Gieo commits to providing the full number of messages as specified in each combo. In case an item is out of stock, Gieo will automatically upgrade your order to a more premium envelope version.<\/li>\n<\/ul>\n<p><span style=\"color: #008000;\"><strong>Note:<\/strong> <\/span>Price does not include VAT.<\/p>\n<p><span style=\"color: #008000;\"><strong>Product origin:<\/strong> <\/span>Vietnam<\/p>\n<\/div>\n<div class=\"_3cRjW\" data-hook=\"content-wrapper\">\n<p><span style=\"color: #008000;\"><strong>B - THE STORY OF SOWING WONDERS<\/strong><\/span><\/p>\n<p>Each Gieo product includes a <strong><span style=\"color: #008000;\">wonder handbook<\/span><\/strong>. This handbook introduces <strong><span style=\"color: #008000;\">steps to sow seeds<\/span> <\/strong>and, at the same time, sow wonders. These 8 steps are also the <span style=\"color: #008000;\"><strong>journey of blossoming<\/strong> <\/span>for a seed or a dream.<\/p>\n<p><span style=\"color: #008000;\"><strong>Do you want to give a wonder?<\/strong><\/span> You can wish for someone's deepest desire to come true by giving them a seed. Then, invite them to sow the seed and the dream within them, and let that dream sprout and grow.<em> My dear friend, this is how all wonders are created. <\/em><span style=\"color: #333333; font-family: arial, helvetica, sans-serif; font-size: 100%;\">\u00a0<\/span><\/p>\n<\/div>\n<\/div>\n<\/div>\n<\/section>\n<\/div>\n<\/div>\n<p style=\"text-align: center;\"><iframe loading=\"lazy\" title=\"YouTube video player\" src=\"https:\/\/www.youtube.com\/embed\/8ti1KQ9lYuI?si=KrMSdLWKC27iusdF\" width=\"700\" height=\"393,75\" frameborder=\"0\" allowfullscreen=\"allowfullscreen\" data-mce-fragment=\"1\"><span data-mce-type=\"bookmark\" style=\"display: inline-block; width: 0px; overflow: hidden; line-height: 0;\" class=\"mce_SELRES_start\"><\/span><span data-mce-type=\"bookmark\" style=\"display: inline-block; width: 0px; overflow: hidden; line-height: 0;\" class=\"mce_SELRES_start\"><\/span><\/iframe><\/p>\n<p><span style=\"color: #008000;\"><strong>C - FOR BUSINESSES AND SCHOOLS\u00a0<\/strong><\/span><\/p>\n<p>Gieo can personalize Seed Gifts according to your<em><span style=\"color: #008000;\"><strong> story, dreams<\/strong><\/span><\/em> and <strong><em><span style=\"color: #008000;\">your budget<\/span> <\/em><\/strong>. Please contact Gieo for consultation: <strong><span style=\"color: #008000;\">0904.907.252<\/span><\/strong><\/p>\n<p><img loading=\"lazy\" decoding=\"async\" class=\"wp-image-12124 aligncenter\" src=\"https:\/\/trao.com.vn\/wp-content\/uploads\/2022\/06\/logo@4x-100-scaled.jpg\" alt=\"\" width=\"876\" height=\"331\" title=\"\" srcset=\"https:\/\/trao.com.vn\/wp-content\/uploads\/2022\/06\/logo@4x-100-scaled.jpg 2560w, https:\/\/trao.com.vn\/wp-content\/uploads\/2022\/06\/logo@4x-100-800x302.jpg 800w, https:\/\/trao.com.vn\/wp-content\/uploads\/2022\/06\/logo@4x-100-1400x529.jpg 1400w, https:\/\/trao.com.vn\/wp-content\/uploads\/2022\/06\/logo@4x-100-768x290.jpg 768w, https:\/\/trao.com.vn\/wp-content\/uploads\/2022\/06\/logo@4x-100-1536x580.jpg 1536w, https:\/\/trao.com.vn\/wp-content\/uploads\/2022\/06\/logo@4x-100-2048x774.jpg 2048w, https:\/\/trao.com.vn\/wp-content\/uploads\/2022\/06\/logo@4x-100-600x227.jpg 600w\" sizes=\"auto, (max-width: 876px) 100vw, 876px\" \/><\/p>\n<p style=\"text-align: center;\"><em>Many reputable businesses have chosen Gieo's products for their gifting programs.\u00a0<\/em><\/p>\n<\/div>\n<\/div>\n<\/section>\n<\/div>\n<\/div>\n<\/div>\n<\/div>\n<\/section>\n<\/div>\n<\/div>\n<\/div>\n<\/div>\n<\/section>\n<\/div>\n<\/div>","protected":false},"excerpt":{"rendered":"<p>A more economical option when you purchase seed gift products.<\/p>","protected":false},"featured_media":19476,"comment_status":"closed","ping_status":"closed","template":"","meta":[],"product_brand":[],"product_cat":[263,240],"product_tag":[],"class_list":{"0":"post-19477","1":"product","2":"type-product","3":"status-publish","4":"has-post-thumbnail","6":"product_cat-combo-phong-bao-hat-giong","7":"product_cat-phong-bao-hat-giong","9":"first","10":"instock","11":"sale","12":"taxable","13":"shipping-taxable","14":"purchasable","15":"product-type-simple"},"_links":{"self":[{"href":"https:\/\/trao.com.vn\/en\/wp-json\/wp\/v2\/product\/19477","targetHints":{"allow":["GET"]}}],"collection":[{"href":"https:\/\/trao.com.vn\/en\/wp-json\/wp\/v2\/product"}],"about":[{"href":"https:\/\/trao.com.vn\/en\/wp-json\/wp\/v2\/types\/product"}],"replies":[{"embeddable":true,"href":"https:\/\/trao.com.vn\/en\/wp-json\/wp\/v2\/comments?post=19477"}],"wp:featuredmedia":[{"embeddable":true,"href":"https:\/\/trao.com.vn\/en\/wp-json\/wp\/v2\/media\/19476"}],"wp:attachment":[{"href":"https:\/\/trao.com.vn\/en\/wp-json\/wp\/v2\/media?parent=19477"}],"wp:term":[{"taxonomy":"product_brand","embeddable":true,"href":"https:\/\/trao.com.vn\/en\/wp-json\/wp\/v2\/product_brand?post=19477"},{"taxonomy":"product_cat","embeddable":true,"href":"https:\/\/trao.com.vn\/en\/wp-json\/wp\/v2\/product_cat?post=19477"},{"taxonomy":"product_tag","embeddable":true,"href":"https:\/\/trao.com.vn\/en\/wp-json\/wp\/v2\/product_tag?post=19477"}],"curies":[{"name":"wp","href":"https:\/\/api.w.org\/{rel}","templated":true}]}}