{"id":19427,"date":"2025-11-29T08:53:46","date_gmt":"2025-11-29T01:53:46","guid":{"rendered":"https:\/\/trao.com.vn\/?post_type=product&#038;p=19427"},"modified":"2026-01-19T15:51:53","modified_gmt":"2026-01-19T08:51:53","slug":"bo-kit-gieo-hat-gieo-hieu-hoc-3-loai-hat-bi-mat","status":"publish","type":"product","link":"https:\/\/trao.com.vn\/en\/product-2\/bo-kit-gieo-hat-gieo-hieu-hoc-3-loai-hat-bi-mat\/","title":{"rendered":"B\u1ed9 kit gieo h\u1ea1t &#8211; Gieo hi\u1ebfu h\u1ecdc &#8211; 3 lo\u1ea1i h\u1ea1t b\u00ed m\u1eadt"},"content":{"rendered":"<div class=\"H1AvN cell\">\n<div dir=\"ltr\">\n<section class=\"_2RbVQ\" data-hook=\"description-wrapper\">\n<div class=\"_3nbVj\">\n<div class=\"_3cRjW\" data-hook=\"content-wrapper\">\n<div class=\"H1AvN cell\">\n<div dir=\"ltr\">\n<section class=\"_2RbVQ\" data-hook=\"description-wrapper\">\n<div class=\"_3nbVj\">\n<div class=\"_3cRjW\" data-hook=\"content-wrapper\">\n<div class=\"H1AvN cell\">\n<div dir=\"ltr\">\n<section class=\"_2RbVQ\" data-hook=\"description-wrapper\">\n<div class=\"_3nbVj\">\n<div class=\"_3cRjW\" data-hook=\"content-wrapper\">\n<div class=\"H1AvN cell\">\n<div dir=\"ltr\">\n<section class=\"_2RbVQ\" data-hook=\"description-wrapper\">\n<div class=\"_3nbVj\">\n<div class=\"_3cRjW\" data-hook=\"content-wrapper\">\n<div class=\"H1AvN cell\">\n<div dir=\"ltr\">\n<section class=\"_2RbVQ\" data-hook=\"description-wrapper\">\n<div class=\"_3nbVj\">\n<div class=\"_3cRjW\" data-hook=\"content-wrapper\">\n<div class=\"H1AvN cell\">\n<div dir=\"ltr\">\n<section class=\"_2RbVQ\" data-hook=\"description-wrapper\">\n<div class=\"_3nbVj\">\n<div class=\"_3cRjW\" data-hook=\"content-wrapper\">\n<div class=\"H1AvN cell\">\n<div dir=\"ltr\">\n<section class=\"_2RbVQ\" data-hook=\"description-wrapper\">\n<div class=\"_3nbVj\">\n<div class=\"_3cRjW\" data-hook=\"content-wrapper\">\n<div class=\"H1AvN cell\">\n<div dir=\"ltr\">\n<section class=\"_2RbVQ\" data-hook=\"description-wrapper\">\n<div class=\"_3nbVj\">\n<div class=\"_3cRjW\" data-hook=\"content-wrapper\">\n<div class=\"H1AvN cell\">\n<div dir=\"ltr\">\n<section class=\"_2RbVQ\" data-hook=\"description-wrapper\">\n<div class=\"_3nbVj\">\n<div class=\"_3cRjW\" data-hook=\"content-wrapper\">\n<p style=\"text-align: center;\"><em>Through the Seeds, Gieo tells the story of sowing <span style=\"color: #008000;\"><strong>wonders for you<\/strong><\/span>. From there, the seed becomes <span style=\"color: #008000;\"><strong>the most economical gift<\/strong><\/span> but also <strong><span style=\"color: #008000;\">the most unforgettable one<\/span><\/strong> that you can give to someone.\u00a0<\/em><\/p>\n<p style=\"text-align: center;\"><iframe loading=\"lazy\" title=\"YouTube video player\" src=\"https:\/\/www.youtube.com\/embed\/LdIgQg0PodQ?si=KAGyOU6DqWnYc61H\" width=\"700\" height=\"393,75\" frameborder=\"0\" allowfullscreen=\"allowfullscreen\" data-mce-fragment=\"1\"><span data-mce-type=\"bookmark\" style=\"display: inline-block; width: 0px; overflow: hidden; line-height: 0;\" class=\"mce_SELRES_start\"><\/span><\/iframe><\/p>\n<div class=\"_3cRjW\" data-hook=\"content-wrapper\">\n<p><em>M\u1ed7i B\u1ed9 kit Gieo h\u1ea1t phi\u00ean b\u1ea3n thi\u1ebfu nhi l\u00e0 m\u1ed9t h\u00e0nh tr\u00ecnh tr\u1ea3i nghi\u1ec7m v\u1edbi c\u00e1c b\u1ea1n thi\u1ebfu nhi v\u00e0 c\u1ea3 nh\u1eefng b\u1ea1n l\u1edbn mu\u1ed1n l\u00e0m thi\u1ebfu nhi. B\u00ean c\u1ea1nh c\u00e1c tr\u1ea3i nghi\u1ec7m gieo tr\u1ed3ng v\u00e0 t\u00e1i k\u1ebft n\u1ed1i v\u1edbi h\u1ea1t gi\u1ed1ng h\u1ea1nh ph\u00fac trong m\u00ecnh, b\u1ea1n c\u00f2n c\u00f3 th\u1ec3 s\u1eed d\u1ee5ng \u00f3c s\u00e1ng t\u1ea1o \u0111\u1ec3 t\u00e1i ch\u1ebf v\u00e0 gi\u00fap nh\u1eefng chi\u1ebfc h\u1ed9p \u0111\u1ef1ng carton c\u00f3 m\u1ed9t &#8216;cu\u1ed9c \u0111\u1eddi&#8217; m\u1edbi.\u00a0<\/em><\/p>\n<p><strong style=\"color: #008000;\">A \u2013 PRODUCT COMPONENTS OF THE SEED SOWING KIT<\/strong>:<\/p>\n<\/div>\n<div class=\"_3cRjW\" data-hook=\"content-wrapper\">\n<ol>\n<li><span style=\"color: #008000;\"><strong>H\u1ed9p Kraft tr\u1eafng c\u1ee9ng c\u00e1p<\/strong><\/span> (9 x 9 x 10 cm) v\u1edbi 4 m\u1eb7t l\u00e0 b\u1ee9c tranh t\u00f4 m\u00e0u<\/li>\n<li><span style=\"color: #008000;\"><strong>Box sleeve <\/strong><\/span>(9 x 38 cm)\n<ul>\n<li><em>Front introduces information and story<\/em><\/li>\n<li><em>M\u1eb7t sau l\u00e0 c\u00e1c \u0111\u01b0\u1eddng c\u1eaft d\u00e1n trang tr\u00ed \u0111\u1ec3 l\u00e0m g\u00f3c kh\u00e9o tay cho b\u00e9\u00a0<\/em><\/li>\n<\/ul>\n<\/li>\n<li><span style=\"color: #008000;\"><strong>Seed Packets <\/strong><\/span>(8.5 x 8.5 cm) includes:\n<ul>\n<li><em>Phong bao gi\u1ea5y \u0111\u01b0\u1ee3c c\u00e0i l\u1ea1i nh\u01b0 nh\u1eefng t\u00e1n c\u00e2y \u0111\u1ec3 khi m\u1edf ra s\u1ebd l\u00e0 m\u1ed9t b\u1ea1n &#8216;th\u00fa c\u01b0ng&#8217; b\u1ea5t ng\u1edd ch\u00e0o \u0111\u00f3n\u00a0<\/em><\/li>\n<li><em>Wonder Handbook: contains instructions for sowing seeds and sowing wonders<\/em><\/li>\n<li><em>Paper for writing dreams and fears<\/em><\/li>\n<li><em>1 t\u00fai \u0111\u1ef1ng 3 lo\u1ea1i h\u1ea1t gi\u1ed1ng b\u00ed m\u1eadt (v\u1edbi \u0111\u1ee7 s\u1ef1 ch\u0103m s\u00f3c, b\u1ea1n s\u1ebd bi\u1ebft t\u00ean c\u00e2y khi c\u00e2y ra hoa)<\/em><\/li>\n<\/ul>\n<\/li>\n<li><span style=\"color: #008000;\"><strong>Coconut fiber pot<\/strong><\/span> (8 cm height x 8.5 cm rim x 5.5 cm base):<strong><span style=\"color: #008000;\"> 1 ch\u1eadu<\/span><\/strong>. When the plant grows, you can bury the entire pot in the soil. The pot will dissolve in the soil, becoming nutrients for the plant.<\/li>\n<li><span style=\"color: #008000;\"><strong>Magical pellet<\/strong><\/span>: 4 <span style=\"color: #008000;\"><strong>2 vi\u00ean<\/strong><\/span> (3 cm diameter) wrapped in thin kraft paper. Each pellet expands 5 times in size when soaked for 5 minutes in water to become seed-starting soil.<\/li>\n<li><span style=\"color: #008000;\"><strong>Letter from the manufacturer<\/strong><\/span>: Includes product usage instructions<\/li>\n<li><span style=\"color: #008000;\"><strong>Wooden tag<\/strong><\/span><strong>: <span style=\"color: #008000;\">1 th\u1ebb<\/span><\/strong>\u00a0for loosening soil and writing the plant's name<\/li>\n<\/ol>\n<p><span style=\"color: #008000;\"><strong>Warranty:<\/strong><\/span> Gieo's seeds are carefully selected for a high germination rate. Gieo also includes an extra surprise seed pouch in each envelope. However, if some seeds are too \"sleepy\" and forget to germinate, you can still contact Gieo to send you new ones.<\/p>\n<\/div>\n<p><span style=\"color: #008000;\"><strong>Note:<\/strong> <\/span>Price does not include VAT.<\/p>\n<p><span style=\"color: #008000;\"><strong>Product origin:<\/strong> <\/span>Vietnam<\/p>\n<div class=\"_3cRjW\" data-hook=\"content-wrapper\">\n<p><span style=\"color: #008000;\"><strong>B - THE STORY OF SOWING WONDERS<\/strong><\/span><\/p>\n<p>Each Gieo product includes a <strong><span style=\"color: #008000;\">wonder handbook<\/span><\/strong>. This handbook introduces <strong><span style=\"color: #008000;\">steps to sow seeds<\/span> <\/strong>and, at the same time, sow wonders. These 8 steps are also the <span style=\"color: #008000;\"><strong>journey of blossoming<\/strong> <\/span>for a seed or a dream.<\/p>\n<p><span style=\"color: #008000;\"><strong>Do you want to give a wonder?<\/strong><\/span> You can wish for someone's deepest desire to come true by giving them a seed. Then, invite them to sow the seed and the dream within them, and let that dream sprout and grow.<em> My dear friend, this is how all wonders are created. <\/em><span style=\"color: #333333; font-family: arial, helvetica, sans-serif; font-size: 100%;\">\u00a0<\/span><\/p>\n<\/div>\n<\/div>\n<\/div>\n<\/section>\n<\/div>\n<\/div>\n<p style=\"text-align: center;\"><iframe loading=\"lazy\" title=\"YouTube video player\" src=\"https:\/\/www.youtube.com\/embed\/8ti1KQ9lYuI?si=KrMSdLWKC27iusdF\" width=\"700\" height=\"393,75\" frameborder=\"0\" allowfullscreen=\"allowfullscreen\" data-mce-fragment=\"1\"><span data-mce-type=\"bookmark\" style=\"display: inline-block; width: 0px; overflow: hidden; line-height: 0;\" class=\"mce_SELRES_start\"><\/span><span data-mce-type=\"bookmark\" style=\"display: inline-block; width: 0px; overflow: hidden; line-height: 0;\" class=\"mce_SELRES_start\"><\/span><\/iframe><\/p>\n<p><span style=\"color: #008000;\"><strong>C - FOR BUSINESSES AND SCHOOLS\u00a0<\/strong><\/span><\/p>\n<p>Gieo can personalize Seed Gifts according to your<em><span style=\"color: #008000;\"><strong> story, dreams<\/strong><\/span><\/em> and <strong><em><span style=\"color: #008000;\">your budget<\/span> <\/em><\/strong>. Please contact Gieo for consultation: <strong><span style=\"color: #008000;\">0904.907.252<\/span><\/strong><\/p>\n<p><img loading=\"lazy\" decoding=\"async\" class=\"wp-image-12124 aligncenter\" src=\"https:\/\/trao.com.vn\/wp-content\/uploads\/2022\/06\/logo@4x-100-scaled.jpg\" alt=\"\" width=\"876\" height=\"331\" title=\"\" srcset=\"https:\/\/trao.com.vn\/wp-content\/uploads\/2022\/06\/logo@4x-100-scaled.jpg 2560w, https:\/\/trao.com.vn\/wp-content\/uploads\/2022\/06\/logo@4x-100-800x302.jpg 800w, https:\/\/trao.com.vn\/wp-content\/uploads\/2022\/06\/logo@4x-100-1400x529.jpg 1400w, https:\/\/trao.com.vn\/wp-content\/uploads\/2022\/06\/logo@4x-100-768x290.jpg 768w, https:\/\/trao.com.vn\/wp-content\/uploads\/2022\/06\/logo@4x-100-1536x580.jpg 1536w, https:\/\/trao.com.vn\/wp-content\/uploads\/2022\/06\/logo@4x-100-2048x774.jpg 2048w, https:\/\/trao.com.vn\/wp-content\/uploads\/2022\/06\/logo@4x-100-600x227.jpg 600w\" sizes=\"auto, (max-width: 876px) 100vw, 876px\" \/><\/p>\n<p style=\"text-align: center;\"><em>Many reputable businesses have chosen Gieo's products for their gifting programs.\u00a0<\/em><\/p>\n<\/div>\n<\/div>\n<\/section>\n<\/div>\n<\/div>\n<\/div>\n<\/div>\n<\/section>\n<\/div>\n<\/div>\n<\/div>\n<\/div>\n<\/section>\n<\/div>\n<\/div>\n<\/div>\n<\/div>\n<\/section>\n<\/div>\n<\/div>\n<\/div>\n<\/div>\n<\/section>\n<\/div>\n<\/div>\n<\/div>\n<\/div>\n<\/section>\n<\/div>\n<\/div>\n<\/div>\n<\/div>\n<\/section>\n<\/div>\n<\/div>\n<\/div>\n<\/div>\n<\/section>\n<\/div>\n<\/div>","protected":false},"excerpt":{"rendered":"<p>A little brokenness, cared for, heals. Like a sunbeam, falling into the courtyard.<\/p>","protected":false},"featured_media":19413,"comment_status":"closed","ping_status":"closed","template":"","meta":[],"product_brand":[],"product_cat":[288,262,241],"product_tag":[90,238,88,89,232,235,233,234,231,63],"class_list":{"0":"post-19427","1":"product","2":"type-product","3":"status-publish","4":"has-post-thumbnail","6":"product_cat-bo-kit-gieo-hat-trong-cay-thieu-nhi","7":"product_cat-qua-tang-hat-giong","8":"product_cat-bo-kit-gieo-hat-trong-cay","9":"product_tag-gieo","10":"product_tag-gieo-hy-vong","11":"product_tag-hat-giong-dieu-ky","12":"product_tag-hat-giong-may-man","13":"product_tag-o-seed","14":"product_tag-phong-bao-hat-giong","15":"product_tag-qua-tang-dieu-ky","16":"product_tag-qua-tang-doanh-nghiep","17":"product_tag-qua-tang-hat-giong","18":"product_tag-trao-group","20":"first","21":"instock","22":"taxable","23":"shipping-taxable","24":"purchasable","25":"product-type-simple"},"_links":{"self":[{"href":"https:\/\/trao.com.vn\/en\/wp-json\/wp\/v2\/product\/19427","targetHints":{"allow":["GET"]}}],"collection":[{"href":"https:\/\/trao.com.vn\/en\/wp-json\/wp\/v2\/product"}],"about":[{"href":"https:\/\/trao.com.vn\/en\/wp-json\/wp\/v2\/types\/product"}],"replies":[{"embeddable":true,"href":"https:\/\/trao.com.vn\/en\/wp-json\/wp\/v2\/comments?post=19427"}],"wp:featuredmedia":[{"embeddable":true,"href":"https:\/\/trao.com.vn\/en\/wp-json\/wp\/v2\/media\/19413"}],"wp:attachment":[{"href":"https:\/\/trao.com.vn\/en\/wp-json\/wp\/v2\/media?parent=19427"}],"wp:term":[{"taxonomy":"product_brand","embeddable":true,"href":"https:\/\/trao.com.vn\/en\/wp-json\/wp\/v2\/product_brand?post=19427"},{"taxonomy":"product_cat","embeddable":true,"href":"https:\/\/trao.com.vn\/en\/wp-json\/wp\/v2\/product_cat?post=19427"},{"taxonomy":"product_tag","embeddable":true,"href":"https:\/\/trao.com.vn\/en\/wp-json\/wp\/v2\/product_tag?post=19427"}],"curies":[{"name":"wp","href":"https:\/\/api.w.org\/{rel}","templated":true}]}}