{"id":19402,"date":"2025-11-28T17:38:08","date_gmt":"2025-11-28T10:38:08","guid":{"rendered":"https:\/\/trao.com.vn\/?post_type=product&#038;p=19402"},"modified":"2026-01-19T15:53:55","modified_gmt":"2026-01-19T08:53:55","slug":"phong-bao-hat-giong-gieo-de-thuong-3-loai-hat-bi-mat","status":"publish","type":"product","link":"https:\/\/trao.com.vn\/en\/product-2\/phong-bao-hat-giong-gieo-de-thuong-3-loai-hat-bi-mat\/","title":{"rendered":"Phong bao h\u1ea1t gi\u1ed1ng &#8211; Gieo d\u1ec5 th\u01b0\u01a1ng &#8211; 3 lo\u1ea1i h\u1ea1t b\u00ed m\u1eadt"},"content":{"rendered":"<div class=\"H1AvN cell\">\n<div dir=\"ltr\">\n<section class=\"_2RbVQ\" data-hook=\"description-wrapper\">\n<div class=\"_3nbVj\">\n<div class=\"_3cRjW\" data-hook=\"content-wrapper\">\n<div class=\"H1AvN cell\">\n<div dir=\"ltr\">\n<section class=\"_2RbVQ\" data-hook=\"description-wrapper\">\n<div class=\"_3nbVj\">\n<div class=\"_3cRjW\" data-hook=\"content-wrapper\">\n<div class=\"H1AvN cell\">\n<div dir=\"ltr\">\n<section class=\"_2RbVQ\" data-hook=\"description-wrapper\">\n<div class=\"_3nbVj\">\n<div class=\"_3cRjW\" data-hook=\"content-wrapper\">\n<div class=\"H1AvN cell\">\n<div dir=\"ltr\">\n<section class=\"_2RbVQ\" data-hook=\"description-wrapper\">\n<div class=\"_3nbVj\">\n<div class=\"_3cRjW\" data-hook=\"content-wrapper\">\n<div class=\"H1AvN cell\">\n<div dir=\"ltr\">\n<section class=\"_2RbVQ\" data-hook=\"description-wrapper\">\n<div class=\"_3nbVj\">\n<div class=\"_3cRjW\" data-hook=\"content-wrapper\">\n<div class=\"H1AvN cell\">\n<div dir=\"ltr\">\n<section class=\"_2RbVQ\" data-hook=\"description-wrapper\">\n<div class=\"_3nbVj\">\n<div class=\"_3cRjW\" data-hook=\"content-wrapper\">\n<div class=\"H1AvN cell\">\n<div dir=\"ltr\">\n<section class=\"_2RbVQ\" data-hook=\"description-wrapper\">\n<div class=\"_3nbVj\">\n<div class=\"_3cRjW\" data-hook=\"content-wrapper\">\n<div class=\"H1AvN cell\">\n<div dir=\"ltr\">\n<section class=\"_2RbVQ\" data-hook=\"description-wrapper\">\n<div class=\"_3nbVj\">\n<div class=\"_3cRjW\" data-hook=\"content-wrapper\">\n<p style=\"text-align: center;\"><em>Through the Seeds, Gieo tells the story of sowing <span style=\"color: #008000;\"><strong>wonders for you<\/strong><\/span>. From there, the seed becomes <span style=\"color: #008000;\"><strong>the most economical gift<\/strong><\/span> but also <strong><span style=\"color: #008000;\">the most unforgettable one<\/span><\/strong> that you can give to someone.\u00a0<\/em><\/p>\n<p style=\"text-align: center;\"><iframe loading=\"lazy\" title=\"YouTube video player\" src=\"https:\/\/www.youtube.com\/embed\/LdIgQg0PodQ?si=KAGyOU6DqWnYc61H\" width=\"700\" height=\"393,75\" frameborder=\"0\" allowfullscreen=\"allowfullscreen\" data-mce-fragment=\"1\"><span data-mce-type=\"bookmark\" style=\"display: inline-block; width: 0px; overflow: hidden; line-height: 0;\" class=\"mce_SELRES_start\"><\/span><\/iframe><\/p>\n<div class=\"_3cRjW\" data-hook=\"content-wrapper\">\n<p>S\u1ea3n ph\u1ea9m thu\u1ed9c b\u1ed9 s\u01b0u t\u1eadp qu\u00e0 t\u1eb7ng h\u1ea1t gi\u1ed1ng \u0111\u01b0\u1ee3c thi\u1ebft k\u1ebf d\u00e0nh ri\u00eang cho c\u00e1c b\u1ea1n nh\u1ecf, khi b\u1ea1n h\u1ea1t \u00d4 La La s\u1ebd h\u00f3a th\u00e2n th\u00e0nh nh\u1eefng b\u1ea1n th\u00fa c\u01b0ng tinh ngh\u1ecbch m\u1eddi b\u1ea1n nh\u1ecf v\u00e0o khu v\u01b0\u1eddn m\u00f9a xu\u00e2n. \u0110\u1ec3 r\u1ed3i, m\u1ed7i b\u1ea1n nh\u1ecf s\u1ebd kh\u00f4ng ch\u1ec9 gieo m\u1ed9t h\u1ea1t gi\u1ed1ng, m\u00e0 c\u00f2n kh\u00e1m ph\u00e1 ra<span style=\"color: #008000;\"> <strong>kho b\u00e1u th\u1ef1c s\u1ef1<\/strong> <\/span>c\u1ee7a h\u00e0nh tr\u00ecnh gieo h\u1ea1t.<\/p>\n<p><strong style=\"color: #008000;\">PRODUCT COMPONENTS OF THE SEED ENVELOPE<\/strong>: <span style=\"color: #333333;\">(Dimensions: 8.5 x 8.5 cm) includes:<\/span><\/p>\n<\/div>\n<div class=\"_3cRjW\" data-hook=\"content-wrapper\">\n<ol>\n<li><em>Paper envelope <span style=\"color: #008000;\"><strong>(no plastic components)<\/strong><\/span><\/em><\/li>\n<li><em><span style=\"color: #008000;\"><strong>Wonder Handbook<\/strong><\/span>: Contains instructions for sowing seeds and sowing wonders<\/em><\/li>\n<li><strong><span style=\"color: #008000;\"><em>Paper for writing dreams and fears<\/em><\/span><\/strong><\/li>\n<li><em>M\u1ed9t t\u00fai \u0111\u1ef1ng h\u1ea1t gi\u1ed1ng v\u1edbi<span style=\"color: #008000;\"> <strong>3 lo\u1ea1i h\u1ea1t b\u00ed m\u1eadt<\/strong> <\/span>(v\u1edbi \u0111\u1ee7 s\u1ef1 ch\u0103m s\u00f3c b\u1ea1n s\u1ebd bi\u1ebft t\u00ean c\u00e2y khi c\u00e2y ra hoa)\u00a0<\/em><\/li>\n<\/ol>\n<p><span style=\"color: #008000;\"><strong>Warranty:<\/strong><\/span> Gieo's seeds are carefully selected for a high germination rate. Gieo also includes an extra surprise seed pouch in each envelope. However, if some seeds are too \"sleepy\" and forget to germinate, you can still contact Gieo to send you new ones.<\/p>\n<\/div>\n<p><span style=\"color: #008000;\"><strong>Note:<\/strong> <\/span>Price does not include VAT.<\/p>\n<p><span style=\"color: #008000;\"><strong>Product origin:<\/strong> <\/span>Vietnam<\/p>\n<div class=\"_3cRjW\" data-hook=\"content-wrapper\">\n<p><span style=\"color: #008000;\"><strong>B - THE STORY OF SOWING WONDERS<\/strong><\/span><\/p>\n<p>Each Gieo product includes a <strong><span style=\"color: #008000;\">wonder handbook<\/span><\/strong>. This handbook introduces <strong><span style=\"color: #008000;\">9 b\u01b0\u1edbc gieo h\u1ea1t<\/span> <\/strong>v\u00e0 \u0111\u1ed3ng th\u1eddi gieo nh\u1eefng \u0111i\u1ec1u k\u1ef3 di\u1ec7u. 9 b\u01b0\u1edbc n\u00e0y c\u0169ng ch\u00ednh l\u00e0 <span style=\"color: #008000;\"><strong>journey of blossoming<\/strong> <\/span>for a seed or a dream.<\/p>\n<p><span style=\"color: #008000;\"><strong>Do you want to give a wonder?<\/strong><\/span> You can wish for someone's deepest desire to come true by giving them a seed. Then, invite them to sow the seed and the dream within them, and let that dream sprout and grow.<em> My dear friend, this is how all wonders are created. <\/em><span style=\"color: #333333; font-family: arial, helvetica, sans-serif; font-size: 100%;\">\u00a0<\/span><\/p>\n<\/div>\n<\/div>\n<\/div>\n<\/section>\n<\/div>\n<\/div>\n<p style=\"text-align: center;\"><iframe loading=\"lazy\" title=\"YouTube video player\" src=\"https:\/\/www.youtube.com\/embed\/8ti1KQ9lYuI?si=KrMSdLWKC27iusdF\" width=\"700\" height=\"393,75\" frameborder=\"0\" allowfullscreen=\"allowfullscreen\" data-mce-fragment=\"1\"><span data-mce-type=\"bookmark\" style=\"display: inline-block; width: 0px; overflow: hidden; line-height: 0;\" class=\"mce_SELRES_start\"><\/span><span data-mce-type=\"bookmark\" style=\"display: inline-block; width: 0px; overflow: hidden; line-height: 0;\" class=\"mce_SELRES_start\"><\/span><\/iframe><\/p>\n<p><span style=\"color: #008000;\"><strong>C - FOR BUSINESSES AND SCHOOLS\u00a0<\/strong><\/span><\/p>\n<p>Gieo can personalize Seed Gifts according to your<em><span style=\"color: #008000;\"><strong> story, dreams<\/strong><\/span><\/em> and <strong><em><span style=\"color: #008000;\">your budget<\/span> <\/em><\/strong>. Please contact Gieo for consultation: <strong><span style=\"color: #008000;\">0904.907.252<\/span><\/strong><\/p>\n<p><img loading=\"lazy\" decoding=\"async\" class=\"wp-image-12124 aligncenter\" src=\"https:\/\/trao.com.vn\/wp-content\/uploads\/2022\/06\/logo@4x-100-scaled.jpg\" alt=\"\" width=\"876\" height=\"331\" title=\"\" srcset=\"https:\/\/trao.com.vn\/wp-content\/uploads\/2022\/06\/logo@4x-100-scaled.jpg 2560w, https:\/\/trao.com.vn\/wp-content\/uploads\/2022\/06\/logo@4x-100-800x302.jpg 800w, https:\/\/trao.com.vn\/wp-content\/uploads\/2022\/06\/logo@4x-100-1400x529.jpg 1400w, https:\/\/trao.com.vn\/wp-content\/uploads\/2022\/06\/logo@4x-100-768x290.jpg 768w, https:\/\/trao.com.vn\/wp-content\/uploads\/2022\/06\/logo@4x-100-1536x580.jpg 1536w, https:\/\/trao.com.vn\/wp-content\/uploads\/2022\/06\/logo@4x-100-2048x774.jpg 2048w, https:\/\/trao.com.vn\/wp-content\/uploads\/2022\/06\/logo@4x-100-600x227.jpg 600w\" sizes=\"auto, (max-width: 876px) 100vw, 876px\" \/><\/p>\n<p style=\"text-align: center;\"><em>Many reputable businesses have chosen Gieo's products for their gifting programs.\u00a0<\/em><\/p>\n<\/div>\n<\/div>\n<\/section>\n<\/div>\n<\/div>\n<\/div>\n<\/div>\n<\/section>\n<\/div>\n<\/div>\n<\/div>\n<\/div>\n<\/section>\n<\/div>\n<\/div>\n<\/div>\n<\/div>\n<\/section>\n<\/div>\n<\/div>\n<\/div>\n<\/div>\n<\/section>\n<\/div>\n<\/div>\n<\/div>\n<\/div>\n<\/section>\n<\/div>\n<\/div>\n<\/div>\n<\/div>\n<\/section>\n<\/div>\n<\/div>","protected":false},"excerpt":{"rendered":"<p>Th\u00f4ng qua H\u1ea1t gi\u1ed1ng, Gieo k\u1ec3 c\u00e2u chuy\u1ec7n gieo tr\u1ed3ng nh\u1eefng \u0111i\u1ec1u k\u1ef3 di\u1ec7u. \u0110\u1ec3 t\u1eeb \u0111\u00f3, h\u1ea1t gi\u1ed1ng tr\u1edf th\u00e0nh m\u00f3n qu\u00e0 ti\u1ebft ki\u1ec7m nh\u1ea5t nh\u01b0ng c\u0169ng kh\u00f3 qu\u00ean nh\u1ea5t m\u00e0 b\u1ea1n c\u00f3 th\u1ec3 d\u00e0nh t\u1eb7ng cho m\u1ed9t ai \u0111\u00f3.\u00a0 \ufeff S\u1ea3n ph\u1ea9m thu\u1ed9c b\u1ed9 s\u01b0u t\u1eadp qu\u00e0 t\u1eb7ng h\u1ea1t gi\u1ed1ng \u0111\u01b0\u1ee3c thi\u1ebft k\u1ebf<\/p>","protected":false},"featured_media":19383,"comment_status":"closed","ping_status":"closed","template":"","meta":[],"product_brand":[],"product_cat":[262,287,240],"product_tag":[90,238,88,89,239,232,235,233,234,231,63],"class_list":{"0":"post-19402","1":"product","2":"type-product","3":"status-publish","4":"has-post-thumbnail","6":"product_cat-qua-tang-hat-giong","7":"product_cat-phong-bao-hat-giong-thieu-nhi","8":"product_cat-phong-bao-hat-giong","9":"product_tag-gieo","10":"product_tag-gieo-hy-vong","11":"product_tag-hat-giong-dieu-ky","12":"product_tag-hat-giong-may-man","13":"product_tag-hat-hoa-huong-duong","14":"product_tag-o-seed","15":"product_tag-phong-bao-hat-giong","16":"product_tag-qua-tang-dieu-ky","17":"product_tag-qua-tang-doanh-nghiep","18":"product_tag-qua-tang-hat-giong","19":"product_tag-trao-group","21":"first","22":"instock","23":"taxable","24":"shipping-taxable","25":"purchasable","26":"product-type-simple"},"_links":{"self":[{"href":"https:\/\/trao.com.vn\/en\/wp-json\/wp\/v2\/product\/19402","targetHints":{"allow":["GET"]}}],"collection":[{"href":"https:\/\/trao.com.vn\/en\/wp-json\/wp\/v2\/product"}],"about":[{"href":"https:\/\/trao.com.vn\/en\/wp-json\/wp\/v2\/types\/product"}],"replies":[{"embeddable":true,"href":"https:\/\/trao.com.vn\/en\/wp-json\/wp\/v2\/comments?post=19402"}],"wp:featuredmedia":[{"embeddable":true,"href":"https:\/\/trao.com.vn\/en\/wp-json\/wp\/v2\/media\/19383"}],"wp:attachment":[{"href":"https:\/\/trao.com.vn\/en\/wp-json\/wp\/v2\/media?parent=19402"}],"wp:term":[{"taxonomy":"product_brand","embeddable":true,"href":"https:\/\/trao.com.vn\/en\/wp-json\/wp\/v2\/product_brand?post=19402"},{"taxonomy":"product_cat","embeddable":true,"href":"https:\/\/trao.com.vn\/en\/wp-json\/wp\/v2\/product_cat?post=19402"},{"taxonomy":"product_tag","embeddable":true,"href":"https:\/\/trao.com.vn\/en\/wp-json\/wp\/v2\/product_tag?post=19402"}],"curies":[{"name":"wp","href":"https:\/\/api.w.org\/{rel}","templated":true}]}}