{"id":18716,"date":"2025-08-19T07:41:51","date_gmt":"2025-08-19T00:41:51","guid":{"rendered":"https:\/\/trao.com.vn\/?post_type=product&#038;p=18716"},"modified":"2025-08-19T07:43:27","modified_gmt":"2025-08-19T00:43:27","slug":"dich-vu-that-no-bo-kit-gieo-hat","status":"publish","type":"product","link":"https:\/\/trao.com.vn\/en\/product-2\/dich-vu-that-no-bo-kit-gieo-hat\/","title":{"rendered":"D\u1ecbch v\u1ee5 th\u1eaft n\u01a1 B\u1ed9 kit Gieo h\u1ea1t"},"content":{"rendered":"<p class=\"QN2lPu\">D\u1ecbch v\u1ee5 th\u1eaft n\u01a1 b\u1ed9 kit \u0111\u01b0\u1ee3c \u00e1p d\u1ee5ng cho c\u00e1c s\u1ea3n ph\u1ea9m:<\/p>\n<ol>\n<li class=\"QN2lPu\">B\u1ed9 kit Bom h\u1ea1t gi\u1ed1ng Mini<\/li>\n<li class=\"QN2lPu\">B\u1ed9 kit gieo h\u1ea1t Mini<\/li>\n<li class=\"QN2lPu\">B\u1ed9 kit gieo h\u1ea1t b\u1ea3n ti\u1ebft ki\u1ec7m<\/li>\n<li class=\"QN2lPu\">B\u1ed9 kit gieo h\u1ea1t b\u1ea3n cao c\u1ea5p<\/li>\n<\/ol>\n<p class=\"QN2lPu\"><strong>L\u01b0u \u00fd:<\/strong><\/p>\n<ul>\n<li class=\"QN2lPu\">Qu\u00fd kh\u00e1ch vui l\u00f2ng ch\u1ecdn s\u1ed1 l\u01b0\u1ee3ng b\u1ed9 kit c\u1ea7n th\u1eaft n\u01a1 t\u01b0\u01a1ng \u1ee9ng v\u1edbi s\u1ed1 l\u01b0\u1ee3ng b\u1ed9 kit gieo h\u1ea1t trong \u0111\u01a1n h\u00e0ng.<\/li>\n<li class=\"QN2lPu\">M\u00e0u n\u01a1 s\u1ebd do Gieo l\u1ef1a ch\u1ecdn \u0111\u1ec3 \u0111\u1ea3m b\u1ea3o t\u00ednh th\u1ea9m m\u1ef9 c\u1ee7a m\u00f3n qu\u00e0.<\/li>\n<li class=\"QN2lPu\">M\u1ee9c gi\u00e1 l\u00e0 d\u1ecbch v\u1ee5 th\u1eaft n\u01a1 cho 1 b\u1ed9 kit gieo h\u1ea1t, v\u00e0 ch\u01b0a bao g\u1ed3m d\u1ecbch v\u1ee5 l\u00e0m tag t\u00ean hay logo theo th\u01b0\u01a1ng hi\u1ec7u.<\/li>\n<\/ul>","protected":false},"excerpt":{"rendered":"<p>D\u1ecbch v\u1ee5 th\u1eaft n\u01a1 b\u1ed9 kit ch\u1eafc ch\u1eafn s\u1ebd l\u00e0m b\u1ed9 kit th\u00eam sang tr\u1ecdng v\u00e0 l\u1ecbch s\u1ef1 khi\u1ebfn ng\u01b0\u1eddi nh\u1eadn th\u1eadt s\u1ef1 c\u1ea3m th\u1ea5y b\u1ea5t ng\u1edd v\u00e0 tr\u00e2n tr\u1ecdng m\u00f3n qu\u00e0.<\/p>","protected":false},"featured_media":18717,"comment_status":"closed","ping_status":"closed","template":"","meta":[],"product_brand":[],"product_cat":[283],"product_tag":[],"class_list":{"0":"post-18716","1":"product","2":"type-product","3":"status-publish","4":"has-post-thumbnail","6":"product_cat-phu-kien-va-dich-vu","8":"first","9":"instock","10":"taxable","11":"shipping-taxable","12":"purchasable","13":"product-type-simple"},"_links":{"self":[{"href":"https:\/\/trao.com.vn\/en\/wp-json\/wp\/v2\/product\/18716","targetHints":{"allow":["GET"]}}],"collection":[{"href":"https:\/\/trao.com.vn\/en\/wp-json\/wp\/v2\/product"}],"about":[{"href":"https:\/\/trao.com.vn\/en\/wp-json\/wp\/v2\/types\/product"}],"replies":[{"embeddable":true,"href":"https:\/\/trao.com.vn\/en\/wp-json\/wp\/v2\/comments?post=18716"}],"wp:featuredmedia":[{"embeddable":true,"href":"https:\/\/trao.com.vn\/en\/wp-json\/wp\/v2\/media\/18717"}],"wp:attachment":[{"href":"https:\/\/trao.com.vn\/en\/wp-json\/wp\/v2\/media?parent=18716"}],"wp:term":[{"taxonomy":"product_brand","embeddable":true,"href":"https:\/\/trao.com.vn\/en\/wp-json\/wp\/v2\/product_brand?post=18716"},{"taxonomy":"product_cat","embeddable":true,"href":"https:\/\/trao.com.vn\/en\/wp-json\/wp\/v2\/product_cat?post=18716"},{"taxonomy":"product_tag","embeddable":true,"href":"https:\/\/trao.com.vn\/en\/wp-json\/wp\/v2\/product_tag?post=18716"}],"curies":[{"name":"wp","href":"https:\/\/api.w.org\/{rel}","templated":true}]}}