{"id":18714,"date":"2025-08-19T07:35:06","date_gmt":"2025-08-19T00:35:06","guid":{"rendered":"https:\/\/trao.com.vn\/?post_type=product&#038;p=18714"},"modified":"2025-11-29T08:35:03","modified_gmt":"2025-11-29T01:35:03","slug":"thiep-bung-no","status":"publish","type":"product","link":"https:\/\/trao.com.vn\/en\/product-2\/thiep-bung-no\/","title":{"rendered":"Thi\u1ec7p b\u1eebng n\u1edf (c\u00f3 k\u00e8m phong bao)"},"content":{"rendered":"<p>N\u1ebfu b\u1ea1n \u0111ang t\u00ecm ki\u1ebfm m\u1ed9t chi\u1ebfc thi\u1ec7p \u0111\u1ec3 vi\u1ebft nh\u1eefng l\u1eddi ch\u00fac \u00fd ngh\u0129a cho ng\u01b0\u1eddi th\u00e2n, th\u00ec \u0111\u00e2y l\u00e0 m\u1ed9t chi\u1ebfc thi\u1ec7p nh\u01b0 th\u1ebf. Ngo\u00e0i ch\u1ea5t li\u1ec7u c\u1ee9ng c\u00e1p, thi\u1ec7p c\u00f2n \u0111\u01b0\u1ee3c \u0111\u1ef1ng trong m\u1ed9t chi\u1ebfc phong bao xinh x\u1eafn \u0111\u1ec3 t\u0103ng th\u00eam ph\u1ea7n l\u1ecbch s\u1ef1 v\u00e0 b\u00ed \u1ea9n cho m\u00f3n qu\u00e0.<\/p>","protected":false},"excerpt":{"rendered":"<p>M\u1ed9t chi\u1ebfc thi\u1ec7p nh\u1eb9 nh\u00e0ng m\u00e0 d\u1ec5 th\u01b0\u01a1ng cho nh\u1eefng ng\u01b0\u1eddi th\u00e2n y\u00eau.<\/p>","protected":false},"featured_media":18715,"comment_status":"closed","ping_status":"closed","template":"","meta":[],"product_brand":[],"product_cat":[283],"product_tag":[],"class_list":{"0":"post-18714","1":"product","2":"type-product","3":"status-publish","4":"has-post-thumbnail","6":"product_cat-phu-kien-va-dich-vu","8":"first","9":"instock","10":"taxable","11":"shipping-taxable","12":"purchasable","13":"product-type-simple"},"_links":{"self":[{"href":"https:\/\/trao.com.vn\/en\/wp-json\/wp\/v2\/product\/18714","targetHints":{"allow":["GET"]}}],"collection":[{"href":"https:\/\/trao.com.vn\/en\/wp-json\/wp\/v2\/product"}],"about":[{"href":"https:\/\/trao.com.vn\/en\/wp-json\/wp\/v2\/types\/product"}],"replies":[{"embeddable":true,"href":"https:\/\/trao.com.vn\/en\/wp-json\/wp\/v2\/comments?post=18714"}],"wp:featuredmedia":[{"embeddable":true,"href":"https:\/\/trao.com.vn\/en\/wp-json\/wp\/v2\/media\/18715"}],"wp:attachment":[{"href":"https:\/\/trao.com.vn\/en\/wp-json\/wp\/v2\/media?parent=18714"}],"wp:term":[{"taxonomy":"product_brand","embeddable":true,"href":"https:\/\/trao.com.vn\/en\/wp-json\/wp\/v2\/product_brand?post=18714"},{"taxonomy":"product_cat","embeddable":true,"href":"https:\/\/trao.com.vn\/en\/wp-json\/wp\/v2\/product_cat?post=18714"},{"taxonomy":"product_tag","embeddable":true,"href":"https:\/\/trao.com.vn\/en\/wp-json\/wp\/v2\/product_tag?post=18714"}],"curies":[{"name":"wp","href":"https:\/\/api.w.org\/{rel}","templated":true}]}}