{"id":18711,"date":"2025-08-19T07:20:46","date_gmt":"2025-08-19T00:20:46","guid":{"rendered":"https:\/\/trao.com.vn\/?post_type=product&#038;p=18711"},"modified":"2025-12-18T17:59:00","modified_gmt":"2025-12-18T10:59:00","slug":"sach-vi-vua-va-nhung-con-chim-quy","status":"publish","type":"product","link":"https:\/\/trao.com.vn\/en\/product-2\/sach-vi-vua-va-nhung-con-chim-quy\/","title":{"rendered":"S\u00e1ch &#8220;V\u1ecb Vua v\u00e0 nh\u1eefng con chim qu\u00fd&#8221; &#8211; Ra m\u1eaft 09\/2026"},"content":{"rendered":"<ul>\n<li>Genre:\u00a0<strong>Truy\u1ec7n ng\u1ee5 ng\u00f4n<\/strong><\/li>\n<li>Number of pages:\u00a0<strong>32 trang<\/strong><\/li>\n<li>Dimensions:\u00a0<strong>25 x 25 cm<\/strong><\/li>\n<li>Author:\u00a0<strong>Luong Ngoc Duc\u00a0<\/strong><\/li>\n<li>Illustration:<strong> Le Phuong Quynh\u00a0<\/strong><\/li>\n<li>Manuscript completion year:\u00a0<strong>2024<\/strong><\/li>\n<li>Publication year:\u00a0<strong>2025<\/strong><\/li>\n<li>Xu\u1ea5t x\u1ee9: <strong>Vietnam<\/strong><\/li>\n<\/ul>","protected":false},"excerpt":{"rendered":"<p>Quy\u1ec3n s\u00e1ch l\u00e0 m\u1ed9t c\u00e2u chuy\u1ec7n k\u1ef3 l\u1ea1 v\u1ec1 m\u1ed9t v\u1ecb vua v\u1edbi m\u1ed9t ni\u1ec1m \u0111am m\u00ea s\u00e2u s\u1eafc v\u1edbi nh\u1eefng con chim. Qua h\u00e0nh tr\u00ecnh c\u1ee7a m\u00ecnh, \u00f4ng \u0111\u00e3 h\u1ecdc \u0111\u01b0\u1ee3c nh\u1eefng b\u00e0i h\u1ecdc v\u1ec1 t\u00ecnh y\u00eau v\u00e0 s\u1ef1 t\u1ef1 do.<\/p>","protected":false},"featured_media":18713,"comment_status":"closed","ping_status":"closed","template":"","meta":[],"product_brand":[],"product_cat":[221],"product_tag":[],"class_list":{"0":"post-18711","1":"product","2":"type-product","3":"status-publish","4":"has-post-thumbnail","6":"product_cat-trao-books","8":"first","9":"instock","10":"taxable","11":"shipping-taxable","12":"purchasable","13":"product-type-simple"},"_links":{"self":[{"href":"https:\/\/trao.com.vn\/en\/wp-json\/wp\/v2\/product\/18711","targetHints":{"allow":["GET"]}}],"collection":[{"href":"https:\/\/trao.com.vn\/en\/wp-json\/wp\/v2\/product"}],"about":[{"href":"https:\/\/trao.com.vn\/en\/wp-json\/wp\/v2\/types\/product"}],"replies":[{"embeddable":true,"href":"https:\/\/trao.com.vn\/en\/wp-json\/wp\/v2\/comments?post=18711"}],"wp:featuredmedia":[{"embeddable":true,"href":"https:\/\/trao.com.vn\/en\/wp-json\/wp\/v2\/media\/18713"}],"wp:attachment":[{"href":"https:\/\/trao.com.vn\/en\/wp-json\/wp\/v2\/media?parent=18711"}],"wp:term":[{"taxonomy":"product_brand","embeddable":true,"href":"https:\/\/trao.com.vn\/en\/wp-json\/wp\/v2\/product_brand?post=18711"},{"taxonomy":"product_cat","embeddable":true,"href":"https:\/\/trao.com.vn\/en\/wp-json\/wp\/v2\/product_cat?post=18711"},{"taxonomy":"product_tag","embeddable":true,"href":"https:\/\/trao.com.vn\/en\/wp-json\/wp\/v2\/product_tag?post=18711"}],"curies":[{"name":"wp","href":"https:\/\/api.w.org\/{rel}","templated":true}]}}