{"id":17752,"date":"2024-12-12T11:28:01","date_gmt":"2024-12-12T04:28:01","guid":{"rendered":"https:\/\/trao.com.vn\/?post_type=product&#038;p=17752"},"modified":"2025-12-18T11:03:11","modified_gmt":"2025-12-18T04:03:11","slug":"combo-1-set-chau-cay-va-dat-khong-bao-gom-hat","status":"publish","type":"product","link":"https:\/\/trao.com.vn\/en\/product-2\/combo-1-set-chau-cay-va-dat-khong-bao-gom-hat\/","title":{"rendered":"Combo 1 set of plant pots and soil (seeds not included)"},"content":{"rendered":"<p>This combo will include 1 set. Each set contains:<\/p>\n<ul>\n<li>1 sturdy cardboard box: Dimensions: 9 x 9 x 10 cm<\/li>\n<li>1 coconut fiber pot: Dimensions: 8cm (height) x 8.5cm (mouth) x 6cm (base)<\/li>\n<li>When the plant grows, you can bury the entire pot in the soil; the pot will dissolve in the soil, becoming nutrients for the plant<\/li>\n<li>2 coconut fiber pellets: 3cm in diameter, expanding 5 times in size after soaking for 5 minutes in water to become seed-starting soil<\/li>\n<li>1 wooden plant tag<\/li>\n<li>Instructions for using the plant pot and coconut fiber pellets<\/li>\n<\/ul>","protected":false},"excerpt":{"rendered":"<p>Combo s\u1ebd bao g\u1ed3m 1 set. M\u1ed7i set g\u1ed3m c\u00f3: 1 h\u1ed9p carton c\u1ee9ng c\u00e1p: K\u00edch th\u01b0\u1edbc: 9 x 9 x 10 cm 1 ch\u1eadu x\u01a1 d\u1eeba: K\u00edch th\u01b0\u1edbc: 8cm (cao) x 8.5cm (mi\u1ec7ng) x 6cm (\u0111\u00e1y) Khi c\u00e2y l\u1edbn c\u00f3 th\u1ec3 ch\u00f4n c\u1ea3 ch\u1eadu v\u00e0o \u0111\u1ea5t, ch\u1eadu s\u1ebd tan trong \u0111\u1ea5t th\u00e0nh dinh d\u01b0\u1ee1ng<\/p>","protected":false},"featured_media":17753,"comment_status":"closed","ping_status":"closed","template":"","meta":[],"product_brand":[],"product_cat":[263],"product_tag":[],"class_list":{"0":"post-17752","1":"product","2":"type-product","3":"status-publish","4":"has-post-thumbnail","6":"product_cat-combo-phong-bao-hat-giong","8":"first","9":"instock","10":"sale","11":"taxable","12":"shipping-taxable","13":"purchasable","14":"product-type-simple"},"_links":{"self":[{"href":"https:\/\/trao.com.vn\/en\/wp-json\/wp\/v2\/product\/17752","targetHints":{"allow":["GET"]}}],"collection":[{"href":"https:\/\/trao.com.vn\/en\/wp-json\/wp\/v2\/product"}],"about":[{"href":"https:\/\/trao.com.vn\/en\/wp-json\/wp\/v2\/types\/product"}],"replies":[{"embeddable":true,"href":"https:\/\/trao.com.vn\/en\/wp-json\/wp\/v2\/comments?post=17752"}],"wp:featuredmedia":[{"embeddable":true,"href":"https:\/\/trao.com.vn\/en\/wp-json\/wp\/v2\/media\/17753"}],"wp:attachment":[{"href":"https:\/\/trao.com.vn\/en\/wp-json\/wp\/v2\/media?parent=17752"}],"wp:term":[{"taxonomy":"product_brand","embeddable":true,"href":"https:\/\/trao.com.vn\/en\/wp-json\/wp\/v2\/product_brand?post=17752"},{"taxonomy":"product_cat","embeddable":true,"href":"https:\/\/trao.com.vn\/en\/wp-json\/wp\/v2\/product_cat?post=17752"},{"taxonomy":"product_tag","embeddable":true,"href":"https:\/\/trao.com.vn\/en\/wp-json\/wp\/v2\/product_tag?post=17752"}],"curies":[{"name":"wp","href":"https:\/\/api.w.org\/{rel}","templated":true}]}}