{"id":17737,"date":"2024-12-12T09:44:37","date_gmt":"2024-12-12T02:44:37","guid":{"rendered":"https:\/\/trao.com.vn\/?post_type=product&#038;p=17737"},"modified":"2026-04-13T16:00:20","modified_gmt":"2026-04-13T09:00:20","slug":"tui-giay-kraft-dung-bo-kit-gieo-hat-o-seed-10-x-10-x-10cm","status":"publish","type":"product","link":"https:\/\/trao.com.vn\/en\/product-2\/tui-giay-kraft-dung-bo-kit-gieo-hat-o-seed-10-x-10-x-10cm\/","title":{"rendered":"Kraft paper bag for O-Seed seed sowing kit (10 x 10 x 10cm)"},"content":{"rendered":"<p class=\"QN2lPu\">If you've purchased Gieo's plant sowing kit, you might need a lovely \u00d4-Seed bag. For environmental reasons, Gieo does not include bags with orders. So, if you need an additional bag, you can purchase one at a very economical price.<\/p>\n<p class=\"QN2lPu\">\n<p class=\"QN2lPu\">The bag is made of sturdy kraft material. With dimensions of 10 x 10 x 10 cm, the bag perfectly fits the kit, making it neat and pretty.<\/p>\n<p class=\"QN2lPu\">\n<p class=\"QN2lPu\">Gieo wishes you a truly \"wow\" and delightful gifting and sowing experience!<\/p>","protected":false},"excerpt":{"rendered":"<p>N\u1ebfu b\u1ea1n \u0111\u00e3 mua b\u1ed9 kit gieo h\u1ea1t tr\u1ed3ng c\u00e2y c\u1ee7a Gieo, c\u00f3 th\u1ec3 b\u1ea1n s\u1ebd c\u1ea7n t\u1edbi 1 chi\u1ebfc t\u00fai \u00d4-Seed xinh x\u1eafn. V\u00ec l\u00fd do m\u00f4i tr\u01b0\u1eddng, Gieo kh\u00f4ng b\u00e1n k\u00e8m t\u00fai v\u00e0o \u0111\u01a1n h\u00e0ng. V\u00ec v\u1eady, n\u1ebfu b\u1ea1n c\u1ea7n th\u00eam 1 chi\u1ebfc t\u00fai, b\u1ea1n c\u00f3 th\u1ec3 mua v\u1edbi m\u1ee9c gi\u00e1 r\u1ea5t ti\u1ebft<\/p>","protected":false},"featured_media":17738,"comment_status":"closed","ping_status":"closed","template":"","meta":[],"product_brand":[],"product_cat":[262,280,279,283],"product_tag":[],"class_list":{"0":"post-17737","1":"product","2":"type-product","3":"status-publish","4":"has-post-thumbnail","6":"product_cat-qua-tang-hat-giong","7":"product_cat-bo-kit-gieo-hat-trong-cay-cao-cap","8":"product_cat-bo-kit-gieo-hat-trong-cay-tiet-kiem","9":"product_cat-phu-kien-va-dich-vu","11":"first","12":"instock","13":"taxable","14":"shipping-taxable","15":"purchasable","16":"product-type-simple"},"_links":{"self":[{"href":"https:\/\/trao.com.vn\/en\/wp-json\/wp\/v2\/product\/17737","targetHints":{"allow":["GET"]}}],"collection":[{"href":"https:\/\/trao.com.vn\/en\/wp-json\/wp\/v2\/product"}],"about":[{"href":"https:\/\/trao.com.vn\/en\/wp-json\/wp\/v2\/types\/product"}],"replies":[{"embeddable":true,"href":"https:\/\/trao.com.vn\/en\/wp-json\/wp\/v2\/comments?post=17737"}],"wp:featuredmedia":[{"embeddable":true,"href":"https:\/\/trao.com.vn\/en\/wp-json\/wp\/v2\/media\/17738"}],"wp:attachment":[{"href":"https:\/\/trao.com.vn\/en\/wp-json\/wp\/v2\/media?parent=17737"}],"wp:term":[{"taxonomy":"product_brand","embeddable":true,"href":"https:\/\/trao.com.vn\/en\/wp-json\/wp\/v2\/product_brand?post=17737"},{"taxonomy":"product_cat","embeddable":true,"href":"https:\/\/trao.com.vn\/en\/wp-json\/wp\/v2\/product_cat?post=17737"},{"taxonomy":"product_tag","embeddable":true,"href":"https:\/\/trao.com.vn\/en\/wp-json\/wp\/v2\/product_tag?post=17737"}],"curies":[{"name":"wp","href":"https:\/\/api.w.org\/{rel}","templated":true}]}}