{"id":16410,"date":"2024-01-18T15:44:33","date_gmt":"2024-01-18T08:44:33","guid":{"rendered":"https:\/\/trao.com.vn\/?post_type=product&#038;p=16410"},"modified":"2025-12-18T11:37:50","modified_gmt":"2025-12-18T04:37:50","slug":"combo-40-set-chau-cay-va-dat","status":"publish","type":"product","link":"https:\/\/trao.com.vn\/en\/product-2\/combo-40-set-chau-cay-va-dat\/","title":{"rendered":"Combo 40 kits of pots and soil (excludes Seeds)"},"content":{"rendered":"<p>The combo will include 40 sets. Each set contains:<\/p>\n<ul>\n<li>1 coconut fiber pot: Dimensions: 8cm (height) x 8.5cm (mouth) x 6cm (base)<\/li>\n<li>When the plant grows, you can bury the entire pot in the soil; the pot will dissolve in the soil, becoming nutrients for the plant<\/li>\n<li>2 coconut fiber pellets: 3cm in diameter, expanding 5 times in size after soaking for 5 minutes in water to become seed-starting soil<\/li>\n<li>Instructions for using the plant pot and coconut fiber pellets<\/li>\n<\/ul>\n<p>Combo s\u1ebd r\u1ea5t ph\u00f9 h\u1ee3p \u0111\u1ec3 c\u00e1c th\u1ea7y c\u00f4 gi\u00e1o s\u1eed d\u1ee5ng cho c\u00e1c tr\u1ea3i nghi\u1ec7m gieo tr\u1ed3ng ngay t\u1ea1i l\u1edbp h\u1ecdc cho c\u00e1c em h\u1ecdc sinh.<\/p>","protected":false},"excerpt":{"rendered":"<p>Combo s\u1ebd bao g\u1ed3m 40 set. M\u1ed7i set g\u1ed3m c\u00f3: 1 ch\u1eadu x\u01a1 d\u1eeba: K\u00edch th\u01b0\u1edbc: 8cm (cao) x 8.5cm (mi\u1ec7ng) x 6cm (\u0111\u00e1y) Khi c\u00e2y l\u1edbn c\u00f3 th\u1ec3 ch\u00f4n c\u1ea3 ch\u1eadu v\u00e0o \u0111\u1ea5t, ch\u1eadu s\u1ebd tan trong \u0111\u1ea5t th\u00e0nh dinh d\u01b0\u1ee1ng nu\u00f4i c\u00e2y. 2 vi\u00ean n\u00e9n x\u01a1 d\u1eeba: c\u00f3 \u0110\u01b0\u1eddng k\u00ednh 3cm, t\u0103ng k\u00edch<\/p>","protected":false},"featured_media":19633,"comment_status":"closed","ping_status":"closed","template":"","meta":[],"product_brand":[],"product_cat":[263,241],"product_tag":[],"class_list":{"0":"post-16410","1":"product","2":"type-product","3":"status-publish","4":"has-post-thumbnail","6":"product_cat-combo-phong-bao-hat-giong","7":"product_cat-bo-kit-gieo-hat-trong-cay","9":"first","10":"instock","11":"sale","12":"taxable","13":"shipping-taxable","14":"purchasable","15":"product-type-simple"},"_links":{"self":[{"href":"https:\/\/trao.com.vn\/en\/wp-json\/wp\/v2\/product\/16410","targetHints":{"allow":["GET"]}}],"collection":[{"href":"https:\/\/trao.com.vn\/en\/wp-json\/wp\/v2\/product"}],"about":[{"href":"https:\/\/trao.com.vn\/en\/wp-json\/wp\/v2\/types\/product"}],"replies":[{"embeddable":true,"href":"https:\/\/trao.com.vn\/en\/wp-json\/wp\/v2\/comments?post=16410"}],"wp:featuredmedia":[{"embeddable":true,"href":"https:\/\/trao.com.vn\/en\/wp-json\/wp\/v2\/media\/19633"}],"wp:attachment":[{"href":"https:\/\/trao.com.vn\/en\/wp-json\/wp\/v2\/media?parent=16410"}],"wp:term":[{"taxonomy":"product_brand","embeddable":true,"href":"https:\/\/trao.com.vn\/en\/wp-json\/wp\/v2\/product_brand?post=16410"},{"taxonomy":"product_cat","embeddable":true,"href":"https:\/\/trao.com.vn\/en\/wp-json\/wp\/v2\/product_cat?post=16410"},{"taxonomy":"product_tag","embeddable":true,"href":"https:\/\/trao.com.vn\/en\/wp-json\/wp\/v2\/product_tag?post=16410"}],"curies":[{"name":"wp","href":"https:\/\/api.w.org\/{rel}","templated":true}]}}