{"id":16406,"date":"2024-01-18T15:12:54","date_gmt":"2024-01-18T08:12:54","guid":{"rendered":"https:\/\/trao.com.vn\/?post_type=product&#038;p=16406"},"modified":"2026-01-19T16:02:03","modified_gmt":"2026-01-19T09:02:03","slug":"combo-4-quyen-sach-cua-trao-xuat-ban","status":"publish","type":"product","link":"https:\/\/trao.com.vn\/en\/product-2\/combo-4-quyen-sach-cua-trao-xuat-ban\/","title":{"rendered":"Combo of 4 books from Trao Publishing"},"content":{"rendered":"<p>Trao Publishing would like to offer you a Combo of 4 books, including:<\/p>\n<ol>\n<li><strong>Gieo's Story \u2013 The Legend of Seed Lucky Money<\/strong>: Truy\u1ec7n tranh m\u00e0u 100 trang (xu\u1ea5t b\u1ea3n 2020): 135,000 VN\u0110 (Combo \u0111\u01b0\u1ee3c t\u1eb7ng th\u00eam phong bao L\u00ec x\u00ec kh\u1ed5ng l\u1ed3, sticker nh\u00e2n v\u1eadt v\u00e0 phong bao L\u00ec x\u00ec H\u1ea1t gi\u1ed1ng)<\/li>\n<li><strong>The Silent Hero<\/strong>: Prose fiction, 150 pages (published 2022): 120,000 VN\u0110<\/li>\n<li><strong>Our Wisdom Here - Part 2<\/strong>: 10-page full-color comic book (published 2022): 35,000 VN\u0110<\/li>\n<li><strong>The Legend of Betel and Areca \u2013 Sequel:<\/strong>: 50-page full-color illustrated comic (published January 2024): 85,000 VN\u0110<\/li>\n<\/ol>\n<p>This combo will be perfect for fans of Trao Publishing who want to enjoy all of Trao Publishing's products.<\/p>\n<p>&nbsp;<\/p>","protected":false},"excerpt":{"rendered":"<p>Trao Xu\u1ea5t b\u1ea3n xin \u0111\u01b0\u1ee3c g\u1eedi t\u1edbi b\u1ea1n Combo 4 quy\u1ec3n s\u00e1ch g\u1ed3m c\u00f3: Truy\u1ec7n Gieo &#8211; S\u1ef1 t\u00edch L\u00ec x\u00ec H\u1ea1t gi\u1ed1ng: Truy\u1ec7n tranh m\u00e0u 100 trang (xu\u1ea5t b\u1ea3n 2020): 135,000 VN\u0110 (Combo \u0111\u01b0\u1ee3c t\u1eb7ng th\u00eam phong bao L\u00ec x\u00ec kh\u1ed5ng l\u1ed3, sticker nh\u00e2n v\u1eadt v\u00e0 phong bao L\u00ec x\u00ec H\u1ea1t gi\u1ed1ng) S\u00e1ch Ng\u01b0\u1eddi<\/p>","protected":false},"featured_media":17814,"comment_status":"closed","ping_status":"closed","template":"","meta":[],"product_brand":[],"product_cat":[221],"product_tag":[],"class_list":{"0":"post-16406","1":"product","2":"type-product","3":"status-publish","4":"has-post-thumbnail","6":"product_cat-trao-books","8":"first","9":"instock","10":"sale","11":"taxable","12":"shipping-taxable","13":"purchasable","14":"product-type-simple"},"_links":{"self":[{"href":"https:\/\/trao.com.vn\/en\/wp-json\/wp\/v2\/product\/16406","targetHints":{"allow":["GET"]}}],"collection":[{"href":"https:\/\/trao.com.vn\/en\/wp-json\/wp\/v2\/product"}],"about":[{"href":"https:\/\/trao.com.vn\/en\/wp-json\/wp\/v2\/types\/product"}],"replies":[{"embeddable":true,"href":"https:\/\/trao.com.vn\/en\/wp-json\/wp\/v2\/comments?post=16406"}],"wp:featuredmedia":[{"embeddable":true,"href":"https:\/\/trao.com.vn\/en\/wp-json\/wp\/v2\/media\/17814"}],"wp:attachment":[{"href":"https:\/\/trao.com.vn\/en\/wp-json\/wp\/v2\/media?parent=16406"}],"wp:term":[{"taxonomy":"product_brand","embeddable":true,"href":"https:\/\/trao.com.vn\/en\/wp-json\/wp\/v2\/product_brand?post=16406"},{"taxonomy":"product_cat","embeddable":true,"href":"https:\/\/trao.com.vn\/en\/wp-json\/wp\/v2\/product_cat?post=16406"},{"taxonomy":"product_tag","embeddable":true,"href":"https:\/\/trao.com.vn\/en\/wp-json\/wp\/v2\/product_tag?post=16406"}],"curies":[{"name":"wp","href":"https:\/\/api.w.org\/{rel}","templated":true}]}}