{"id":14459,"date":"2023-09-29T20:21:02","date_gmt":"2023-09-29T13:21:02","guid":{"rendered":"https:\/\/trao.com.vn\/?post_type=product&#038;p=14459"},"modified":"2024-12-23T07:07:05","modified_gmt":"2024-12-23T00:07:05","slug":"sach-su-tich-trau-cau-hau-truyen","status":"publish","type":"product","link":"https:\/\/trao.com.vn\/en\/product-2\/sach-su-tich-trau-cau-hau-truyen\/","title":{"rendered":"The Legend of Betel and Areca Nut - Sequel book"},"content":{"rendered":"<div class=\"xdj266r x11i5rnm xat24cr x1mh8g0r x1vvkbs x126k92a\">\n<div dir=\"auto\">\n<p>Surely everyone knows the tragic story of Tan, Lang, and Luu Thi's family. From a small misunderstanding, the three had to become trees and stones to be together. In this sequel, the story will certainly have many new developments. Notably, the story also features the appearance of the mountain god Son Tinh, the water god Thuy Tinh, and many other characters.<\/p>\n<p>This story will definitely bring a fresh breeze to the fairy tale universe built by Trao Publishing. Please read this proud work from Trao Publishing, which was released in January 2024.<\/p>\n<\/div>\n<\/div>\n<p><img loading=\"lazy\" decoding=\"async\" class=\"aligncenter wp-image-14460\" src=\"https:\/\/trao.com.vn\/wp-content\/uploads\/2023\/09\/photo1661586201.jpeg\" alt=\"\" width=\"460\" height=\"690\" title=\"\" srcset=\"https:\/\/trao.com.vn\/wp-content\/uploads\/2023\/09\/photo1661586201.jpeg 853w, https:\/\/trao.com.vn\/wp-content\/uploads\/2023\/09\/photo1661586201-267x400.jpeg 267w, https:\/\/trao.com.vn\/wp-content\/uploads\/2023\/09\/photo1661586201-533x800.jpeg 533w, https:\/\/trao.com.vn\/wp-content\/uploads\/2023\/09\/photo1661586201-768x1152.jpeg 768w, https:\/\/trao.com.vn\/wp-content\/uploads\/2023\/09\/photo1661586201-600x900.jpeg 600w\" sizes=\"auto, (max-width: 460px) 100vw, 460px\" \/><\/p>\n<ul>\n<li>Genre:\u00a0<strong>Illustrated Story<\/strong><\/li>\n<li>Number of pages: <strong>80 pages<\/strong><\/li>\n<li>Dimensions:\u00a0<strong>25 x 25 cm<\/strong><\/li>\n<li>Author:\u00a0<strong>Luong Ngoc Duc\u00a0<\/strong><\/li>\n<li>Illustration:<strong> Ngan Nguyen <\/strong>and\u00a0<strong>Trinh Anh<\/strong><\/li>\n<li>Manuscript completion year: <strong>2019<\/strong><\/li>\n<li>Publication year:<strong> January, 2024<\/strong><\/li>\n<li>Origin: <strong>Vietnam<\/strong><\/li>\n<\/ul>\n<p><b>Summary of Part 1<\/b><\/p>\n<p><span style=\"font-weight: 400;\">Tan and Lang were two incredibly close twin brothers. Their parents passed away early, and they moved in with the family of a Taoist master named Luu to study. The master's daughter, Luu Thi, fell in love with the elder brother. Later, Tan and Luu Thi got married. <\/span><span style=\"font-weight: 400;\">After the wedding, Lang felt sad as he received less attention from his brother. One day, the two brothers went to work far away in the fields and didn't return until late at night. Luu Thi didn't recognize Lang and ran out to embrace him tightly, just as Tan walked in, making all three very awkward.<\/span><\/p>\n<p><span style=\"font-weight: 400;\">From then on, Tan grew jealous and became colder towards his younger brother. Lang felt very angry and ashamed, so he left. He walked and walked until he reached a swift-flowing river he couldn't cross, so he sat down and cried. He cried and cried until he turned into a rock. <\/span><span style=\"font-weight: 400;\">Tan waited and waited, but when he couldn't find his brother, he also left to search. He reached the riverbank and saw the rock. Realizing he had wrongly blamed his brother, Tan also sat down and cried, then transformed into a straight-growing tree.\u00a0<\/span><span style=\"font-weight: 400;\">Luu Thi couldn't find her husband and also went to the riverbank to cry, then turned into a climbing plant entwining itself around the straight-growing tree. <\/span><span style=\"font-weight: 400;\">The Taoist master and his wife, along with the villagers, searched, but now only found the rock and the two trees side by side. People passed down the story of \"harmonious brothers, loyal husband and wife.\" From then on, betel, areca, and lime became a popular folk food, frequently present at weddings.<\/span><\/p>","protected":false},"excerpt":{"rendered":"<p>H\u1eb3n m\u1ecdi ng\u01b0\u1eddi \u0111\u1ec1u \u0111\u00e3 bi\u1ebft c\u00e2u chuy\u1ec7n \u0111\u1ea7y bi k\u1ecbch c\u1ee7a gia \u0111\u00ecnh T\u00e2n, Lang v\u00e0 L\u01b0u Th\u1ecb. T\u1eeb m\u1ed9t hi\u1ec3u nh\u1ea7m nh\u1ecf, ba ng\u01b0\u1eddi \u0111\u00e3 ph\u1ea3i th\u00e0nh c\u00e2y, th\u00e0nh \u0111\u00e1 \u0111\u1ec3 \u0111\u01b0\u1ee3c \u1edf b\u00ean nhau. Trong ph\u1ea7n h\u1eadu truy\u1ec7n n\u00e0y, c\u00e2u chuy\u1ec7n n\u00e0y ch\u1eafc ch\u1eafn s\u1ebd c\u00f3 nhi\u1ec1u t\u00ecnh ti\u1ebft m\u1edbi. \u0110\u1eb7c bi\u1ec7t,<\/p>","protected":false},"featured_media":17802,"comment_status":"closed","ping_status":"closed","template":"","meta":[],"product_brand":[],"product_cat":[221],"product_tag":[],"class_list":{"0":"post-14459","1":"product","2":"type-product","3":"status-publish","4":"has-post-thumbnail","6":"product_cat-trao-books","8":"first","9":"instock","10":"taxable","11":"shipping-taxable","12":"purchasable","13":"product-type-simple"},"_links":{"self":[{"href":"https:\/\/trao.com.vn\/en\/wp-json\/wp\/v2\/product\/14459","targetHints":{"allow":["GET"]}}],"collection":[{"href":"https:\/\/trao.com.vn\/en\/wp-json\/wp\/v2\/product"}],"about":[{"href":"https:\/\/trao.com.vn\/en\/wp-json\/wp\/v2\/types\/product"}],"replies":[{"embeddable":true,"href":"https:\/\/trao.com.vn\/en\/wp-json\/wp\/v2\/comments?post=14459"}],"wp:featuredmedia":[{"embeddable":true,"href":"https:\/\/trao.com.vn\/en\/wp-json\/wp\/v2\/media\/17802"}],"wp:attachment":[{"href":"https:\/\/trao.com.vn\/en\/wp-json\/wp\/v2\/media?parent=14459"}],"wp:term":[{"taxonomy":"product_brand","embeddable":true,"href":"https:\/\/trao.com.vn\/en\/wp-json\/wp\/v2\/product_brand?post=14459"},{"taxonomy":"product_cat","embeddable":true,"href":"https:\/\/trao.com.vn\/en\/wp-json\/wp\/v2\/product_cat?post=14459"},{"taxonomy":"product_tag","embeddable":true,"href":"https:\/\/trao.com.vn\/en\/wp-json\/wp\/v2\/product_tag?post=14459"}],"curies":[{"name":"wp","href":"https:\/\/api.w.org\/{rel}","templated":true}]}}