{"id":12682,"date":"2022-08-09T09:00:36","date_gmt":"2022-08-09T02:00:36","guid":{"rendered":"https:\/\/trao.com.vn\/?post_type=product&#038;p=12682"},"modified":"2026-02-10T11:54:58","modified_gmt":"2026-02-10T04:54:58","slug":"sach-nguoi-hung-tham-lang-phan-1","status":"publish","type":"product","link":"https:\/\/trao.com.vn\/en\/product-2\/sach-nguoi-hung-tham-lang-phan-1\/","title":{"rendered":"The book: The Silent Hero \u2013 Part 1"},"content":{"rendered":"<div id=\":158\" class=\"Ar Au Ao\">\n<div id=\":15c\" class=\"Am Al editable LW-avf tS-tW tS-tY\" tabindex=\"1\" role=\"textbox\" contenteditable=\"true\" spellcheck=\"false\" aria-label=\"Message Body\" aria-multiline=\"true\" aria-owns=\":20n\" aria-controls=\":20n\">\n<div class=\"gmail_signature\" dir=\"ltr\" data-smartmail=\"gmail_signature\">\n<div dir=\"ltr\">\n<div dir=\"ltr\">\n<div dir=\"ltr\">\n<div dir=\"ltr\">\n<div dir=\"ltr\">\n<div dir=\"ltr\">\n<div dir=\"ltr\">\n<div dir=\"ltr\">\n<div dir=\"ltr\">\n<div dir=\"ltr\">\n<div dir=\"ltr\">\n<div dir=\"ltr\">\n<div dir=\"ltr\">\n<div dir=\"ltr\">\n<div dir=\"ltr\">\n<div dir=\"ltr\">\n<div dir=\"ltr\">\n<div dir=\"ltr\">\n<ul>\n<li><em>Are you unsatisfied with life?<\/em><\/li>\n<li><em>Do you want to find something new? More exciting?<\/em><\/li>\n<li><em>Have you signed up for many courses?<\/em><\/li>\n<li><em>Have you met many people seeking advice?<\/em><\/li>\n<li><em>And surely you've read many books? <\/em><\/li>\n<\/ul>\n<p>Yet everything still seems hazy...<\/p>\n<\/div>\n<p>If I told you now that I could introduce you to the <strong>greatest teacher<\/strong> &#8211; <strong>the one who has the answer to all your questions<\/strong>, would you be willing to cross mountains and oceans to meet that teacher? I believe the answer would be <strong>YES<\/strong>.<\/p>\n<p>But, dear friend, you don't need to cross mountains and oceans. You just need to let your mind settle, like a calm lake on a beautiful autumn afternoon. You will hear your heart beat. You will feel each breath gently guiding you... and the rivers surging in your veins. You will also feel nature out there, and nature within you too.<\/p>\n<p>A seed knows how to sprout on its own. A flower knows how to emit its alluring fragrance to attract bees. Water ascending to the sky naturally transforms into clouds. Heavy clouds will return to the earth through rain. The nature within us always has the answer. As soon as our minds stop telling stories, the nature within us will begin to lead the way.<\/p>\n<p>I call that nature the silent hero. If the silent hero can care for a beating heart, then the hero can also pave the way to happiness. And then, we become spectators on the river of dreams.<\/p>\n<p>Therefore, we are not alone in this life. Even in what seem like the darkest moments, we always have the companionship of the silent hero. Every time we return to the care of that hero, our soul becomes fresh again. From there, we gain more faith in our choices. And no matter what adventures those choices lead us to, deep down we will always feel boundless peace.<\/p>\n<p style=\"text-align: center;\"><iframe loading=\"lazy\" src=\"\/\/www.youtube.com\/embed\/UWsWmGdR9Y4\" width=\"650\" height=\"364\" allowfullscreen=\"allowfullscreen\"><\/iframe><\/p>\n<p style=\"text-align: center;\"><em>Video Hoa h\u1eadu B\u1ea3o Ng\u1ecdc \u0111\u1ecdc 1 tr\u00edch \u0111o\u1ea1n trong s\u00e1ch &#8216;Ng\u01b0\u1eddi h\u00f9ng th\u1ea7m l\u1eb7ng&#8217;<\/em><\/p>\n<\/div>\n<\/div>\n<\/div>\n<\/div>\n<\/div>\n<\/div>\n<\/div>\n<\/div>\n<\/div>\n<\/div>\n<\/div>\n<\/div>\n<\/div>\n<\/div>\n<\/div>\n<\/div>\n<\/div>\n<\/div>\n<\/div>\n<\/div>\n<p>The book consists of<strong> 4 chapters<\/strong>:<\/p>\n<ul>\n<li style=\"list-style-type: none;\">\n<ul>\n<li><strong>Chapter 1:<\/strong> Who is the silent hero?<\/li>\n<li><strong>Chapter 2:<\/strong> The hero teaches us happiness<\/li>\n<li><strong>Chapter 3:<\/strong> The hero teaches us 'to work'<\/li>\n<li><strong>Chapter 4:<\/strong> Let the silent hero find you<\/li>\n<\/ul>\n<\/li>\n<\/ul>\n<p><img loading=\"lazy\" decoding=\"async\" class=\"aligncenter wp-image-12685\" src=\"https:\/\/trao.com.vn\/wp-content\/uploads\/2022\/08\/VBK1481-j.jpg\" alt=\"\" width=\"716\" height=\"477\" title=\"\" srcset=\"https:\/\/trao.com.vn\/wp-content\/uploads\/2022\/08\/VBK1481-j.jpg 1732w, https:\/\/trao.com.vn\/wp-content\/uploads\/2022\/08\/VBK1481-j-600x400.jpg 600w, https:\/\/trao.com.vn\/wp-content\/uploads\/2022\/08\/VBK1481-j-1201x800.jpg 1201w, https:\/\/trao.com.vn\/wp-content\/uploads\/2022\/08\/VBK1481-j-768x512.jpg 768w, https:\/\/trao.com.vn\/wp-content\/uploads\/2022\/08\/VBK1481-j-1536x1023.jpg 1536w\" sizes=\"auto, (max-width: 716px) 100vw, 716px\" \/><\/p>\n<p style=\"text-align: center;\"><strong>Cover of The Silent Hero<\/strong><\/p>\n<ul>\n<li style=\"list-style-type: none;\">\n<ul>\n<li>Genre: <strong>Prose fiction<\/strong> (consisting of many small stories)<\/li>\n<li>Number of pages: <strong>150 trang<\/strong><\/li>\n<li>Dimensions: <strong>15 x 22.5 cm<\/strong><\/li>\n<li>Author: <strong>Luong Ngoc Duc\u00a0<\/strong><\/li>\n<li>Illustration:<strong> Le Phuong Quynh<\/strong><\/li>\n<li>Manuscript completion year: <strong>2021<\/strong><\/li>\n<li>Publication year: <strong>10\/2022<\/strong><\/li>\n<li>Origin: <strong>Vietnam<\/strong><\/li>\n<\/ul>\n<\/li>\n<\/ul>\n<p style=\"text-align: center;\"><iframe loading=\"lazy\" src=\"\/\/www.youtube.com\/embed\/ez89a11MnE0\" width=\"700\" height=\"393\" allowfullscreen=\"allowfullscreen\"><\/iframe><\/p>\n<p style=\"text-align: center;\">&#8212;&#8212;&#8212;&#8212;&#8212;&#8212;&#8212;&#8212;&#8212;&#8211;<\/p>\n<h3 style=\"text-align: center;\"><span style=\"color: #008080;\"><strong><span style=\"color: #008000;\">About the Author<\/span><span style=\"font-size: 20.16px;\">\u00a0<\/span><\/strong><\/span><\/h3>\n<p><span style=\"color: #008000;\"><b>Laughing Duck (Chu Vit Cuoi)<\/b><\/span><span style=\"font-weight: 400;\"> is the pen name of<\/span><b><span style=\"color: #008000;\"> Luong Ngoc Duc<\/span> &#8211;<\/b><span style=\"font-weight: 400;\"> Co-founder <\/span><b><span style=\"color: #008000;\">Trao Group<\/span>.<\/b><span style=\"font-weight: 400;\"> The company dreams of opening a path for people to return to nature. By promoting a culture of giving with respect, Trao envisions a world where humans can live in harmony and cooperate with nature.\u00a0<\/span><\/p>\n<p><span style=\"font-weight: 400;\">Besides his role as an entrepreneur, Duck is also a children's book author with several published stories such as<\/span><span style=\"color: #008000;\"><b>The Legend of Seed Lucky Money<\/b><\/span><span style=\"font-weight: 400;\">\" or \"<\/span><span style=\"color: #008000;\"><b>'Our Wisdom Here \u2013 Part 2'<\/b><\/span><span style=\"font-weight: 400;\">'. In the future, Duck will continue to write and take readers to Trao's expansive fairy tale lands \u2013 where familiar fairy tale characters will once again find continuity, love, and forgiveness.<\/span><\/p>\n<p><img loading=\"lazy\" decoding=\"async\" class=\"aligncenter wp-image-12457\" src=\"https:\/\/trao.com.vn\/wp-content\/uploads\/2022\/06\/123011820_10157370522277077_712954240742005581_n.jpg\" alt=\"\" width=\"738\" height=\"492\" title=\"\" srcset=\"https:\/\/trao.com.vn\/wp-content\/uploads\/2022\/06\/123011820_10157370522277077_712954240742005581_n.jpg 1440w, https:\/\/trao.com.vn\/wp-content\/uploads\/2022\/06\/123011820_10157370522277077_712954240742005581_n-600x400.jpg 600w, https:\/\/trao.com.vn\/wp-content\/uploads\/2022\/06\/123011820_10157370522277077_712954240742005581_n-1200x800.jpg 1200w, https:\/\/trao.com.vn\/wp-content\/uploads\/2022\/06\/123011820_10157370522277077_712954240742005581_n-768x512.jpg 768w\" sizes=\"auto, (max-width: 738px) 100vw, 738px\" \/><\/p>\n<p style=\"text-align: center;\"><span style=\"font-weight: 400;\">Author: <strong>Luong Ngoc Duc<\/strong> (Ch\u00fa V\u1ecbt C\u01b0\u1eddi)<\/span><\/p>\n<p>&nbsp;<\/p>","protected":false},"excerpt":{"rendered":"<p><i><span style=\"font-weight: 400;\">This book opens the path to new adventures\u00a0<\/span><\/i><i><span style=\"font-weight: 400;\">of <span style=\"color: #008000;\"><strong>luck<\/strong><\/span>, <span style=\"color: #008000;\"><strong>joy<\/strong><\/span> and <span style=\"color: #008000;\"><strong>wonders for you<\/strong><\/span>.<\/span><\/i><\/p>\n<p><span data-sheets-value=\"{&quot;1&quot;:2,&quot;2&quot;:&quot;Quy\u1ec3n s\u00e1ch k\u1ec3 v\u1ec1 s\u1ef1 k\u1ebft n\u1ed1i gi\u1eefa con ng\u01b0\u1eddi v\u1edbi thi\u00ean nhi\u00ean. Thi\u00ean nhi\u00ean kh\u00f4ng ch\u1ec9 l\u00e0 nh\u1eefng g\u00ec bao la r\u1ed9ng l\u1edbn ngo\u00e0i kia, m\u00e0 Thi\u00ean nhi\u00ean c\u0169ng \u0111\u00e3 m\u00e3i lu\u00f4n \u1edf \u0111\u00f3 ng\u1eadp tr\u00e0n trong ta r\u1ed3i. Ch\u00fang t\u1edb g\u1ecdi thi\u00ean nhi\u00ean trong m\u00ecnh l\u00e0 ng\u01b0\u1eddi h\u00f9ng th\u1ea7m l\u1eb7ng. \\r\\nV\u00e0 v\u00ec th\u1ebf, ch\u00fang ta kh\u00f4ng c\u00f4 \u0111\u01a1n trong cu\u1ed9c s\u1ed1ng n\u00e0y. Cho d\u00f9 trong nh\u1eefng gi\u00e2y ph\u00fat t\u01b0\u1edfng ch\u1eebng \u0111en t\u1ed1i nh\u1ea5t, ch\u00fang ta v\u1eabn lu\u00f4n c\u00f3 s\u1ef1 \u0111\u1ed3ng h\u00e0nh c\u1ee7a ng\u01b0\u1eddi h\u00f9ng th\u1ea7m l\u1eb7ng. M\u1ed7i khi tr\u1edf v\u1ec1 trong s\u1ef1 ch\u0103m s\u00f3c c\u1ee7a ng\u01b0\u1eddi h\u00f9ng \u1ea5y l\u00e0 t\u00e2m h\u1ed3n ta l\u1ea1i tr\u1edf n\u00ean t\u01b0\u01a1i m\u1edbi. T\u1eeb \u0111\u00f3, ch\u00fang ta th\u00eam tin v\u00e0o nh\u1eefng l\u1ef1a ch\u1ecdn c\u1ee7a m\u00ecnh. V\u00e0 cho d\u00f9 nh\u1eefng l\u1ef1a ch\u1ecdn \u1ea5y c\u00f3 d\u1eabn ta t\u1edbi nh\u1eefng cu\u1ed9c phi\u00eau l\u01b0u n\u00e0o \u0111i ch\u0103ng n\u1eefa, th\u00ec t\u1eeb s\u00e2u th\u1eb3m ch\u00fang ta v\u1eabn lu\u00f4n c\u1ea3m th\u1ea5y b\u00ecnh an v\u00f4 h\u1ea1n.\\r&quot;}\" data-sheets-userformat=\"{&quot;2&quot;:13309,&quot;3&quot;:{&quot;1&quot;:1},&quot;5&quot;:{&quot;1&quot;:[{&quot;1&quot;:2,&quot;2&quot;:0,&quot;5&quot;:{&quot;1&quot;:2,&quot;2&quot;:0}},{&quot;1&quot;:0,&quot;2&quot;:0,&quot;3&quot;:3},{&quot;1&quot;:1,&quot;2&quot;:0,&quot;4&quot;:1}]},&quot;6&quot;:{&quot;1&quot;:[{&quot;1&quot;:2,&quot;2&quot;:0,&quot;5&quot;:{&quot;1&quot;:2,&quot;2&quot;:0}},{&quot;1&quot;:0,&quot;2&quot;:0,&quot;3&quot;:3},{&quot;1&quot;:1,&quot;2&quot;:0,&quot;4&quot;:1}]},&quot;7&quot;:{&quot;1&quot;:[{&quot;1&quot;:2,&quot;2&quot;:0,&quot;5&quot;:{&quot;1&quot;:2,&quot;2&quot;:0}},{&quot;1&quot;:0,&quot;2&quot;:0,&quot;3&quot;:3},{&quot;1&quot;:1,&quot;2&quot;:0,&quot;4&quot;:1}]},&quot;8&quot;:{&quot;1&quot;:[{&quot;1&quot;:2,&quot;2&quot;:0,&quot;5&quot;:{&quot;1&quot;:2,&quot;2&quot;:0}},{&quot;1&quot;:0,&quot;2&quot;:0,&quot;3&quot;:3},{&quot;1&quot;:1,&quot;2&quot;:0,&quot;4&quot;:1}]},&quot;9&quot;:1,&quot;10&quot;:0,&quot;11&quot;:4,&quot;12&quot;:0,&quot;15&quot;:&quot;Times New Roman&quot;,&quot;16&quot;:9}\">\u00a0<\/span><\/p>","protected":false},"featured_media":17807,"comment_status":"open","ping_status":"closed","template":"","meta":[],"product_brand":[],"product_cat":[221],"product_tag":[],"class_list":{"0":"post-12682","1":"product","2":"type-product","3":"status-publish","4":"has-post-thumbnail","6":"product_cat-trao-books","8":"first","9":"instock","10":"taxable","11":"shipping-taxable","12":"purchasable","13":"product-type-simple"},"_links":{"self":[{"href":"https:\/\/trao.com.vn\/en\/wp-json\/wp\/v2\/product\/12682","targetHints":{"allow":["GET"]}}],"collection":[{"href":"https:\/\/trao.com.vn\/en\/wp-json\/wp\/v2\/product"}],"about":[{"href":"https:\/\/trao.com.vn\/en\/wp-json\/wp\/v2\/types\/product"}],"replies":[{"embeddable":true,"href":"https:\/\/trao.com.vn\/en\/wp-json\/wp\/v2\/comments?post=12682"}],"wp:featuredmedia":[{"embeddable":true,"href":"https:\/\/trao.com.vn\/en\/wp-json\/wp\/v2\/media\/17807"}],"wp:attachment":[{"href":"https:\/\/trao.com.vn\/en\/wp-json\/wp\/v2\/media?parent=12682"}],"wp:term":[{"taxonomy":"product_brand","embeddable":true,"href":"https:\/\/trao.com.vn\/en\/wp-json\/wp\/v2\/product_brand?post=12682"},{"taxonomy":"product_cat","embeddable":true,"href":"https:\/\/trao.com.vn\/en\/wp-json\/wp\/v2\/product_cat?post=12682"},{"taxonomy":"product_tag","embeddable":true,"href":"https:\/\/trao.com.vn\/en\/wp-json\/wp\/v2\/product_tag?post=12682"}],"curies":[{"name":"wp","href":"https:\/\/api.w.org\/{rel}","templated":true}]}}