{"id":1252,"date":"2019-11-27T14:27:12","date_gmt":"2019-11-27T07:27:12","guid":{"rendered":"https:\/\/trao.com.vn\/?post_type=product&#038;p=1252"},"modified":"2025-12-18T11:07:21","modified_gmt":"2025-12-18T04:07:21","slug":"qua-tang-hat-giong-theo-yeu-cau-doanh-nghiep","status":"publish","type":"product","link":"https:\/\/trao.com.vn\/en\/product-2\/qua-tang-hat-giong-theo-yeu-cau-doanh-nghiep\/","title":{"rendered":"Seed Gifts \u2013 Customized to your requirements and budget \u2013 starting from 15,000 VND"},"content":{"rendered":"<div class=\"H1AvN cell\">\n<div dir=\"ltr\">\n<section class=\"_2RbVQ\" data-hook=\"description-wrapper\">\n<div class=\"_3nbVj\">\n<div class=\"_3cRjW\" data-hook=\"content-wrapper\">\n<div class=\"H1AvN cell\">\n<div dir=\"ltr\">\n<section class=\"_2RbVQ\" data-hook=\"description-wrapper\">\n<div class=\"_3nbVj\">\n<div class=\"_3cRjW\" data-hook=\"content-wrapper\">\n<p style=\"text-align: center;\"><em>Through the Seeds, Gieo tells the story of sowing <span style=\"color: #008000;\"><strong>wonders for you<\/strong><\/span>. From there, the seed becomes <span style=\"color: #008000;\"><strong>the most economical gift<\/strong><\/span> but also <strong><span style=\"color: #008000;\">the most unforgettable one<\/span><\/strong> that you can give to someone.\u00a0<\/em><\/p>\n<p style=\"text-align: center;\"><iframe loading=\"lazy\" title=\"YouTube video player\" src=\"https:\/\/www.youtube.com\/embed\/LdIgQg0PodQ?si=KAGyOU6DqWnYc61H\" width=\"700\" height=\"393,75\" frameborder=\"0\" allowfullscreen=\"allowfullscreen\" data-mce-fragment=\"1\"><span data-mce-type=\"bookmark\" style=\"display: inline-block; width: 0px; overflow: hidden; line-height: 0;\" class=\"mce_SELRES_start\"><\/span><\/iframe><\/p>\n<div class=\"_3cRjW\" data-hook=\"content-wrapper\">\n<p><strong style=\"color: #008000;\">A &#8211; C\u00c1 NH\u00c2N H\u00d3A S\u1ea2N PH\u1ea8M<\/strong><\/p>\n<p>Gieo c\u00f3 th\u1ec3 c\u00e1 nh\u00e2n h\u00f3a t\u1ea5t c\u1ea3 c\u00e1c s\u1ea3n ph\u1ea9m trong b\u1ed9 s\u01b0u t\u1eadp c\u1ee7a m\u00ecnh nh\u01b0 phong bao h\u1ea1t gi\u1ed1ng, b\u1ed9 kit gieo h\u1ea1t hay c\u00e1c b\u1ed9 h\u1ed9p qu\u00e0. Ph\u01b0\u01a1ng \u00e1n c\u00e1 nh\u00e2n h\u00f3a c\u0169ng r\u1ea5t \u0111a d\u1ea1ng nh\u01b0:<\/p>\n<ul>\n<li><em>D\u00e1n sticker logo <\/em><\/li>\n<li><em>In l\u1ea1i phong bao h\u1ea1t gi\u1ed1ng <\/em><\/li>\n<li><em>Thi\u1ebft k\u1ebf l\u1ea1i ho\u00e0n to\u00e0n s\u1ea3n ph\u1ea9m<\/em><\/li>\n<\/ul>\n<\/div>\n<div class=\"_3cRjW\" data-hook=\"content-wrapper\">\n<p><span style=\"color: #008000;\"><strong>Warranty:<\/strong><\/span> Gieo's seeds are carefully selected for a high germination rate. Gieo also includes an extra surprise seed pouch in each envelope. However, if some seeds are too \"sleepy\" and forget to germinate, you can still contact Gieo to send you new ones.<\/p>\n<p><span style=\"color: #008000;\"><strong>Product origin:<\/strong> <\/span>Vietnam<\/p>\n<\/div>\n<p><strong style=\"color: #008000; font-size: 14.4px;\">B - THE STORY OF SOWING WONDERS<\/strong><\/p>\n<div class=\"_3cRjW\" data-hook=\"content-wrapper\">\n<p>Each Gieo product includes a <strong><span style=\"color: #008000;\">wonder handbook<\/span><\/strong>. This handbook introduces <strong><span style=\"color: #008000;\">steps to sow seeds<\/span> <\/strong>and, at the same time, sow wonders. These 8 steps are also the <span style=\"color: #008000;\"><strong>journey of blossoming<\/strong> <\/span>for a seed or a dream.<\/p>\n<p><span style=\"color: #008000;\"><strong>Do you want to give a wonder?<\/strong><\/span> You can wish for someone's deepest desire to come true by giving them a seed. Then, invite them to sow the seed and the dream within them, and let that dream sprout and grow.<em> My dear friend, this is how all wonders are created. <\/em><span style=\"color: #333333; font-family: arial, helvetica, sans-serif; font-size: 100%;\">\u00a0<\/span><\/p>\n<\/div>\n<\/div>\n<\/div>\n<\/section>\n<\/div>\n<\/div>\n<p style=\"text-align: center;\"><iframe loading=\"lazy\" title=\"YouTube video player\" src=\"https:\/\/www.youtube.com\/embed\/8ti1KQ9lYuI?si=KrMSdLWKC27iusdF\" width=\"700\" height=\"393,75\" frameborder=\"0\" allowfullscreen=\"allowfullscreen\" data-mce-fragment=\"1\"><span data-mce-type=\"bookmark\" style=\"display: inline-block; width: 0px; overflow: hidden; line-height: 0;\" class=\"mce_SELRES_start\"><\/span><span data-mce-type=\"bookmark\" style=\"display: inline-block; width: 0px; overflow: hidden; line-height: 0;\" class=\"mce_SELRES_start\"><\/span><\/iframe><\/p>\n<p><span style=\"color: #008000;\"><strong>C - FOR BUSINESSES AND SCHOOLS\u00a0<\/strong><\/span><\/p>\n<p>Gieo can personalize Seed Gifts according to your<em><span style=\"color: #008000;\"><strong> story, dreams<\/strong><\/span><\/em> and <strong><em><span style=\"color: #008000;\">your budget<\/span> <\/em><\/strong>. Please contact Gieo for consultation: <strong><span style=\"color: #008000;\">0904.907.252<\/span><\/strong><\/p>\n<p><img loading=\"lazy\" decoding=\"async\" class=\"aligncenter wp-image-13665\" src=\"https:\/\/trao.com.vn\/wp-content\/uploads\/2023\/09\/Logo-6.png\" alt=\"\" width=\"966\" height=\"392\" title=\"\" srcset=\"https:\/\/trao.com.vn\/wp-content\/uploads\/2023\/09\/Logo-6.png 2048w, https:\/\/trao.com.vn\/wp-content\/uploads\/2023\/09\/Logo-6-800x325.png 800w, https:\/\/trao.com.vn\/wp-content\/uploads\/2023\/09\/Logo-6-1400x568.png 1400w, https:\/\/trao.com.vn\/wp-content\/uploads\/2023\/09\/Logo-6-768x312.png 768w, https:\/\/trao.com.vn\/wp-content\/uploads\/2023\/09\/Logo-6-1536x623.png 1536w, https:\/\/trao.com.vn\/wp-content\/uploads\/2023\/09\/Logo-6-600x243.png 600w\" sizes=\"auto, (max-width: 966px) 100vw, 966px\" \/><\/p>\n<p style=\"text-align: center;\"><em>Many reputable businesses have chosen Gieo's products for their gifting programs.\u00a0<\/em><\/p>\n<\/div>\n<\/div>\n<\/section>\n<\/div>\n<\/div>","protected":false},"excerpt":{"rendered":"<p><span style=\"font-size: 100%;\">M\u00f3n qu\u00e0 \u0111\u01b0\u1ee3c c\u00e1 nh\u00e2n h\u00f3a theo Logo, chi\u1ebfn d\u1ecbch v\u00e0 ng\u00e2n s\u00e1ch c\u1ee7a b\u1ea1n. Nhi\u1ec1u C\u00f4ng ty nh\u01b0 Google, LG, Vinpearl, Unilever &#8230; \u0111\u00e3 h\u1ee3p t\u00e1c c\u00f9ng Gieo theo c\u00e1ch n\u00e0y.\u00a0<\/span><\/p>","protected":false},"featured_media":13969,"comment_status":"open","ping_status":"closed","template":"","meta":[],"product_brand":[],"product_cat":[240,262,241],"product_tag":[91,90,88,89,60,50,49,51,52,64,63],"class_list":{"0":"post-1252","1":"product","2":"type-product","3":"status-publish","4":"has-post-thumbnail","6":"product_cat-phong-bao-hat-giong","7":"product_cat-qua-tang-hat-giong","8":"product_cat-bo-kit-gieo-hat-trong-cay","9":"product_tag-cuoc-thi-thiet-ke-li-xi-hat-giong","10":"product_tag-gieo","11":"product_tag-hat-giong-dieu-ky","12":"product_tag-hat-giong-may-man","13":"product_tag-hong-hoa-hibiscus","14":"product_tag-hop-qua-tet","15":"product_tag-li-xi-hat-giong","16":"product_tag-qua-tet","17":"product_tag-qua-tet-doanh-nghiep","18":"product_tag-trao-gourmet-gifts","19":"product_tag-trao-group","21":"first","22":"instock","23":"taxable","24":"shipping-taxable","25":"product-type-simple"},"_links":{"self":[{"href":"https:\/\/trao.com.vn\/en\/wp-json\/wp\/v2\/product\/1252","targetHints":{"allow":["GET"]}}],"collection":[{"href":"https:\/\/trao.com.vn\/en\/wp-json\/wp\/v2\/product"}],"about":[{"href":"https:\/\/trao.com.vn\/en\/wp-json\/wp\/v2\/types\/product"}],"replies":[{"embeddable":true,"href":"https:\/\/trao.com.vn\/en\/wp-json\/wp\/v2\/comments?post=1252"}],"wp:featuredmedia":[{"embeddable":true,"href":"https:\/\/trao.com.vn\/en\/wp-json\/wp\/v2\/media\/13969"}],"wp:attachment":[{"href":"https:\/\/trao.com.vn\/en\/wp-json\/wp\/v2\/media?parent=1252"}],"wp:term":[{"taxonomy":"product_brand","embeddable":true,"href":"https:\/\/trao.com.vn\/en\/wp-json\/wp\/v2\/product_brand?post=1252"},{"taxonomy":"product_cat","embeddable":true,"href":"https:\/\/trao.com.vn\/en\/wp-json\/wp\/v2\/product_cat?post=1252"},{"taxonomy":"product_tag","embeddable":true,"href":"https:\/\/trao.com.vn\/en\/wp-json\/wp\/v2\/product_tag?post=1252"}],"curies":[{"name":"wp","href":"https:\/\/api.w.org\/{rel}","templated":true}]}}