{"id":11661,"date":"2022-03-07T11:21:55","date_gmt":"2022-03-07T04:21:55","guid":{"rendered":"https:\/\/trao.com.vn\/?post_type=product&#038;p=11661"},"modified":"2025-06-12T11:38:24","modified_gmt":"2025-06-12T04:38:24","slug":"sach-tri-khon-cua-ta-day-phan-2","status":"publish","type":"product","link":"https:\/\/trao.com.vn\/en\/product-2\/sach-tri-khon-cua-ta-day-phan-2\/","title":{"rendered":"The book: Our Wisdom Here \u2013 The Sequel"},"content":{"rendered":"<p>Genre:<span style=\"color: #008000;\"> <strong>Colored comic book<\/strong><\/span><br \/>\nNumber of pages: <span style=\"color: #008000;\"><strong>12 pages<br \/>\n<\/strong><\/span>Dimensions: <span style=\"color: #008000;\"><strong>18 x 18 cm<br \/>\n<\/strong><\/span>Author: <span style=\"color: #008000;\"><strong>Luong Ngoc Duc<\/strong><\/span><br \/>\nIllustration:<strong><span style=\"color: #008000;\"> Lun Anh<\/span><\/strong><br \/>\nManuscript completion year: <strong><span style=\"color: #008000;\">2019<\/span><\/strong><br \/>\nPublication year: <strong><span style=\"color: #008000;\">2022<\/span><\/strong><\/p>\n<p><span data-sheets-value=\"{&quot;1&quot;:2,&quot;2&quot;:&quot; \u201cTr\u00ed kh\u00f4n c\u1ee7a ta \u0111\u00e2y - Ph\u1ea7n 2\u201d gi\u00fap ng\u01b0\u1eddi \u0111\u1ecdc c\u00f3 th\u00eam l\u1ef1a ch\u1ecdn v\u1ec1 m\u1ed9t g\u00f3c nh\u00ecn kh\u00e1c cho m\u1ed9t truy\u1ec7n ng\u1ee5 ng\u00f4n t\u1eeb n\u1ed5i ti\u1ebfng trong kho t\u00e0ng v\u0103n h\u1ecdc Vi\u1ec7t Nam. C\u00e2u chuy\u1ec7n n\u00e0y gi\u1edbi thi\u1ec7u m\u1ed9t lo\u1ea1i h\u00ecnh \u2018tr\u00ed kh\u00f4n\u2019 m\u1edbi v\u00e0 h\u01b0\u1edbng \u0111\u1ed9c gi\u1ea3 t\u1edbi s\u1ef1 nh\u00e2n v\u0103n v\u00e0 y\u00eau th\u01b0\u01a1ng nhi\u1ec1u h\u01a1n. nTh\u00f4ng qua s\u1ef1 th\u00f4ng minh c\u1ee7a ng\u01b0\u1eddi n\u00f4ng d\u00e2n trong c\u00e2u chuy\u1ec7n cho ta th\u1ea5y \u0111\u01b0\u1ee3c c\u00e1ch x\u1eed l\u00fd t\u00ecnh hu\u1ed1ng v\u00f4 c\u00f9ng kh\u00e9o l\u00e9o v\u00e0 g\u00e2y n\u00ean s\u1ef1 b\u1ea5t ng\u1edd ho\u00e0n to\u00e0n cho ch\u00fa h\u1ed5. Ch\u1ec9 khi trong ho\u00e0n c\u1ea3nh c\u1ee7a ch\u00fa tr\u00e2u h\u1ed5 m\u1edbi nh\u1eadn ra \u0111\u01b0\u1ee3c s\u1ee9c m\u1ea1nh th\u1ef1c s\u1ef1 c\u1ee7a tr\u00ed kh\u00f4n. \u0110\u00f3 c\u0169ng l\u00e0 b\u00e0i h\u1ecdc v\u1ec1 vi\u1ec7c bi\u1ebft \u0111\u1eb7t m\u00ecnh v\u00e0o v\u1ecb tr\u00ed c\u1ee7a ng\u01b0\u1eddi kh\u00e1c.&quot;}\" data-sheets-userformat=\"{&quot;2&quot;:12797,&quot;3&quot;:{&quot;1&quot;:0,&quot;3&quot;:1},&quot;5&quot;:{&quot;1&quot;:[{&quot;1&quot;:2,&quot;2&quot;:0,&quot;5&quot;:{&quot;1&quot;:2,&quot;2&quot;:0}},{&quot;1&quot;:0,&quot;2&quot;:0,&quot;3&quot;:3},{&quot;1&quot;:1,&quot;2&quot;:0,&quot;4&quot;:1}]},&quot;6&quot;:{&quot;1&quot;:[{&quot;1&quot;:2,&quot;2&quot;:0,&quot;5&quot;:{&quot;1&quot;:2,&quot;2&quot;:0}},{&quot;1&quot;:0,&quot;2&quot;:0,&quot;3&quot;:3},{&quot;1&quot;:1,&quot;2&quot;:0,&quot;4&quot;:1}]},&quot;7&quot;:{&quot;1&quot;:[{&quot;1&quot;:2,&quot;2&quot;:0,&quot;5&quot;:{&quot;1&quot;:2,&quot;2&quot;:0}},{&quot;1&quot;:0,&quot;2&quot;:0,&quot;3&quot;:3},{&quot;1&quot;:1,&quot;2&quot;:0,&quot;4&quot;:1}]},&quot;8&quot;:{&quot;1&quot;:[{&quot;1&quot;:2,&quot;2&quot;:0,&quot;5&quot;:{&quot;1&quot;:2,&quot;2&quot;:0}},{&quot;1&quot;:0,&quot;2&quot;:0,&quot;3&quot;:3},{&quot;1&quot;:1,&quot;2&quot;:0,&quot;4&quot;:1}]},&quot;9&quot;:1,&quot;10&quot;:0,&quot;11&quot;:4,&quot;15&quot;:&quot;Times New Roman&quot;,&quot;16&quot;:9}\"><span style=\"color: #008000;\"><strong>\"Our Wisdom Here - Part 2\"<\/strong><\/span> <\/span><span data-sheets-value=\"{&quot;1&quot;:2,&quot;2&quot;:&quot; \u201cTr\u00ed kh\u00f4n c\u1ee7a ta \u0111\u00e2y - Ph\u1ea7n 2\u201d gi\u00fap ng\u01b0\u1eddi \u0111\u1ecdc c\u00f3 th\u00eam l\u1ef1a ch\u1ecdn v\u1ec1 m\u1ed9t g\u00f3c nh\u00ecn kh\u00e1c cho m\u1ed9t truy\u1ec7n ng\u1ee5 ng\u00f4n t\u1eeb n\u1ed5i ti\u1ebfng trong kho t\u00e0ng v\u0103n h\u1ecdc Vi\u1ec7t Nam. C\u00e2u chuy\u1ec7n n\u00e0y gi\u1edbi thi\u1ec7u m\u1ed9t lo\u1ea1i h\u00ecnh \u2018tr\u00ed kh\u00f4n\u2019 m\u1edbi v\u00e0 h\u01b0\u1edbng \u0111\u1ed9c gi\u1ea3 t\u1edbi s\u1ef1 nh\u00e2n v\u0103n v\u00e0 y\u00eau th\u01b0\u01a1ng nhi\u1ec1u h\u01a1n. nTh\u00f4ng qua s\u1ef1 th\u00f4ng minh c\u1ee7a ng\u01b0\u1eddi n\u00f4ng d\u00e2n trong c\u00e2u chuy\u1ec7n cho ta th\u1ea5y \u0111\u01b0\u1ee3c c\u00e1ch x\u1eed l\u00fd t\u00ecnh hu\u1ed1ng v\u00f4 c\u00f9ng kh\u00e9o l\u00e9o v\u00e0 g\u00e2y n\u00ean s\u1ef1 b\u1ea5t ng\u1edd ho\u00e0n to\u00e0n cho ch\u00fa h\u1ed5. Ch\u1ec9 khi trong ho\u00e0n c\u1ea3nh c\u1ee7a ch\u00fa tr\u00e2u h\u1ed5 m\u1edbi nh\u1eadn ra \u0111\u01b0\u1ee3c s\u1ee9c m\u1ea1nh th\u1ef1c s\u1ef1 c\u1ee7a tr\u00ed kh\u00f4n. \u0110\u00f3 c\u0169ng l\u00e0 b\u00e0i h\u1ecdc v\u1ec1 vi\u1ec7c bi\u1ebft \u0111\u1eb7t m\u00ecnh v\u00e0o v\u1ecb tr\u00ed c\u1ee7a ng\u01b0\u1eddi kh\u00e1c.&quot;}\" data-sheets-userformat=\"{&quot;2&quot;:12797,&quot;3&quot;:{&quot;1&quot;:0,&quot;3&quot;:1},&quot;5&quot;:{&quot;1&quot;:[{&quot;1&quot;:2,&quot;2&quot;:0,&quot;5&quot;:{&quot;1&quot;:2,&quot;2&quot;:0}},{&quot;1&quot;:0,&quot;2&quot;:0,&quot;3&quot;:3},{&quot;1&quot;:1,&quot;2&quot;:0,&quot;4&quot;:1}]},&quot;6&quot;:{&quot;1&quot;:[{&quot;1&quot;:2,&quot;2&quot;:0,&quot;5&quot;:{&quot;1&quot;:2,&quot;2&quot;:0}},{&quot;1&quot;:0,&quot;2&quot;:0,&quot;3&quot;:3},{&quot;1&quot;:1,&quot;2&quot;:0,&quot;4&quot;:1}]},&quot;7&quot;:{&quot;1&quot;:[{&quot;1&quot;:2,&quot;2&quot;:0,&quot;5&quot;:{&quot;1&quot;:2,&quot;2&quot;:0}},{&quot;1&quot;:0,&quot;2&quot;:0,&quot;3&quot;:3},{&quot;1&quot;:1,&quot;2&quot;:0,&quot;4&quot;:1}]},&quot;8&quot;:{&quot;1&quot;:[{&quot;1&quot;:2,&quot;2&quot;:0,&quot;5&quot;:{&quot;1&quot;:2,&quot;2&quot;:0}},{&quot;1&quot;:0,&quot;2&quot;:0,&quot;3&quot;:3},{&quot;1&quot;:1,&quot;2&quot;:0,&quot;4&quot;:1}]},&quot;9&quot;:1,&quot;10&quot;:0,&quot;11&quot;:4,&quot;15&quot;:&quot;Times New Roman&quot;,&quot;16&quot;:9}\"><span style=\"font-weight: 400;\">offers readers a fresh perspective on the true meaning of human intelligence. Here, wisdom is love, not deceit.\u00a0<\/span><\/span><\/p>\n<p><span style=\"font-weight: 400;\">The story gains even more significance by being released in the Year of the Tiger. This is a fitting time for us to tell new stories about Tigers. Nowadays, Tigers are no longer as common as before but are rare animals that need to be conserved. Beyond its <strong><span style=\"color: #008000;\">humanitarian values<\/span><\/strong>, the story also guides young readers towards <strong><span style=\"color: #008000;\">harmony with nature<\/span><\/strong> and <strong><span style=\"color: #008000;\">caring for all living beings<\/span><\/strong>, including Tigers.\u00a0<\/span><\/p>\n<p><strong>T\u00f3m t\u1eaft<span style=\"color: #008000;\"> Our Wisdom Here - Part 1<\/span><\/strong> (original story)<\/p>\n<p><em>The Tiger, curious about what wits were, went and asked the farmer. The farmer said he'd left his wits at home and had to go back to get them. But he feared the Tiger would eat his Buffalo, so he suggested tying the Tiger to a tree. The Tiger immediately agreed. Then, the farmer piled straw around the tree and set it on fire, shouting loudly: \"Here are my wits! Here are my wits!\"<\/em><\/p>\n<p><em>Seeing this, the Buffalo laughs, unfortunately hitting his upper jaw against a rock, losing all his teeth. Much later, the fire burns through the rope, and the Tiger manages to run away into the forest. Since then, the Buffalo has no teeth in his upper jaw, and the Tiger has long black stripes on his body.<\/em><\/p>\n<p><b>We invite you to read <span style=\"color: #008000;\">\"Our Wisdom Here - Part 2\"<\/span> with Trao!<\/b><\/p>\n<p><img loading=\"lazy\" decoding=\"async\" class=\"aligncenter wp-image-12511\" src=\"https:\/\/trao.com.vn\/wp-content\/uploads\/2022\/06\/Bia.jpg\" alt=\"\" width=\"725\" height=\"725\" title=\"\" srcset=\"https:\/\/trao.com.vn\/wp-content\/uploads\/2022\/06\/Bia.jpg 2041w, https:\/\/trao.com.vn\/wp-content\/uploads\/2022\/06\/Bia-400x400.jpg 400w, https:\/\/trao.com.vn\/wp-content\/uploads\/2022\/06\/Bia-800x800.jpg 800w, https:\/\/trao.com.vn\/wp-content\/uploads\/2022\/06\/Bia-280x280.jpg 280w, https:\/\/trao.com.vn\/wp-content\/uploads\/2022\/06\/Bia-768x768.jpg 768w, https:\/\/trao.com.vn\/wp-content\/uploads\/2022\/06\/Bia-1536x1536.jpg 1536w, https:\/\/trao.com.vn\/wp-content\/uploads\/2022\/06\/Bia-45x45.jpg 45w, https:\/\/trao.com.vn\/wp-content\/uploads\/2022\/06\/Bia-600x600.jpg 600w, https:\/\/trao.com.vn\/wp-content\/uploads\/2022\/06\/Bia-100x100.jpg 100w\" sizes=\"auto, (max-width: 725px) 100vw, 725px\" \/>__<\/p>\n<p><em>The farmer returns to the village feeling happy and triumphant after tricking the foolish Tiger. He tells everyone in the village about tying up the Tiger and burning him to show him what wisdom is. Everyone who hears it is delighted and has a hearty laugh.<\/em><\/p>\n<p><em>\u2026 only one person didn't laugh.<\/em><\/p>\n<p><em>That was... The Village Elder.<\/em><\/p>\n<p><em>His face changes color. He slams his hand on the bed and stands up, walking towards the farmer. The Village Elder shouts loudly, to the surprise of everyone.<\/em><\/p>\n<p><em>\"That's deception, not wisdom. If you still have wits, go find the tiger and bring him back here.\"<\/em><\/p>\n<p><em>With that, the Village Elder ordered everyone in the village to go find the Tiger. They searched and searched until they found the Tiger, severely burned and barely breathing, by a stream in the deep forest.<\/em><\/p>\n<div class=\"VCSortableInPreviewMode noCaption\">\n<div><em><img decoding=\"async\" id=\"img_6d35ecd0-dd9c-11ec-b786-a30ac79ad7a0\" class=\"aligncenter\" title=\"Ra m\u1eaft s\u00e1ch truy\u1ec7n tranh Tr\u00ed kh\u00f4n c\u1ee7a ta \u0111\u00e2y - ph\u1ea7n 2 - \u1ea2nh 2.\" src=\"https:\/\/vtv1.mediacdn.vn\/thumb_w\/640\/2022\/5\/27\/photo-1-16536424395801917467203.jpg\" alt=\"Ra m\u1eaft s\u00e1ch truy\u1ec7n tranh Tr\u00ed kh\u00f4n c\u1ee7a ta \u0111\u00e2y - ph\u1ea7n 2 - \u1ea2nh 2.\" width=\"\" height=\"\" data-original=\"https:\/\/vtv1.mediacdn.vn\/2022\/5\/27\/photo-1-16536424395801917467203.jpg\" \/><\/em><\/div>\n<\/div>\n<p><em>The villagers together carry the Tiger back. The Village Elder orders everyone to take turns taking good care of the Tiger day and night.<\/em><\/p>\n<p><em>A few days later, the Tiger gradually recovered. The whole village gathered around the Tiger. The Village Elder approached, took the Tiger's paw, and apologized to the Tiger for the mistakes caused by his villagers. The farmer also realized his error. He thanked the Village Elder for teaching him a valuable lesson and bravely apologized to the Tiger in front of everyone.<\/em><\/p>\n<p><em>The Tiger smiled and said, \"I feel better now. Human wisdom is truly formidable. It's worth enduring this pain to understand such a lesson.\"<\/em><\/p>\n<p><em>With a wrinkled and benevolent face, the Village Elder spoke in a warm, gentle voice: \"Tiger, human wisdom is not like that. Human wisdom lies in knowing how to recognize one's mistakes and having the courage to correct them. Human wisdom is in a heart that knows right from wrong and knows how to love. Tiger, please stay here a little longer so the villagers can care for you, and please be a friend to humans!\"<\/em><\/p>\n<p><em>The Tiger's face seemed to light up with the Village Elder's words. The Tiger offered a gentle smile, forgiving the farmer.<\/em><\/p>\n<p><em>Witnessing the whole event, the Buffalo also realizes his mistake in laughing at the Tiger's pain when he was burned. The Buffalo also apologizes to the Tiger, and from then on, the Buffalo becomes a close friend of the Tiger.<\/em><\/p>\n<p>&nbsp;<\/p>","protected":false},"excerpt":{"rendered":"<p><span data-sheets-value=\"{&quot;1&quot;:2,&quot;2&quot;:&quot; \u201cTr\u00ed kh\u00f4n c\u1ee7a ta \u0111\u00e2y - Ph\u1ea7n 2\u201d gi\u00fap ng\u01b0\u1eddi \u0111\u1ecdc c\u00f3 th\u00eam l\u1ef1a ch\u1ecdn v\u1ec1 m\u1ed9t g\u00f3c nh\u00ecn kh\u00e1c cho m\u1ed9t truy\u1ec7n ng\u1ee5 ng\u00f4n t\u1eeb n\u1ed5i ti\u1ebfng trong kho t\u00e0ng v\u0103n h\u1ecdc Vi\u1ec7t Nam. C\u00e2u chuy\u1ec7n n\u00e0y gi\u1edbi thi\u1ec7u m\u1ed9t lo\u1ea1i h\u00ecnh \u2018tr\u00ed kh\u00f4n\u2019 m\u1edbi v\u00e0 h\u01b0\u1edbng \u0111\u1ed9c gi\u1ea3 t\u1edbi s\u1ef1 nh\u00e2n v\u0103n v\u00e0 y\u00eau th\u01b0\u01a1ng nhi\u1ec1u h\u01a1n. nTh\u00f4ng qua s\u1ef1 th\u00f4ng minh c\u1ee7a ng\u01b0\u1eddi n\u00f4ng d\u00e2n trong c\u00e2u chuy\u1ec7n cho ta th\u1ea5y \u0111\u01b0\u1ee3c c\u00e1ch x\u1eed l\u00fd t\u00ecnh hu\u1ed1ng v\u00f4 c\u00f9ng kh\u00e9o l\u00e9o v\u00e0 g\u00e2y n\u00ean s\u1ef1 b\u1ea5t ng\u1edd ho\u00e0n to\u00e0n cho ch\u00fa h\u1ed5. Ch\u1ec9 khi trong ho\u00e0n c\u1ea3nh c\u1ee7a ch\u00fa tr\u00e2u h\u1ed5 m\u1edbi nh\u1eadn ra \u0111\u01b0\u1ee3c s\u1ee9c m\u1ea1nh th\u1ef1c s\u1ef1 c\u1ee7a tr\u00ed kh\u00f4n. \u0110\u00f3 c\u0169ng l\u00e0 b\u00e0i h\u1ecdc v\u1ec1 vi\u1ec7c bi\u1ebft \u0111\u1eb7t m\u00ecnh v\u00e0o v\u1ecb tr\u00ed c\u1ee7a ng\u01b0\u1eddi kh\u00e1c.&quot;}\" data-sheets-userformat=\"{&quot;2&quot;:12797,&quot;3&quot;:{&quot;1&quot;:0,&quot;3&quot;:1},&quot;5&quot;:{&quot;1&quot;:[{&quot;1&quot;:2,&quot;2&quot;:0,&quot;5&quot;:{&quot;1&quot;:2,&quot;2&quot;:0}},{&quot;1&quot;:0,&quot;2&quot;:0,&quot;3&quot;:3},{&quot;1&quot;:1,&quot;2&quot;:0,&quot;4&quot;:1}]},&quot;6&quot;:{&quot;1&quot;:[{&quot;1&quot;:2,&quot;2&quot;:0,&quot;5&quot;:{&quot;1&quot;:2,&quot;2&quot;:0}},{&quot;1&quot;:0,&quot;2&quot;:0,&quot;3&quot;:3},{&quot;1&quot;:1,&quot;2&quot;:0,&quot;4&quot;:1}]},&quot;7&quot;:{&quot;1&quot;:[{&quot;1&quot;:2,&quot;2&quot;:0,&quot;5&quot;:{&quot;1&quot;:2,&quot;2&quot;:0}},{&quot;1&quot;:0,&quot;2&quot;:0,&quot;3&quot;:3},{&quot;1&quot;:1,&quot;2&quot;:0,&quot;4&quot;:1}]},&quot;8&quot;:{&quot;1&quot;:[{&quot;1&quot;:2,&quot;2&quot;:0,&quot;5&quot;:{&quot;1&quot;:2,&quot;2&quot;:0}},{&quot;1&quot;:0,&quot;2&quot;:0,&quot;3&quot;:3},{&quot;1&quot;:1,&quot;2&quot;:0,&quot;4&quot;:1}]},&quot;9&quot;:1,&quot;10&quot;:0,&quot;11&quot;:4,&quot;15&quot;:&quot;Times New Roman&quot;,&quot;16&quot;:9}\">The book <\/span><span data-sheets-value=\"{&quot;1&quot;:2,&quot;2&quot;:&quot; \u201cTr\u00ed kh\u00f4n c\u1ee7a ta \u0111\u00e2y - Ph\u1ea7n 2\u201d gi\u00fap ng\u01b0\u1eddi \u0111\u1ecdc c\u00f3 th\u00eam l\u1ef1a ch\u1ecdn v\u1ec1 m\u1ed9t g\u00f3c nh\u00ecn kh\u00e1c cho m\u1ed9t truy\u1ec7n ng\u1ee5 ng\u00f4n t\u1eeb n\u1ed5i ti\u1ebfng trong kho t\u00e0ng v\u0103n h\u1ecdc Vi\u1ec7t Nam. C\u00e2u chuy\u1ec7n n\u00e0y gi\u1edbi thi\u1ec7u m\u1ed9t lo\u1ea1i h\u00ecnh \u2018tr\u00ed kh\u00f4n\u2019 m\u1edbi v\u00e0 h\u01b0\u1edbng \u0111\u1ed9c gi\u1ea3 t\u1edbi s\u1ef1 nh\u00e2n v\u0103n v\u00e0 y\u00eau th\u01b0\u01a1ng nhi\u1ec1u h\u01a1n. nTh\u00f4ng qua s\u1ef1 th\u00f4ng minh c\u1ee7a ng\u01b0\u1eddi n\u00f4ng d\u00e2n trong c\u00e2u chuy\u1ec7n cho ta th\u1ea5y \u0111\u01b0\u1ee3c c\u00e1ch x\u1eed l\u00fd t\u00ecnh hu\u1ed1ng v\u00f4 c\u00f9ng kh\u00e9o l\u00e9o v\u00e0 g\u00e2y n\u00ean s\u1ef1 b\u1ea5t ng\u1edd ho\u00e0n to\u00e0n cho ch\u00fa h\u1ed5. Ch\u1ec9 khi trong ho\u00e0n c\u1ea3nh c\u1ee7a ch\u00fa tr\u00e2u h\u1ed5 m\u1edbi nh\u1eadn ra \u0111\u01b0\u1ee3c s\u1ee9c m\u1ea1nh th\u1ef1c s\u1ef1 c\u1ee7a tr\u00ed kh\u00f4n. \u0110\u00f3 c\u0169ng l\u00e0 b\u00e0i h\u1ecdc v\u1ec1 vi\u1ec7c bi\u1ebft \u0111\u1eb7t m\u00ecnh v\u00e0o v\u1ecb tr\u00ed c\u1ee7a ng\u01b0\u1eddi kh\u00e1c.&quot;}\" data-sheets-userformat=\"{&quot;2&quot;:12797,&quot;3&quot;:{&quot;1&quot;:0,&quot;3&quot;:1},&quot;5&quot;:{&quot;1&quot;:[{&quot;1&quot;:2,&quot;2&quot;:0,&quot;5&quot;:{&quot;1&quot;:2,&quot;2&quot;:0}},{&quot;1&quot;:0,&quot;2&quot;:0,&quot;3&quot;:3},{&quot;1&quot;:1,&quot;2&quot;:0,&quot;4&quot;:1}]},&quot;6&quot;:{&quot;1&quot;:[{&quot;1&quot;:2,&quot;2&quot;:0,&quot;5&quot;:{&quot;1&quot;:2,&quot;2&quot;:0}},{&quot;1&quot;:0,&quot;2&quot;:0,&quot;3&quot;:3},{&quot;1&quot;:1,&quot;2&quot;:0,&quot;4&quot;:1}]},&quot;7&quot;:{&quot;1&quot;:[{&quot;1&quot;:2,&quot;2&quot;:0,&quot;5&quot;:{&quot;1&quot;:2,&quot;2&quot;:0}},{&quot;1&quot;:0,&quot;2&quot;:0,&quot;3&quot;:3},{&quot;1&quot;:1,&quot;2&quot;:0,&quot;4&quot;:1}]},&quot;8&quot;:{&quot;1&quot;:[{&quot;1&quot;:2,&quot;2&quot;:0,&quot;5&quot;:{&quot;1&quot;:2,&quot;2&quot;:0}},{&quot;1&quot;:0,&quot;2&quot;:0,&quot;3&quot;:3},{&quot;1&quot;:1,&quot;2&quot;:0,&quot;4&quot;:1}]},&quot;9&quot;:1,&quot;10&quot;:0,&quot;11&quot;:4,&quot;15&quot;:&quot;Times New Roman&quot;,&quot;16&quot;:9}\"><span style=\"font-weight: 400;\">bringing readers a new perspective on the true wisdom of human beings. In that perspective, <span style=\"color: #008000;\"><strong>wisdom is love<\/strong><\/span>, not deception.<\/span><\/span><\/p>","protected":false},"featured_media":17808,"comment_status":"open","ping_status":"closed","template":"","meta":[],"product_brand":[],"product_cat":[221],"product_tag":[],"class_list":{"0":"post-11661","1":"product","2":"type-product","3":"status-publish","4":"has-post-thumbnail","6":"product_cat-trao-books","8":"first","9":"instock","10":"taxable","11":"shipping-taxable","12":"purchasable","13":"product-type-simple"},"_links":{"self":[{"href":"https:\/\/trao.com.vn\/en\/wp-json\/wp\/v2\/product\/11661","targetHints":{"allow":["GET"]}}],"collection":[{"href":"https:\/\/trao.com.vn\/en\/wp-json\/wp\/v2\/product"}],"about":[{"href":"https:\/\/trao.com.vn\/en\/wp-json\/wp\/v2\/types\/product"}],"replies":[{"embeddable":true,"href":"https:\/\/trao.com.vn\/en\/wp-json\/wp\/v2\/comments?post=11661"}],"wp:featuredmedia":[{"embeddable":true,"href":"https:\/\/trao.com.vn\/en\/wp-json\/wp\/v2\/media\/17808"}],"wp:attachment":[{"href":"https:\/\/trao.com.vn\/en\/wp-json\/wp\/v2\/media?parent=11661"}],"wp:term":[{"taxonomy":"product_brand","embeddable":true,"href":"https:\/\/trao.com.vn\/en\/wp-json\/wp\/v2\/product_brand?post=11661"},{"taxonomy":"product_cat","embeddable":true,"href":"https:\/\/trao.com.vn\/en\/wp-json\/wp\/v2\/product_cat?post=11661"},{"taxonomy":"product_tag","embeddable":true,"href":"https:\/\/trao.com.vn\/en\/wp-json\/wp\/v2\/product_tag?post=11661"}],"curies":[{"name":"wp","href":"https:\/\/api.w.org\/{rel}","templated":true}]}}