{"id":18652,"date":"2025-08-08T14:26:47","date_gmt":"2025-08-08T07:26:47","guid":{"rendered":"https:\/\/trao.com.vn\/?page_id=18652"},"modified":"2025-12-01T09:55:03","modified_gmt":"2025-12-01T02:55:03","slug":"hanh-trinh-dieu-ky","status":"publish","type":"page","link":"https:\/\/trao.com.vn\/en\/hanh-trinh-dieu-ky\/","title":{"rendered":"H\u00e0nh tr\u00ecnh di\u1ec7u k\u1ef3"},"content":{"rendered":"<div class=\"row\"  id=\"row-1157672381\">\n\n\t<div id=\"col-1655892613\" class=\"col small-12 large-12\"  >\n\t\t\t\t<div class=\"col-inner\"  >\n\t\t\t\n\t\t\t\n\t<div class=\"img has-hover x md-x lg-x y md-y lg-y\" id=\"image_362118163\">\n\t\t\t\t\t\t\t\t<div class=\"img-inner dark\" >\n\t\t\t<img loading=\"lazy\" decoding=\"async\" width=\"1020\" height=\"595\" src=\"https:\/\/trao.com.vn\/wp-content\/uploads\/2024\/10\/0210-banner-huong-dan-gieo-dieu-ky.jpg\" class=\"attachment-large size-large\" alt=\"\" srcset=\"https:\/\/trao.com.vn\/wp-content\/uploads\/2024\/10\/0210-banner-huong-dan-gieo-dieu-ky.jpg 1200w, https:\/\/trao.com.vn\/wp-content\/uploads\/2024\/10\/0210-banner-huong-dan-gieo-dieu-ky-686x400.jpg 686w, https:\/\/trao.com.vn\/wp-content\/uploads\/2024\/10\/0210-banner-huong-dan-gieo-dieu-ky-768x448.jpg 768w, https:\/\/trao.com.vn\/wp-content\/uploads\/2024\/10\/0210-banner-huong-dan-gieo-dieu-ky-18x12.jpg 18w, https:\/\/trao.com.vn\/wp-content\/uploads\/2024\/10\/0210-banner-huong-dan-gieo-dieu-ky-600x350.jpg 600w\" sizes=\"auto, (max-width: 1020px) 100vw, 1020px\" title=\"\">\t\t\t\t\t\t\n\t\t\t\t\t<\/div>\n\t\t\t\t\t\t\t\t\n<style>\n#image_362118163 {\n  width: 100%;\n}\n<\/style>\n\t<\/div>\n\t\n\t\t<\/div>\n\t\t\t\t\t<\/div>\n\n\t\n<\/div>\n<p><span style=\"font-size: 110%;\">Xin ch\u00e0o b\u1ea1n,<\/span><\/p>\n<p><span style=\"font-size: 110%;\">C\u1ea3m \u01a1n b\u1ea1n \u0111\u00e3 l\u1ef1a ch\u1ecdn v\u00e0 c\u1ea7m tr\u00ean tay s\u1ea3n ph\u1ea9m c\u1ee7a Gieo. Trong \u0111\u01b0\u1eddng link n\u00e0y, Gieo chia s\u1ebb v\u1edbi b\u1ea1n nh\u1eefng ngu\u1ed3n t\u00e0i nguy\u00ean qu\u00fd gi\u00e1 \u0111\u1ec3 h\u00e0nh tr\u00ecnh gieo h\u1ea1t v\u00e0 gieo th\u00e0nh c\u00f4ng cho nh\u1eefng \u01b0\u1edbc m\u01a1 c\u1ee7a b\u1ea1n s\u1ebd c\u00f3 th\u00eam nhi\u1ec1u ni\u1ec1m vui.\u00a0<\/span><\/p>\n<p><span style=\"font-size: 110%;\">M\u1ebfn ch\u00fac <strong>h\u1ea1t gi\u1ed1ng trong b\u1ea1n s\u1ebd b\u1eebng n\u1edf<\/strong> and<strong> nh\u1eefng \u01b0\u1edbc m\u01a1 trong b\u1ea1n c\u0169ng tr\u1edf th\u00e0nh s\u1ef1 th\u1eadt<\/strong>.\u00a0\u00a0<\/span><\/p>\n<p><span style=\"font-size: 110%;\">Warm regards,<\/span><\/p>\n<p><span style=\"font-size: 110%;\">Gieo<\/span><\/p>\n<div class=\"accordion\">\n\t<div id=\"accordion-430539458\" class=\"accordion-item\">\n\t\t<a id=\"accordion-430539458-label\" class=\"accordion-title plain\" href=\"#accordion-item-h\u01b0\u1edbng-d\u1eabn-gieo-h\u1ea1t\" aria-expanded=\"false\" aria-controls=\"accordion-430539458-content\" >\n\t\t\t<button class=\"toggle\" aria-label=\"Toggle\"><i class=\"icon-angle-down\"><\/i><\/button>\n\t\t\t<span>H\u01b0\u1edbng d\u1eabn gieo h\u1ea1t<\/span>\n\t\t<\/a>\n\t\t<div id=\"accordion-430539458-content\" class=\"accordion-inner\" aria-labelledby=\"accordion-430539458-label\" >\n\t\t\t\n<div class=\"row\"  id=\"row-1510195551\">\n\n\t<div id=\"col-111134441\" class=\"col small-12 large-12\"  >\n\t\t\t\t<div class=\"col-inner\"  >\n\t\t\t\n\t\t\t\n<p>N\u1ebfu b\u1ea1n c\u00f3 c\u00e2u h\u1ecfi v\u1ec1 chuy\u1ec7n gieo tr\u1ed3ng, th\u00ec Gieo \u0111\u00e3 chu\u1ea9n b\u1ecb h\u01b0\u1edbng d\u1eabn gieo v\u00e0 ch\u0103m s\u00f3c h\u1ea1t gi\u1ed1ng chi ti\u1ebft cho b\u1ea1n t\u1ea1i <span style=\"text-decoration: underline;\"><span style=\"color: #0000ff; text-decoration: underline;\"><a style=\"color: #0000ff; text-decoration: underline;\" href=\"https:\/\/trao.com.vn\/en\/huong-dan-gieo\/\"><strong>link<\/strong><\/a><\/span><\/span>.<\/p>\n\t\t<\/div>\n\t\t\t\t\t<\/div>\n\n\t\n<\/div>\n\t\t<\/div>\n\t<\/div>\n\t\n\t<div id=\"accordion-1164929613\" class=\"accordion-item\">\n\t\t<a id=\"accordion-1164929613-label\" class=\"accordion-title plain\" href=\"#accordion-item-gi\u00e1o-tr\u00ecnh-gi\u1ea3ng-d\u1ea1y-l\u00ec-x\u00ec-h\u1ea1t-gi\u1ed1ng-(d\u00e0nh-cho-th\u1ea7y-c\u00f4-gi\u00e1o)\" aria-expanded=\"false\" aria-controls=\"accordion-1164929613-content\" >\n\t\t\t<button class=\"toggle\" aria-label=\"Toggle\"><i class=\"icon-angle-down\"><\/i><\/button>\n\t\t\t<span>Gi\u00e1o tr\u00ecnh gi\u1ea3ng d\u1ea1y L\u00ec x\u00ec H\u1ea1t gi\u1ed1ng (d\u00e0nh cho th\u1ea7y c\u00f4 gi\u00e1o)<\/span>\n\t\t<\/a>\n\t\t<div id=\"accordion-1164929613-content\" class=\"accordion-inner\" aria-labelledby=\"accordion-1164929613-label\" >\n\t\t\t\n<div class=\"row\"  id=\"row-1786288363\">\n\n\t<div id=\"col-1333383588\" class=\"col small-12 large-12\"  >\n\t\t\t\t<div class=\"col-inner\"  >\n\t\t\t\n\t\t\t\n<p>N\u1ebfu th\u1ea7y c\u00f4 \u0111ang t\u00ecm ki\u1ebfm t\u01b0 li\u1ec7u cho b\u00e0i gi\u1ea3ng \u0111\u1ea7u xu\u00e2n, Gieo \u0111\u00e3 chu\u1ea9n b\u1ecb m\u1ed9t b\u1ed9 gi\u00e1o tr\u00ecnh t\u01b0\u01a1ng \u0111\u1ed1i ho\u00e0n ch\u1ec9nh bao g\u1ed3m slides thuy\u1ebft tr\u00ecnh, c\u00e1c n\u1ed9i dung ch\u00fa th\u00edch, c\u00e1c b\u1ed9 tranh minh h\u1ecda \u0111\u1ed9c quy\u1ec1n v\u00e0 nhi\u1ec1u \u0111i\u1ec1u th\u00fa v\u1ecb kh\u00e1c.\u00a0<\/p>\n<p>Qu\u00fd th\u1ea7y c\u00f4 c\u00f3 th\u1ec3 t\u00ecm hi\u1ec3u v\u00e0 t\u1ea3i v\u1ec1 gi\u00e1o tr\u00ecnh n\u00e0y t\u1ea1i <span style=\"text-decoration: underline;\"><span style=\"color: #0000ff;\"><strong><a style=\"color: #0000ff; text-decoration: underline;\" href=\"https:\/\/trao.com.vn\/en\/tai-lieu-giang-day-li-xi-hat-giong\/\">\u0110\u01b0\u1eddng Link.<\/a><\/strong><\/span><\/span><\/p>\n<p><img loading=\"lazy\" decoding=\"async\" class=\"aligncenter wp-image-17517\" src=\"https:\/\/trao.com.vn\/wp-content\/uploads\/2024\/10\/0210-banner-tai-lieu-giang-day-li-xi-hat-giong.jpg\" alt=\"\" width=\"700\" height=\"408\" title=\"\" srcset=\"https:\/\/trao.com.vn\/wp-content\/uploads\/2024\/10\/0210-banner-tai-lieu-giang-day-li-xi-hat-giong.jpg 1200w, https:\/\/trao.com.vn\/wp-content\/uploads\/2024\/10\/0210-banner-tai-lieu-giang-day-li-xi-hat-giong-686x400.jpg 686w, https:\/\/trao.com.vn\/wp-content\/uploads\/2024\/10\/0210-banner-tai-lieu-giang-day-li-xi-hat-giong-768x448.jpg 768w, https:\/\/trao.com.vn\/wp-content\/uploads\/2024\/10\/0210-banner-tai-lieu-giang-day-li-xi-hat-giong-600x350.jpg 600w\" sizes=\"auto, (max-width: 700px) 100vw, 700px\" \/><\/p>\n\t\t<\/div>\n\t\t\t\t\t<\/div>\n\n\t\n<\/div>\n\t\t<\/div>\n\t<\/div>\n\t\n\t<div id=\"accordion-4288917149\" class=\"accordion-item\">\n\t\t<a id=\"accordion-4288917149-label\" class=\"accordion-title plain\" href=\"#accordion-item-album-c\u1ecdp---m\u00f3n-qu\u00e0-\u00e2m-nh\u1ea1c-&#039;\u0110\u1ed8c-quy\u1ec0n&#039;-t\u1eeb-gieo-v\u00e0-trao-studio\" aria-expanded=\"false\" aria-controls=\"accordion-4288917149-content\" >\n\t\t\t<button class=\"toggle\" aria-label=\"Toggle\"><i class=\"icon-angle-down\"><\/i><\/button>\n\t\t\t<span>Album C\u1ecdp - M\u00f3n qu\u00e0 \u00e2m nh\u1ea1c '\u0110\u1ed8C QUY\u1ec0N' t\u1eeb Gieo v\u00e0 Trao Studio<\/span>\n\t\t<\/a>\n\t\t<div id=\"accordion-4288917149-content\" class=\"accordion-inner\" aria-labelledby=\"accordion-4288917149-label\" >\n\t\t\t\n<p>B\u00ean c\u1ea1nh qu\u00e0 t\u1eb7ng h\u1ea1t gi\u1ed1ng, Gieo c\u0169ng tham gia c\u00f9ng Trao Studio trong vi\u1ec7c s\u00e1ng t\u00e1c v\u00e0 gieo h\u1ea1t gi\u1ed1ng \u00e2m nh\u1ea1c di\u1ec7u k\u1ef3 cho thi\u1ebfu nhi. Th\u00f4ng qua \u00e2m nh\u1ea1c, Gieo \u01b0\u1edbc m\u01a1 \u0111\u01b0\u1ee3c lan t\u1ecfa th\u00f4ng \u0111i\u1ec7p v\u1ec1 t\u00ecnh y\u00eau v\u00e0 l\u00f2ng tr\u1eafc \u1ea9n. \u0110\u00e2y s\u1ebd l\u00e0 m\u1ed9t m\u00f3n qu\u00e0 th\u1ef1c s\u1ef1 d\u00e0nh cho b\u1ea1n khi \u0111\u00e3 l\u1ef1a ch\u1ecdn c\u00e1c s\u1ea3n ph\u1ea9m c\u1ee7a Gieo.\u00a0<\/p>\n<p>B\u1ea1n c\u00f3 th\u1ec3 th\u01b0\u1edfng th\u1ee9c Album nh\u1ea1c \u0111\u1ea7u tay mang t\u00ean &#8216;C\u1ecdp&#8217; g\u1ed3m 8 b\u00e0i h\u00e1t t\u1ea1i <span style=\"text-decoration: underline;\"><span style=\"color: #0000ff;\"><a style=\"color: #0000ff; text-decoration: underline;\" href=\"https:\/\/www.youtube.com\/watch?v=8bkHYmLzx_4&amp;list=PLIAJ2327oHGnPnx73OMa16Lf7vV6f0Cb0\" target=\"_blank\" rel=\"noopener\">Youtube c\u1ee7a Trao Studio<\/a><\/span><\/span>. Album C\u1ecdp \u0111\u01b0\u1ee3c s\u00e1ng t\u00e1c d\u1ef1a tr\u00ean s\u00e1ch \u2018Tr\u00ed kh\u00f4n c\u1ee7a ta \u0111\u00e2y \u2013 ph\u1ea7n 2\u2019 \u0111\u01b0\u1ee3c xu\u1ea5t b\u1ea3n b\u1edfi Trao Books n\u0103m 2021. N\u1ed9i dung album k\u1ec3 v\u1ec1 t\u1eebng b\u1ed1i c\u1ea3nh c\u1ee7a truy\u1ec7n t\u1eeb khi ch\u00fa C\u1ecdp \u0111i ch\u01a1i trong r\u1eebng g\u1eb7p tr\u00e2u v\u00e0 anh n\u00f4ng d\u00e2n, cho t\u1edbi c\u1ea3 l\u00e0ng c\u00f9ng nhau ch\u0103m s\u00f3c v\u00e0 xin l\u1ed7i C\u1ecdp.\u00a0<\/p>\n<p><img loading=\"lazy\" decoding=\"async\" class=\"aligncenter  wp-image-18873\" src=\"https:\/\/trao.com.vn\/wp-content\/uploads\/2025\/09\/Cover-website-album-Cop-ban-chuan.jpg\" alt=\"\" width=\"705\" height=\"282\" title=\"\" srcset=\"https:\/\/trao.com.vn\/wp-content\/uploads\/2025\/09\/Cover-website-album-Cop-ban-chuan.jpg 2246w, https:\/\/trao.com.vn\/wp-content\/uploads\/2025\/09\/Cover-website-album-Cop-ban-chuan-800x320.jpg 800w, https:\/\/trao.com.vn\/wp-content\/uploads\/2025\/09\/Cover-website-album-Cop-ban-chuan-1400x560.jpg 1400w, https:\/\/trao.com.vn\/wp-content\/uploads\/2025\/09\/Cover-website-album-Cop-ban-chuan-768x307.jpg 768w, https:\/\/trao.com.vn\/wp-content\/uploads\/2025\/09\/Cover-website-album-Cop-ban-chuan-1536x614.jpg 1536w, https:\/\/trao.com.vn\/wp-content\/uploads\/2025\/09\/Cover-website-album-Cop-ban-chuan-2048x819.jpg 2048w, https:\/\/trao.com.vn\/wp-content\/uploads\/2025\/09\/Cover-website-album-Cop-ban-chuan-18x7.jpg 18w, https:\/\/trao.com.vn\/wp-content\/uploads\/2025\/09\/Cover-website-album-Cop-ban-chuan-600x240.jpg 600w\" sizes=\"auto, (max-width: 705px) 100vw, 705px\" \/><\/p>\n<p style=\"text-align: center;\"><em>B\u1ea1n c\u00f3 th\u1ec3 t\u00ecm hi\u1ec3u th\u00eam v\u1ec1 h\u00e0nh tr\u00ecnh 3 n\u0103m s\u00e1ng t\u00e1c v\u00e0 s\u1ea3n xu\u1ea5t c\u1ee7a Album C\u1ecdp t\u1ea1i <a href=\"https:\/\/trao.com.vn\/en\/trao-studio\/album-cop\/\">\u0110\u01b0\u1eddng Link.<\/a><\/em><\/p>\n\t\t<\/div>\n\t<\/div>\n\t\n\t<div id=\"accordion-1680983455\" class=\"accordion-item\">\n\t\t<a id=\"accordion-1680983455-label\" class=\"accordion-title plain\" href=\"#accordion-item-kh\u00f3a-h\u1ecdc-di\u1ec7u-k\u1ef3---coming-soon\" aria-expanded=\"false\" aria-controls=\"accordion-1680983455-content\" >\n\t\t\t<button class=\"toggle\" aria-label=\"Toggle\"><i class=\"icon-angle-down\"><\/i><\/button>\n\t\t\t<span>Kh\u00f3a h\u1ecdc Di\u1ec7u k\u1ef3 - Coming Soon<\/span>\n\t\t<\/a>\n\t\t<div id=\"accordion-1680983455-content\" class=\"accordion-inner\" aria-labelledby=\"accordion-1680983455-label\" >\n\t\t\t\n<p>Th\u00f4ng qua vi\u1ec7c gieo m\u1ed9t h\u1ea1t gi\u1ed1ng, \u01b0\u1edbc m\u01a1 c\u1ee7a Gieo l\u00e0 mu\u1ed1n gi\u00fap m\u1ed7i ng\u01b0\u1eddi t\u00e1i k\u1ebft n\u1ed1i v\u1edbi h\u1ea1t gi\u1ed1ng b\u00ean trong. M\u1ecdi th\u1ee9 \u0111\u1ec1u b\u1eaft \u0111\u1ea7u t\u1eeb m\u1ed9t h\u1ea1t gi\u1ed1ng, v\u00e0 ch\u00fang ta c\u0169ng v\u1eady. Trong h\u1ea1t gi\u1ed1ng \u1ea5y ch\u1ee9a \u0111\u1ef1ng m\u1ecdi s\u1ef1 h\u01b0\u1edbng d\u1eabn t\u1edbi h\u1ea1nh ph\u00fac, b\u00ecnh an v\u00e0 nh\u1eefng \u0111i\u1ec1u t\u1ed1t l\u00e0nh. T\u1ea5t c\u1ea3 nh\u1eefng g\u00ec ch\u00fang ta c\u1ea7n l\u00e0m l\u00e0 l\u1eafng nghe v\u00e0 \u0111i theo s\u1ef1 h\u01b0\u1edbng d\u1eabn \u1ea5y. Khi \u1ea5y, m\u1ecdi \u01b0\u1edbc m\u01a1 s\u1ebd \u0111\u1ec1u tr\u1edf th\u00e0nh s\u1ef1 th\u1eadt v\u00e0 m\u1ed7i ch\u00fang ta s\u1ebd \u0111\u1ec1u \u0111\u01b0\u1ee3c b\u1eebng n\u1edf nh\u01b0 nh\u1eefng b\u00f4ng hoa. Kho\u1ea3nh kh\u1eafc ch\u00fang ta quy\u1ebft \u0111\u1ecbnh \u0111i theo h\u1ea1t gi\u1ed1ng trong ta, c\u0169ng l\u00e0 kho\u1ea3nh kh\u1eafc m\u00e0 ch\u00fang ta s\u1eb5n s\u00e0ng r\u1ed9ng m\u1edf \u0111\u00f3n ch\u00e0o nh\u1eefng \u0111i\u1ec1u k\u1ef3 di\u1ec7u x\u1ea3y ra trong \u0111\u1eddi s\u1ed1ng c\u1ee7a m\u00ecnh.\u00a0<\/p>\n<p>\u0110\u1ec3 c\u00f3 th\u1ec3 chia s\u1ebb v\u1edbi b\u1ea1n th\u00eam &#8216;h\u1ea1t gi\u1ed1ng cho nh\u1eefng l\u1ef1a ch\u1ecdn m\u1edbi&#8217;, Gieo \u0111\u00e3 \u0111\u1ed3ng h\u00e0nh c\u00f9ng Trao Books xu\u1ea5t b\u1ea3n s\u00e1ch &#8216;<span style=\"text-decoration: underline; color: #0000ff;\"><a style=\"color: #0000ff; text-decoration: underline;\" href=\"https:\/\/trao.com.vn\/en\/product-2\/sach-nguoi-hung-tham-lang-phan-1\/\">ng\u01b0\u1eddi h\u00f9ng th\u1ea7m l\u1eb7ng<\/a><\/span>&#8216; v\u00e0o n\u0103m 2022. Trong th\u1eddi gian t\u1edbi, Gieo s\u1ebd ti\u1ebfp t\u1ee5c ph\u00e1t tri\u1ec3n th\u00eam c\u00e1c n\u1ed9i dung chi ti\u1ebft v\u00e0 g\u1ea7n g\u0169i h\u01a1n \u0111\u1ec3 gi\u00fap b\u1ea1n c\u00f3 th\u1ec3 t\u00e1i k\u1ebft n\u1ed1i v\u1edbi h\u1ea1t gi\u1ed1ng trong ch\u00ednh m\u00ecnh &#8211; m\u00e1i nh\u00e0 th\u1ef1c s\u1ef1 v\u00e0 kho b\u00e1u c\u1ee7a m\u1ed7i ch\u00fang ta. \u0110\u00f3 c\u00f3 th\u1ec3 l\u00e0 m\u1ed9t series nh\u1eefng b\u00e0i n\u00f3i chuy\u1ec7n ho\u1eb7c m\u1ed9t kh\u00f3a h\u1ecdc nh\u1ecf \u0111\u1ec3 t\u1eb7ng cho l\u00f2ng d\u0169ng c\u1ea3m c\u1ee7a b\u1ea1n khi b\u1eaft \u0111\u1ea7u nh\u1eefng b\u01b0\u1edbc ch\u00e2n \u0111\u1ea7u ti\u00ean tr\u00ean h\u00e0nh tr\u00ecnh t\u1ef1 do.\u00a0<\/p>\n\t\t<\/div>\n\t<\/div>\n\t\n<\/div>","protected":false},"excerpt":{"rendered":"<p>Xin ch\u00e0o b\u1ea1n, C\u1ea3m \u01a1n b\u1ea1n \u0111\u00e3 l\u1ef1a ch\u1ecdn v\u00e0 c\u1ea7m tr\u00ean tay s\u1ea3n ph\u1ea9m c\u1ee7a Gieo. Trong \u0111\u01b0\u1eddng link n\u00e0y, Gieo chia s\u1ebb v\u1edbi b\u1ea1n nh\u1eefng ngu\u1ed3n t\u00e0i nguy\u00ean qu\u00fd gi\u00e1 \u0111\u1ec3 h\u00e0nh tr\u00ecnh gieo h\u1ea1t v\u00e0 gieo th\u00e0nh c\u00f4ng cho nh\u1eefng \u01b0\u1edbc m\u01a1 c\u1ee7a b\u1ea1n s\u1ebd c\u00f3 th\u00eam nhi\u1ec1u ni\u1ec1m vui.\u00a0 M\u1ebfn ch\u00fac<\/p>","protected":false},"author":1,"featured_media":0,"parent":0,"menu_order":0,"comment_status":"closed","ping_status":"closed","template":"","meta":{"footnotes":""},"class_list":["post-18652","page","type-page","status-publish","hentry"],"_links":{"self":[{"href":"https:\/\/trao.com.vn\/en\/wp-json\/wp\/v2\/pages\/18652","targetHints":{"allow":["GET"]}}],"collection":[{"href":"https:\/\/trao.com.vn\/en\/wp-json\/wp\/v2\/pages"}],"about":[{"href":"https:\/\/trao.com.vn\/en\/wp-json\/wp\/v2\/types\/page"}],"author":[{"embeddable":true,"href":"https:\/\/trao.com.vn\/en\/wp-json\/wp\/v2\/users\/1"}],"replies":[{"embeddable":true,"href":"https:\/\/trao.com.vn\/en\/wp-json\/wp\/v2\/comments?post=18652"}],"version-history":[{"count":19,"href":"https:\/\/trao.com.vn\/en\/wp-json\/wp\/v2\/pages\/18652\/revisions"}],"predecessor-version":[{"id":19447,"href":"https:\/\/trao.com.vn\/en\/wp-json\/wp\/v2\/pages\/18652\/revisions\/19447"}],"wp:attachment":[{"href":"https:\/\/trao.com.vn\/en\/wp-json\/wp\/v2\/media?parent=18652"}],"curies":[{"name":"wp","href":"https:\/\/api.w.org\/{rel}","templated":true}]}}