{"id":11392,"date":"2022-01-06T15:51:17","date_gmt":"2022-01-06T08:51:17","guid":{"rendered":"https:\/\/trao.com.vn\/?page_id=11392"},"modified":"2022-01-06T16:06:13","modified_gmt":"2022-01-06T09:06:13","slug":"tro-giup","status":"publish","type":"page","link":"https:\/\/trao.com.vn\/en\/tro-giup\/","title":{"rendered":"Tr\u1ee3 gi\u00fap"},"content":{"rendered":"<div class=\"container section-title-container\" ><h3 class=\"section-title section-title-bold-center\"><b><\/b><span class=\"section-title-main\" style=\"font-size:149%;\">Frequently Asked Questions<\/span><b><\/b><\/h3><\/div>\n<div class=\"searchform-wrapper ux-search-box relative is-large\"><form role=\"search\" method=\"get\" class=\"searchform\" action=\"https:\/\/trao.com.vn\/en\/\" data-trp-original-action=\"https:\/\/trao.com.vn\/en\/\">\n\t<div class=\"flex-row relative\">\n\t\t\t\t\t\t<div class=\"flex-col flex-grow\">\n\t\t\t<label class=\"screen-reader-text\" for=\"woocommerce-product-search-field-0\" data-no-translation=\"\" data-trp-gettext=\"\">T\u00ecm ki\u1ebfm:<\/label>\n\t\t\t<input type=\"search\" id=\"woocommerce-product-search-field-0\" class=\"search-field mb-0\" placeholder=\"T\u00ecm ki\u1ebfm\u2026\" value=\"\" name=\"s\" data-no-translation-placeholder=\"\" \/>\n\t\t\t<input type=\"hidden\" name=\"post_type\" value=\"product\" \/>\n\t\t\t\t\t<\/div>\n\t\t<div class=\"flex-col\">\n\t\t\t<button type=\"submit\" value=\"T\u00ecm ki\u1ebfm\" class=\"ux-search-submit submit-button secondary button  icon mb-0\" aria-label=\"Submit\" data-no-translation-value=\"\">\n\t\t\t\t<i class=\"icon-search\" ><\/i>\t\t\t<\/button>\n\t\t<\/div>\n\t<\/div>\n\t<div class=\"live-search-results text-left z-top\"><\/div>\n<input type=\"hidden\" name=\"trp-form-language\" value=\"en\"\/><\/form>\n<\/div>\n\t<div class=\"ux-menu stack stack-col justify-start ux-menu--divider-solid\">\n\t\t\n\t<div class=\"ux-menu-link flex menu-item\">\n\t\t<a class=\"ux-menu-link__link flex\" href=\"https:\/\/trao.com.vn\/en\/\" >\n\t\t\t<i class=\"ux-menu-link__icon text-center icon-plus\" ><\/i>\t\t\t<span class=\"ux-menu-link__text\">\n\t\t\t\tCh\u00ednh s\u00e1ch \u0111\u1ed5i h\u00e0ng\t\t\t<\/span>\n\t\t<\/a>\n\t<\/div>\n\t\n\t<div class=\"ux-menu-link flex menu-item\">\n\t\t<a class=\"ux-menu-link__link flex\" href=\"https:\/\/trao.com.vn\/en\/lien-he\/\" >\n\t\t\t<i class=\"ux-menu-link__icon text-center icon-plus\" ><\/i>\t\t\t<span class=\"ux-menu-link__text\">\n\t\t\t\tTh\u00f4ng tin li\u00ean h\u1ec7\t\t\t<\/span>\n\t\t<\/a>\n\t<\/div>\n\t\n\t<div class=\"ux-menu-link flex menu-item\">\n\t\t<a class=\"ux-menu-link__link flex\" href=\"https:\/\/trao.com.vn\/en\/\" >\n\t\t\t<i class=\"ux-menu-link__icon text-center icon-plus\" ><\/i>\t\t\t<span class=\"ux-menu-link__text\">\n\t\t\t\t\u0110i\u1ec1u kho\u1ea3n v\u00e0 \u0111i\u1ec1u ki\u1ec7n\t\t\t<\/span>\n\t\t<\/a>\n\t<\/div>\n\t\n\t<div class=\"ux-menu-link flex menu-item\">\n\t\t<a class=\"ux-menu-link__link flex\" href=\"https:\/\/trao.com.vn\/en\/\" >\n\t\t\t<i class=\"ux-menu-link__icon text-center icon-plus\" ><\/i>\t\t\t<span class=\"ux-menu-link__text\">\n\t\t\t\tPh\u01b0\u01a1ng th\u1ee9c thanh to\u00e1n\t\t\t<\/span>\n\t\t<\/a>\n\t<\/div>\n\t\n\t<\/div>","protected":false},"excerpt":{"rendered":"","protected":false},"author":1,"featured_media":0,"parent":0,"menu_order":0,"comment_status":"closed","ping_status":"closed","template":"","meta":{"footnotes":""},"class_list":["post-11392","page","type-page","status-publish","hentry"],"_links":{"self":[{"href":"https:\/\/trao.com.vn\/en\/wp-json\/wp\/v2\/pages\/11392","targetHints":{"allow":["GET"]}}],"collection":[{"href":"https:\/\/trao.com.vn\/en\/wp-json\/wp\/v2\/pages"}],"about":[{"href":"https:\/\/trao.com.vn\/en\/wp-json\/wp\/v2\/types\/page"}],"author":[{"embeddable":true,"href":"https:\/\/trao.com.vn\/en\/wp-json\/wp\/v2\/users\/1"}],"replies":[{"embeddable":true,"href":"https:\/\/trao.com.vn\/en\/wp-json\/wp\/v2\/comments?post=11392"}],"version-history":[{"count":0,"href":"https:\/\/trao.com.vn\/en\/wp-json\/wp\/v2\/pages\/11392\/revisions"}],"wp:attachment":[{"href":"https:\/\/trao.com.vn\/en\/wp-json\/wp\/v2\/media?parent=11392"}],"curies":[{"name":"wp","href":"https:\/\/api.w.org\/{rel}","templated":true}]}}