{"id":11234,"date":"2021-12-23T14:37:37","date_gmt":"2021-12-23T07:37:37","guid":{"rendered":"https:\/\/trao.com.vn\/?page_id=11234"},"modified":"2024-12-07T11:32:42","modified_gmt":"2024-12-07T04:32:42","slug":"lien-he","status":"publish","type":"page","link":"https:\/\/trao.com.vn\/en\/lien-he\/","title":{"rendered":"Contact Us"},"content":{"rendered":"<div class=\"text-center\"><div class=\"is-divider divider clearfix\" style=\"margin-top:7px;margin-bottom:7px;background-color:rgb(255, 255, 255);\"><\/div><\/div>\n<div class=\"container section-title-container\" ><h2 class=\"section-title section-title-bold-center\"><b><\/b><span class=\"section-title-main\" style=\"color:rgb(20, 123, 9);\">LI\u00caN H\u1ec6 V\u1edaI CH\u00daNG T\u00d4I<\/span><b><\/b><\/h2><\/div>\n<div class=\"row row-collapse\"  id=\"row-1138833636\">\n\n\t<div id=\"col-2079389692\" class=\"col small-12 large-12\"  >\n\t\t\t\t<div class=\"col-inner\"  >\n\t\t\t\n\t\t\t\n\t<div class=\"img has-hover x md-x lg-x y md-y lg-y\" id=\"image_1912116890\">\n\t\t\t\t\t\t\t\t<div class=\"img-inner dark\" >\n\t\t\t<img loading=\"lazy\" decoding=\"async\" width=\"960\" height=\"389\" src=\"https:\/\/trao.com.vn\/wp-content\/uploads\/2021\/12\/215633606_1474312582913893_8954699571458618140_n.png\" class=\"attachment-large size-large\" alt=\"\" srcset=\"https:\/\/trao.com.vn\/wp-content\/uploads\/2021\/12\/215633606_1474312582913893_8954699571458618140_n.png 960w, https:\/\/trao.com.vn\/wp-content\/uploads\/2021\/12\/215633606_1474312582913893_8954699571458618140_n-800x324.png 800w, https:\/\/trao.com.vn\/wp-content\/uploads\/2021\/12\/215633606_1474312582913893_8954699571458618140_n-768x311.png 768w, https:\/\/trao.com.vn\/wp-content\/uploads\/2021\/12\/215633606_1474312582913893_8954699571458618140_n-600x243.png 600w\" sizes=\"auto, (max-width: 960px) 100vw, 960px\" title=\"\">\t\t\t\t\t\t\n\t\t\t\t\t<\/div>\n\t\t\t\t\t\t\t\t\n<style>\n#image_1912116890 {\n  width: 100%;\n}\n<\/style>\n\t<\/div>\n\t\n<div class=\"is-divider divider clearfix\" style=\"margin-top:0px;margin-bottom:0px;background-color:rgb(255, 255, 255);\"><\/div>\n\n\t<section class=\"section\" id=\"section_1730175375\">\n\t\t<div class=\"section-bg fill\" >\n\t\t\t\t\t\t\t\t\t\n\t\t\t\n\n\t\t<\/div>\n\n\t\t\n\n\t\t<div class=\"section-content relative\">\n\t\t\t\n<div class=\"row row-large align-middle align-center\"  id=\"row-1085126544\">\n\n\t<div id=\"col-2131586925\" class=\"col medium-6 small-12 large-6\"  >\n\t\t\t\t<div class=\"col-inner text-center\"  >\n\t\t\t\n\t\t\t\n<h2>N\u1ebfu b\u1ea1n c\u1ea7n mua h\u00e0ng v\u1edbi s\u1ed1 l\u01b0\u1ee3ng l\u1edbn &#8230;<\/h2>\n<p>ho\u1eb7c c\u1ea7n c\u00e1 nh\u00e2n h\u00f3a s\u1ea3n ph\u1ea9m theo nhu c\u1ea7u v\u00e0 m\u1ee9c gi\u00e1, b\u1ea1n c\u00f3 th\u1ec3 li\u00ean h\u1ec7 t\u1edbi s\u1ed1 \u0111i\u1ec7n tho\u1ea1i: <strong>090 490 7252 <\/strong>or <span style=\"text-decoration: underline;\"><a href=\"https:\/\/m.me\/gieodieuky\">facebook Messenger<\/a><\/span> \u0111\u1ec3 g\u1eedi y\u00eau c\u1ea7u cho ch\u00fang t\u00f4i.<em> V\u1edbi kinh nghi\u1ec7m \u0111\u00e3 ph\u1ee5c v\u1ee5 h\u00e0ng ng\u00e0n doanh nghi\u1ec7p, Trao Group c\u00f3 th\u1ec3 \u0111\u00e1p \u1ee9ng g\u1ea7n nh\u01b0 m\u1ecdi nhu c\u1ea7u c\u1ee7a b\u1ea1n.\u00a0<\/em><\/p>\n\t\t<\/div>\n\t\t\t\t\t<\/div>\n\n\t\n\n\t<div id=\"col-1395318724\" class=\"col medium-6 small-12 large-6\"  >\n\t\t\t\t<div class=\"col-inner box-shadow-2 box-shadow-5-hover\" style=\"background-color:rgb(255, 255, 255);\" >\n\t\t\t\n\t\t\t\n<div class=\"slider-wrapper relative\" id=\"slider-1968697769\" >\n    <div class=\"slider slider-nav-circle slider-nav-large slider-nav-light slider-style-normal\"\n        data-flickity-options='{            \"cellAlign\": \"center\",            \"imagesLoaded\": true,            \"lazyLoad\": 1,            \"freeScroll\": false,            \"wrapAround\": true,            \"autoPlay\": 6000,            \"pauseAutoPlayOnHover\" : true,            \"prevNextButtons\": true,            \"contain\" : true,            \"adaptiveHeight\" : true,            \"dragThreshold\" : 10,            \"percentPosition\": true,            \"pageDots\": true,            \"rightToLeft\": false,            \"draggable\": true,            \"selectedAttraction\": 0.1,            \"parallax\" : 0,            \"friction\": 0.6        }'\n        >\n        \n\t<div class=\"img has-hover x md-x lg-x y md-y lg-y\" id=\"image_169732932\">\n\t\t\t\t\t\t\t\t<div class=\"img-inner dark\" >\n\t\t\t<img loading=\"lazy\" decoding=\"async\" width=\"480\" height=\"480\" src=\"https:\/\/trao.com.vn\/wp-content\/uploads\/2023\/10\/Qua-tang-Hat-giong-cua-gieo-Noi-that-Moho-3.jpg\" class=\"attachment-large size-large\" alt=\"\" srcset=\"https:\/\/trao.com.vn\/wp-content\/uploads\/2023\/10\/Qua-tang-Hat-giong-cua-gieo-Noi-that-Moho-3.jpg 480w, https:\/\/trao.com.vn\/wp-content\/uploads\/2023\/10\/Qua-tang-Hat-giong-cua-gieo-Noi-that-Moho-3-400x400.jpg 400w, https:\/\/trao.com.vn\/wp-content\/uploads\/2023\/10\/Qua-tang-Hat-giong-cua-gieo-Noi-that-Moho-3-280x280.jpg 280w, https:\/\/trao.com.vn\/wp-content\/uploads\/2023\/10\/Qua-tang-Hat-giong-cua-gieo-Noi-that-Moho-3-100x100.jpg 100w\" sizes=\"auto, (max-width: 480px) 100vw, 480px\" title=\"\">\t\t\t\t\t\t\n\t\t\t\t\t<\/div>\n\t\t\t\t\t\t\t\t\n<style>\n#image_169732932 {\n  width: 100%;\n}\n<\/style>\n\t<\/div>\n\t\n\t<div class=\"img has-hover x md-x lg-x y md-y lg-y\" id=\"image_2066727059\">\n\t\t\t\t\t\t\t\t<div class=\"img-inner dark\" >\n\t\t\t<img loading=\"lazy\" decoding=\"async\" width=\"800\" height=\"800\" src=\"https:\/\/trao.com.vn\/wp-content\/uploads\/2019\/11\/Bo-kit-gieo-hat-ca-nhan-hoa-2-800x800.jpg\" class=\"attachment-large size-large\" alt=\"\" srcset=\"https:\/\/trao.com.vn\/wp-content\/uploads\/2019\/11\/Bo-kit-gieo-hat-ca-nhan-hoa-2-800x800.jpg 800w, https:\/\/trao.com.vn\/wp-content\/uploads\/2019\/11\/Bo-kit-gieo-hat-ca-nhan-hoa-2-400x400.jpg 400w, https:\/\/trao.com.vn\/wp-content\/uploads\/2019\/11\/Bo-kit-gieo-hat-ca-nhan-hoa-2-280x280.jpg 280w, https:\/\/trao.com.vn\/wp-content\/uploads\/2019\/11\/Bo-kit-gieo-hat-ca-nhan-hoa-2-768x768.jpg 768w, https:\/\/trao.com.vn\/wp-content\/uploads\/2019\/11\/Bo-kit-gieo-hat-ca-nhan-hoa-2-1536x1536.jpg 1536w, https:\/\/trao.com.vn\/wp-content\/uploads\/2019\/11\/Bo-kit-gieo-hat-ca-nhan-hoa-2-600x600.jpg 600w, https:\/\/trao.com.vn\/wp-content\/uploads\/2019\/11\/Bo-kit-gieo-hat-ca-nhan-hoa-2-100x100.jpg 100w, https:\/\/trao.com.vn\/wp-content\/uploads\/2019\/11\/Bo-kit-gieo-hat-ca-nhan-hoa-2.jpg 1572w\" sizes=\"auto, (max-width: 800px) 100vw, 800px\" title=\"\">\t\t\t\t\t\t\n\t\t\t\t\t<\/div>\n\t\t\t\t\t\t\t\t\n<style>\n#image_2066727059 {\n  width: 100%;\n}\n<\/style>\n\t<\/div>\n\t\n     <\/div>\n\n     <div class=\"loading-spin dark large centered\"><\/div>\n\n\t<\/div>\n\n\n\t\t<\/div>\n\t\t\t\t\n<style>\n#col-1395318724 > .col-inner {\n  padding: 15px 15px 15px 15px;\n}\n<\/style>\n\t<\/div>\n\n\t\n<\/div>\n\t\t<\/div>\n\n\t\t\n<style>\n#section_1730175375 {\n  padding-top: 20px;\n  padding-bottom: 20px;\n  min-height: 300px;\n  background-color: rgb(228, 228, 228);\n}\n<\/style>\n\t<\/section>\n\t\n\n\t<section class=\"section\" id=\"section_1271098811\">\n\t\t<div class=\"section-bg fill\" >\n\t\t\t\t\t\t\t\t\t\n\t\t\t\n\n\t\t<\/div>\n\n\t\t\n\n\t\t<div class=\"section-content relative\">\n\t\t\t\n<div class=\"row row-large align-middle align-center\"  id=\"row-1027066594\">\n\n\t<div id=\"col-476517887\" class=\"col medium-6 small-12 large-6\"  >\n\t\t\t\t<div class=\"col-inner box-shadow-2 box-shadow-5-hover\" style=\"background-color:rgb(255, 255, 255);\" >\n\t\t\t\n\t\t\t\n<div class=\"slider-wrapper relative\" id=\"slider-31298383\" >\n    <div class=\"slider slider-nav-circle slider-nav-large slider-nav-light slider-style-normal\"\n        data-flickity-options='{            \"cellAlign\": \"center\",            \"imagesLoaded\": true,            \"lazyLoad\": 1,            \"freeScroll\": false,            \"wrapAround\": true,            \"autoPlay\": 6000,            \"pauseAutoPlayOnHover\" : true,            \"prevNextButtons\": true,            \"contain\" : true,            \"adaptiveHeight\" : true,            \"dragThreshold\" : 10,            \"percentPosition\": true,            \"pageDots\": true,            \"rightToLeft\": false,            \"draggable\": true,            \"selectedAttraction\": 0.1,            \"parallax\" : 0,            \"friction\": 0.6        }'\n        >\n        \n\t<div class=\"img has-hover x md-x lg-x y md-y lg-y\" id=\"image_145952250\">\n\t\t\t\t\t\t\t\t<div class=\"img-inner dark\" >\n\t\t\t<img loading=\"lazy\" decoding=\"async\" width=\"900\" height=\"600\" src=\"https:\/\/trao.com.vn\/wp-content\/uploads\/2023\/09\/Trao-Xuat-ban-Toa-dam-sach-o-Vinschool-2.jpg\" class=\"attachment-large size-large\" alt=\"\" srcset=\"https:\/\/trao.com.vn\/wp-content\/uploads\/2023\/09\/Trao-Xuat-ban-Toa-dam-sach-o-Vinschool-2.jpg 900w, https:\/\/trao.com.vn\/wp-content\/uploads\/2023\/09\/Trao-Xuat-ban-Toa-dam-sach-o-Vinschool-2-600x400.jpg 600w, https:\/\/trao.com.vn\/wp-content\/uploads\/2023\/09\/Trao-Xuat-ban-Toa-dam-sach-o-Vinschool-2-768x512.jpg 768w\" sizes=\"auto, (max-width: 900px) 100vw, 900px\" title=\"\">\t\t\t\t\t\t\n\t\t\t\t\t<\/div>\n\t\t\t\t\t\t\t\t\n<style>\n#image_145952250 {\n  width: 100%;\n}\n<\/style>\n\t<\/div>\n\t\n\t<div class=\"img has-hover x md-x lg-x y md-y lg-y\" id=\"image_484613015\">\n\t\t\t\t\t\t\t\t<div class=\"img-inner dark\" >\n\t\t\t<img loading=\"lazy\" decoding=\"async\" width=\"615\" height=\"516\" src=\"https:\/\/trao.com.vn\/wp-content\/uploads\/2023\/10\/Toong-Coworking-Space-Caravan-than-cay-dieu-hanh-trao-hat-giong-yeu-thuong-42.jpg\" class=\"attachment-large size-large\" alt=\"\" srcset=\"https:\/\/trao.com.vn\/wp-content\/uploads\/2023\/10\/Toong-Coworking-Space-Caravan-than-cay-dieu-hanh-trao-hat-giong-yeu-thuong-42.jpg 615w, https:\/\/trao.com.vn\/wp-content\/uploads\/2023\/10\/Toong-Coworking-Space-Caravan-than-cay-dieu-hanh-trao-hat-giong-yeu-thuong-42-477x400.jpg 477w, https:\/\/trao.com.vn\/wp-content\/uploads\/2023\/10\/Toong-Coworking-Space-Caravan-than-cay-dieu-hanh-trao-hat-giong-yeu-thuong-42-600x503.jpg 600w\" sizes=\"auto, (max-width: 615px) 100vw, 615px\" title=\"\">\t\t\t\t\t\t\n\t\t\t\t\t<\/div>\n\t\t\t\t\t\t\t\t\n<style>\n#image_484613015 {\n  width: 100%;\n}\n<\/style>\n\t<\/div>\n\t\n\t<div class=\"img has-hover x md-x lg-x y md-y lg-y\" id=\"image_1971688696\">\n\t\t\t\t\t\t\t\t<div class=\"img-inner dark\" >\n\t\t\t<img loading=\"lazy\" decoding=\"async\" width=\"1020\" height=\"679\" src=\"https:\/\/trao.com.vn\/wp-content\/uploads\/2023\/10\/Unis-Hanoi-tang-qua-tang-hat-giong-tu-Gieo-trong-kids-run-the-earth-17-1201x800.jpg\" class=\"attachment-large size-large\" alt=\"\" srcset=\"https:\/\/trao.com.vn\/wp-content\/uploads\/2023\/10\/Unis-Hanoi-tang-qua-tang-hat-giong-tu-Gieo-trong-kids-run-the-earth-17-1201x800.jpg 1201w, https:\/\/trao.com.vn\/wp-content\/uploads\/2023\/10\/Unis-Hanoi-tang-qua-tang-hat-giong-tu-Gieo-trong-kids-run-the-earth-17-601x400.jpg 601w, https:\/\/trao.com.vn\/wp-content\/uploads\/2023\/10\/Unis-Hanoi-tang-qua-tang-hat-giong-tu-Gieo-trong-kids-run-the-earth-17-768x511.jpg 768w, https:\/\/trao.com.vn\/wp-content\/uploads\/2023\/10\/Unis-Hanoi-tang-qua-tang-hat-giong-tu-Gieo-trong-kids-run-the-earth-17-600x400.jpg 600w, https:\/\/trao.com.vn\/wp-content\/uploads\/2023\/10\/Unis-Hanoi-tang-qua-tang-hat-giong-tu-Gieo-trong-kids-run-the-earth-17.jpg 1440w\" sizes=\"auto, (max-width: 1020px) 100vw, 1020px\" title=\"\">\t\t\t\t\t\t\n\t\t\t\t\t<\/div>\n\t\t\t\t\t\t\t\t\n<style>\n#image_1971688696 {\n  width: 100%;\n}\n<\/style>\n\t<\/div>\n\t\n     <\/div>\n\n     <div class=\"loading-spin dark large centered\"><\/div>\n\n\t<\/div>\n\n\n\t\t<\/div>\n\t\t\t\t\n<style>\n#col-476517887 > .col-inner {\n  padding: 15px 15px 15px 15px;\n}\n<\/style>\n\t<\/div>\n\n\t\n\n\t<div id=\"col-1704391315\" class=\"col medium-6 small-12 large-6 small-col-first\"  >\n\t\t\t\t<div class=\"col-inner text-center\"  >\n\t\t\t\n\t\t\t\n<h2>N\u1ebfu b\u1ea1n mu\u1ed1n h\u1ee3p t\u00e1c c\u00f9ng Trao &#8230;<\/h2>\n<p>\u0111\u1ec3 m\u1eddi l\u00e0m nh\u00e0 t\u00e0i tr\u1ee3, m\u1eddi l\u00e0m di\u1ec5n gi\u1ea3 ho\u1eb7c c\u00e1c ch\u01b0\u01a1ng tr\u00ecnh kh\u00e1c; b\u1ea1n c\u00f3 th\u1ec3 chia s\u1ebb v\u1edbi Trao mong mu\u1ed1n c\u1ee7a b\u1ea1n b\u1eb1ng c\u00e1ch ho\u00e0n th\u00e0nh b\u1ea3ng th\u00f4ng tin theo <span style=\"text-decoration: underline;\"><a href=\"https:\/\/docs.google.com\/document\/d\/18SsV4R6S3KHmWx2YUrGks6pjjYBkpp5SGY6pzs9m-3s\/copy\" target=\"_blank\" rel=\"noopener\">link<\/a><\/span>. Sau \u0111\u00f3, b\u1ea1n c\u00f3 th\u1ec3 g\u1eedi b\u1ea3ng th\u00f4ng tin n\u00e0y qua <span style=\"text-decoration: underline;\"><a href=\"https:\/\/m.me\/gieodieuky\">facebook Messenger<\/a><\/span>\u00a0ho\u1eb7c e-mail c\u1ee7a Trao t\u1ea1i: <a href=\"mailto:dear.trao@gmail.com\">dear.trao@gmail.com<\/a>.\u00a0Trao Group s\u1ebd ph\u1ea3n h\u1ed3i b\u1ea1n trong th\u1eddi gian s\u1edbm nh\u1ea5t.<\/p>\n\t\t<\/div>\n\t\t\t\t\t<\/div>\n\n\t\n<\/div>\n\t\t<\/div>\n\n\t\t\n<style>\n#section_1271098811 {\n  padding-top: 20px;\n  padding-bottom: 20px;\n  min-height: 300px;\n  background-color: rgb(255, 255, 255);\n}\n<\/style>\n\t<\/section>\n\t\n\n\t<section class=\"section\" id=\"section_1067750405\">\n\t\t<div class=\"section-bg fill\" >\n\t\t\t\t\t\t\t\t\t\n\t\t\t\n\n\t\t<\/div>\n\n\t\t\n\n\t\t<div class=\"section-content relative\">\n\t\t\t\n<div class=\"row row-large align-middle align-center\"  id=\"row-1564597453\">\n\n\t<div id=\"col-166754034\" class=\"col medium-6 small-12 large-6\"  >\n\t\t\t\t<div class=\"col-inner text-center\"  >\n\t\t\t\n\t\t\t\n<h2>N\u1ebfu b\u1ea1n l\u00e0 ph\u00f3ng vi\u00ean &#8230;<\/h2>\n<p>B\u1ea1n c\u00f3 th\u1ec3 tham kh\u1ea3o c\u00e1c b\u00e0i vi\u1ebft c\u00e1c b\u00e1o \u0111\u00e3 vi\u1ebft v\u1ec1 Trao t\u1ea1i m\u1ee5c <span style=\"text-decoration: underline;\"><a href=\"https:\/\/trao.com.vn\/en\/chuyen-muc\/tin-tuc\/ve-gieo\/bao-chi-va-gieo\/\">b\u00e1o ch\u00ed<\/a><\/span> \u0111\u1ec3 c\u00f3 th\u00eam th\u00f4ng tin. Sau \u0111\u00f3, b\u1ea1n c\u00f3 th\u1ec3 g\u1eedi b\u1ea3n y\u00eau c\u1ea7u cung c\u1ea5p th\u00f4ng tin ho\u1eb7c ph\u1ecfng v\u1ea5n t\u1ea1i <span style=\"text-decoration: underline;\"><a href=\"https:\/\/docs.google.com\/document\/d\/1GJ61FNc_BZvSVmMZoVheltbzcNNHF46MnbL6hEfPA68\/copy\" target=\"_blank\" rel=\"noopener\">link<\/a><\/span>. Sau \u0111\u00f3, b\u1ea1n c\u00f3 th\u1ec3 g\u1eedi b\u1ea3n th\u00f4ng tin n\u00e0y cho ch\u00fang t\u00f4i qua <span style=\"text-decoration: underline;\"><a href=\"https:\/\/m.me\/gieodieuky\">facebook Messenger<\/a><\/span>\u00a0ho\u1eb7c e-mail: <a href=\"mailto:dear.trao@gmail.com\">dear.trao@gmail.com<\/a>. Trao Group s\u1ebd ph\u1ea3n h\u1ed3i b\u1ea1n trong th\u1eddi gian s\u1edbm nh\u1ea5t.<\/p>\n\t\t<\/div>\n\t\t\t\t\t<\/div>\n\n\t\n\n\t<div id=\"col-910339724\" class=\"col medium-6 small-12 large-6\"  >\n\t\t\t\t<div class=\"col-inner box-shadow-2 box-shadow-5-hover\" style=\"background-color:rgb(255, 255, 255);\" >\n\t\t\t\n\t\t\t\n<div class=\"slider-wrapper relative\" id=\"slider-1316027380\" >\n    <div class=\"slider slider-nav-circle slider-nav-large slider-nav-light slider-style-normal\"\n        data-flickity-options='{            \"cellAlign\": \"center\",            \"imagesLoaded\": true,            \"lazyLoad\": 1,            \"freeScroll\": false,            \"wrapAround\": true,            \"autoPlay\": 6000,            \"pauseAutoPlayOnHover\" : true,            \"prevNextButtons\": true,            \"contain\" : true,            \"adaptiveHeight\" : true,            \"dragThreshold\" : 10,            \"percentPosition\": true,            \"pageDots\": true,            \"rightToLeft\": false,            \"draggable\": true,            \"selectedAttraction\": 0.1,            \"parallax\" : 0,            \"friction\": 0.6        }'\n        >\n        \n\t<div class=\"img has-hover x md-x lg-x y md-y lg-y\" id=\"image_214113417\">\n\t\t\t\t\t\t\t\t<div class=\"img-inner dark\" >\n\t\t\t<img loading=\"lazy\" decoding=\"async\" width=\"1020\" height=\"765\" src=\"https:\/\/trao.com.vn\/wp-content\/uploads\/2022\/07\/142459956_10157581453092077_4759368170813129000_n-1067x800.jpg\" class=\"attachment-large size-large\" alt=\"\" srcset=\"https:\/\/trao.com.vn\/wp-content\/uploads\/2022\/07\/142459956_10157581453092077_4759368170813129000_n-1067x800.jpg 1067w, https:\/\/trao.com.vn\/wp-content\/uploads\/2022\/07\/142459956_10157581453092077_4759368170813129000_n-533x400.jpg 533w, https:\/\/trao.com.vn\/wp-content\/uploads\/2022\/07\/142459956_10157581453092077_4759368170813129000_n-768x576.jpg 768w, https:\/\/trao.com.vn\/wp-content\/uploads\/2022\/07\/142459956_10157581453092077_4759368170813129000_n-1536x1152.jpg 1536w, https:\/\/trao.com.vn\/wp-content\/uploads\/2022\/07\/142459956_10157581453092077_4759368170813129000_n-600x450.jpg 600w, https:\/\/trao.com.vn\/wp-content\/uploads\/2022\/07\/142459956_10157581453092077_4759368170813129000_n.jpg 1920w\" sizes=\"auto, (max-width: 1020px) 100vw, 1020px\" title=\"\">\t\t\t\t\t\t\n\t\t\t\t\t<\/div>\n\t\t\t\t\t\t\t\t\n<style>\n#image_214113417 {\n  width: 100%;\n}\n<\/style>\n\t<\/div>\n\t\n\t<div class=\"img has-hover x md-x lg-x y md-y lg-y\" id=\"image_1196633677\">\n\t\t\t\t\t\t\t\t<div class=\"img-inner dark\" >\n\t\t\t<img loading=\"lazy\" decoding=\"async\" width=\"960\" height=\"466\" src=\"https:\/\/trao.com.vn\/wp-content\/uploads\/2020\/09\/Bao-Giay-Bao-Tuoi-Tre.jpg\" class=\"attachment-large size-large\" alt=\"\" srcset=\"https:\/\/trao.com.vn\/wp-content\/uploads\/2020\/09\/Bao-Giay-Bao-Tuoi-Tre.jpg 960w, https:\/\/trao.com.vn\/wp-content\/uploads\/2020\/09\/Bao-Giay-Bao-Tuoi-Tre-800x388.jpg 800w, https:\/\/trao.com.vn\/wp-content\/uploads\/2020\/09\/Bao-Giay-Bao-Tuoi-Tre-768x373.jpg 768w, https:\/\/trao.com.vn\/wp-content\/uploads\/2020\/09\/Bao-Giay-Bao-Tuoi-Tre-600x291.jpg 600w\" sizes=\"auto, (max-width: 960px) 100vw, 960px\" title=\"\">\t\t\t\t\t\t\n\t\t\t\t\t<\/div>\n\t\t\t\t\t\t\t\t\n<style>\n#image_1196633677 {\n  width: 100%;\n}\n<\/style>\n\t<\/div>\n\t\n\t<div class=\"img has-hover x md-x lg-x y md-y lg-y\" id=\"image_716921192\">\n\t\t\t\t\t\t\t\t<div class=\"img-inner dark\" >\n\t\t\t<img loading=\"lazy\" decoding=\"async\" width=\"702\" height=\"800\" src=\"https:\/\/trao.com.vn\/wp-content\/uploads\/2021\/12\/Gieo-that-nhieu-dieu-tot-lanh-702x800.jpg\" class=\"attachment-large size-large\" alt=\"\" srcset=\"https:\/\/trao.com.vn\/wp-content\/uploads\/2021\/12\/Gieo-that-nhieu-dieu-tot-lanh-702x800.jpg 702w, https:\/\/trao.com.vn\/wp-content\/uploads\/2021\/12\/Gieo-that-nhieu-dieu-tot-lanh-351x400.jpg 351w, https:\/\/trao.com.vn\/wp-content\/uploads\/2021\/12\/Gieo-that-nhieu-dieu-tot-lanh-768x875.jpg 768w, https:\/\/trao.com.vn\/wp-content\/uploads\/2021\/12\/Gieo-that-nhieu-dieu-tot-lanh-600x684.jpg 600w, https:\/\/trao.com.vn\/wp-content\/uploads\/2021\/12\/Gieo-that-nhieu-dieu-tot-lanh.jpg 895w\" sizes=\"auto, (max-width: 702px) 100vw, 702px\" title=\"\">\t\t\t\t\t\t\n\t\t\t\t\t<\/div>\n\t\t\t\t\t\t\t\t\n<style>\n#image_716921192 {\n  width: 100%;\n}\n<\/style>\n\t<\/div>\n\t\n     <\/div>\n\n     <div class=\"loading-spin dark large centered\"><\/div>\n\n\t<\/div>\n\n\n\t\t<\/div>\n\t\t\t\t\n<style>\n#col-910339724 > .col-inner {\n  padding: 15px 15px 15px 15px;\n}\n<\/style>\n\t<\/div>\n\n\t\n<\/div>\n\t\t<\/div>\n\n\t\t\n<style>\n#section_1067750405 {\n  padding-top: 20px;\n  padding-bottom: 20px;\n  min-height: 300px;\n  background-color: rgb(228, 228, 228);\n}\n<\/style>\n\t<\/section>\n\t\n\n\t<section class=\"section\" id=\"section_1369093868\">\n\t\t<div class=\"section-bg fill\" >\n\t\t\t\t\t\t\t\t\t\n\t\t\t\n\n\t\t<\/div>\n\n\t\t\n\n\t\t<div class=\"section-content relative\">\n\t\t\t\n<div class=\"row row-large align-middle align-center\"  id=\"row-1038987970\">\n\n\t<div id=\"col-1476559349\" class=\"col medium-6 small-12 large-6\"  >\n\t\t\t\t<div class=\"col-inner box-shadow-2 box-shadow-5-hover\" style=\"background-color:rgb(255, 255, 255);\" >\n\t\t\t\n\t\t\t\n<div class=\"slider-wrapper relative\" id=\"slider-1524191004\" >\n    <div class=\"slider slider-nav-circle slider-nav-large slider-nav-light slider-style-normal\"\n        data-flickity-options='{            \"cellAlign\": \"center\",            \"imagesLoaded\": true,            \"lazyLoad\": 1,            \"freeScroll\": false,            \"wrapAround\": true,            \"autoPlay\": 6000,            \"pauseAutoPlayOnHover\" : true,            \"prevNextButtons\": true,            \"contain\" : true,            \"adaptiveHeight\" : true,            \"dragThreshold\" : 10,            \"percentPosition\": true,            \"pageDots\": true,            \"rightToLeft\": false,            \"draggable\": true,            \"selectedAttraction\": 0.1,            \"parallax\" : 0,            \"friction\": 0.6        }'\n        >\n        \n\t<div class=\"img has-hover x md-x lg-x y md-y lg-y\" id=\"image_2146473329\">\n\t\t\t\t\t\t\t\t<div class=\"img-inner dark\" >\n\t\t\t<img loading=\"lazy\" decoding=\"async\" width=\"600\" height=\"496\" src=\"https:\/\/trao.com.vn\/wp-content\/uploads\/2023\/02\/conngtrao-600x496-1.jpg\" class=\"attachment-large size-large\" alt=\"\" srcset=\"https:\/\/trao.com.vn\/wp-content\/uploads\/2023\/02\/conngtrao-600x496-1.jpg 600w, https:\/\/trao.com.vn\/wp-content\/uploads\/2023\/02\/conngtrao-600x496-1-484x400.jpg 484w\" sizes=\"auto, (max-width: 600px) 100vw, 600px\" title=\"\">\t\t\t\t\t\t\n\t\t\t\t\t<\/div>\n\t\t\t\t\t\t\t\t\n<style>\n#image_2146473329 {\n  width: 100%;\n}\n<\/style>\n\t<\/div>\n\t\n     <\/div>\n\n     <div class=\"loading-spin dark large centered\"><\/div>\n\n\t<\/div>\n\n\n\t\t<\/div>\n\t\t\t\t\n<style>\n#col-1476559349 > .col-inner {\n  padding: 15px 15px 15px 15px;\n}\n<\/style>\n\t<\/div>\n\n\t\n\n\t<div id=\"col-398757462\" class=\"col medium-6 small-12 large-6 small-col-first\"  >\n\t\t\t\t<div class=\"col-inner text-center\"  >\n\t\t\t\n\t\t\t\n<h2>N\u1ebfu b\u1ea1n mu\u1ed1n tr\u1edf th\u00e0nh Traoer &#8230;<\/h2>\n<p>B\u1ea1n c\u00f3 th\u1ec3 xem th\u00eam th\u00f4ng tin t\u1ea1i chuy\u00ean trang tuy\u1ec3n d\u1ee5ng c\u1ee7a Trao t\u1ea1i <span style=\"text-decoration: underline;\"><a href=\"https:\/\/trao.com.vn\/en\/tuyen-dung\/\">link<\/a><\/span> r\u1ed3i l\u00e0m theo c\u00e1c b\u01b0\u1edbc \u0111\u01b0\u1ee3c h\u01b0\u1edbng d\u1eabn \u0111\u1ec3 n\u1ed9p h\u1ed3 s\u01a1 v\u00e0 gi\u1edbi thi\u1ec7u v\u1ec1 b\u1ea3n th\u00e2n m\u00ecnh.<\/p>\n\t\t<\/div>\n\t\t\t\t\t<\/div>\n\n\t\n<\/div>\n\t\t<\/div>\n\n\t\t\n<style>\n#section_1369093868 {\n  padding-top: 20px;\n  padding-bottom: 20px;\n  min-height: 300px;\n  background-color: rgb(255, 255, 255);\n}\n<\/style>\n\t<\/section>\n\t\n\t\t<\/div>\n\t\t\t\t\t<\/div>\n\n\t\n<\/div>\n<div class=\"message-box relative dark\" style=\"padding-top:15px;padding-bottom:15px;\"><div class=\"message-box-bg-image bg-fill fill\" ><\/div><div class=\"message-box-bg-overlay bg-fill fill\" style=\"background-color:rgb(151, 6, 6);\"><\/div><div class=\"container relative\"><div class=\"inner last-reset\">\n<div class=\"row align-middle align-center\"  id=\"row-57350270\">\n\n\t<div id=\"col-30839038\" class=\"col medium-10 small-12 large-10\"  >\n\t\t\t\t<div class=\"col-inner\"  >\n\t\t\t\n\t\t\t\n<p style=\"text-align: center;\"><span style=\"font-size: 120%;\">&#8220;T\u1ea1i sao c\u1ee9 ki\u1ebfm ti\u1ec1n m\u1edbi l\u00e0 chuy\u1ec7n nghi\u00eam t\u00fac c\u00f2n b\u00f4ng hoa m\u1edbi n\u1edf s\u00e1ng nay th\u00ec l\u1ea1i kh\u00f4ng?&#8221;<\/span><\/p>\n\t\t<\/div>\n\t\t\t\t\t<\/div>\n\n\t\n<\/div>\n<\/div><\/div><\/div>","protected":false},"excerpt":{"rendered":"","protected":false},"author":1,"featured_media":0,"parent":0,"menu_order":0,"comment_status":"closed","ping_status":"closed","template":"page-blank.php","meta":{"footnotes":""},"class_list":["post-11234","page","type-page","status-publish","hentry"],"_links":{"self":[{"href":"https:\/\/trao.com.vn\/en\/wp-json\/wp\/v2\/pages\/11234","targetHints":{"allow":["GET"]}}],"collection":[{"href":"https:\/\/trao.com.vn\/en\/wp-json\/wp\/v2\/pages"}],"about":[{"href":"https:\/\/trao.com.vn\/en\/wp-json\/wp\/v2\/types\/page"}],"author":[{"embeddable":true,"href":"https:\/\/trao.com.vn\/en\/wp-json\/wp\/v2\/users\/1"}],"replies":[{"embeddable":true,"href":"https:\/\/trao.com.vn\/en\/wp-json\/wp\/v2\/comments?post=11234"}],"version-history":[{"count":0,"href":"https:\/\/trao.com.vn\/en\/wp-json\/wp\/v2\/pages\/11234\/revisions"}],"wp:attachment":[{"href":"https:\/\/trao.com.vn\/en\/wp-json\/wp\/v2\/media?parent=11234"}],"curies":[{"name":"wp","href":"https:\/\/api.w.org\/{rel}","templated":true}]}}